{"id":48431,"date":"2024-03-29T14:22:35","date_gmt":"2024-03-29T12:22:35","guid":{"rendered":"https:\/\/ownpowr.com\/?post_type=product&#038;p=48431"},"modified":"2025-01-31T10:14:44","modified_gmt":"2025-01-31T08:14:44","slug":"blauhoff-home-15k-19-kwh-3-phase-systeem-slim-line-ip65","status":"publish","type":"product","link":"https:\/\/ownpowr.com\/hu\/product\/blauhoff-home-15k-19-kwh-3-fase-systeem-slim-line-ip65\/","title":{"rendered":"Blauhoff Home 15K\/19 kWh 3 f\u00e1zis\u00fa Systeem Slim Line IP65"},"content":{"rendered":"<p>Blauhoff Home 15K\/19kWh 3 f\u00e1zis\u00fa rendszer Slim Line IP65 17 cm v\u00e9kony k\u00fclt\u00e9ri\/k\u00fclt\u00e9ri !<br \/>\nA szuper v\u00e9kony Blauhoff Home 15K\/19kWh 3 f\u00e1zis\u00fa rendszer a neves Blauhoff m\u00e1rk\u00e1t\u00f3l megb\u00edzhat\u00f3 \u00e9s hat\u00e9kony energiat\u00e1rol\u00e1si megold\u00e1st k\u00edn\u00e1l a k\u00f6zepes fogyaszt\u00e1s\u00fa h\u00e1ztart\u00e1sok sz\u00e1m\u00e1ra.<br \/>\nEzzel a nagy teljes\u00edtm\u00e9ny\u0171 rendszerrel optimaliz\u00e1lhatja otthona energiahat\u00e9konys\u00e1g\u00e1t, cs\u00f6kkentheti a h\u00e1l\u00f3zatt\u00f3l val\u00f3 f\u00fcgg\u0151s\u00e9g\u00e9t, \u00e9s \u00e1ramkimarad\u00e1s eset\u00e9n v\u00e9szhelyzeti \u00e1ramell\u00e1t\u00e1st biztos\u00edthat.<br \/>\nEzenk\u00edv\u00fcl ez a rendszer ingyenes \u00f6sszeszerel\u00e9ssel j\u00e1r, ami biztos\u00edtja a probl\u00e9mamentes telep\u00edt\u00e9st.<br \/>\nKommunik\u00e1l dinamikus energi\u00e1val sz\u00fcks\u00e9g szerint el\u0151fizet\u00e9s n\u00e9lk\u00fcl \u00e9s mindig szabadon v\u00e1laszthat\u00f3 energiaszolg\u00e1ltat\u00f3val !<br \/>\nAz inverter hossza 780 mm, s\u00falya 33,6 kg.<br \/>\nAz inverter \u00e9s az akkumul\u00e1tor k\u00f6z\u00f6tti tov\u00e1bbi 300 mm-es k\u00e1bel lehet\u0151v\u00e9 teszi a rendszer optim\u00e1lis elhelyez\u00e9s\u00e9nek meghat\u00e1roz\u00e1s\u00e1t, biztos\u00edtva a hat\u00e9kony energia\u00e1tvitelt \u00e9s a minim\u00e1lis energiavesztes\u00e9get.<br \/>\nAz Blauhoff akkumul\u00e1torrendszer tart\u00f3s, rendk\u00edv\u00fcl kompakt \u00e9s lapos, m\u00e9retei 670 mm x 900 mm x 170 mm, s\u00falya pedig 90 kg.Az akkumul\u00e1tor kapacit\u00e1sa 19 kWh, \u00edgy t\u00e1rolhatja a napelemek vagy m\u00e1s energiaforr\u00e1sok \u00e1ltal termelt felesleges energi\u00e1t.Amikor nincs energiatermel\u00e9s, a t\u00e1rolt energi\u00e1t felhaszn\u00e1lhatja az energiafogyaszt\u00e1s fedez\u00e9s\u00e9re, cs\u00f6kkentve ezzel a h\u00e1l\u00f3zatt\u00f3l val\u00f3 f\u00fcgg\u0151s\u00e9get \u00e9s tov\u00e1bb cs\u00f6kkentve az energiak\u00f6lts\u00e9geket.Mindez a dinamikus energiaszerz\u0151d\u00e9ssel egy\u00fctt automatikusan megy, mint jelen. \u00edgy t\u00e9len \u00e9jszaka kihaszn\u00e1lhatja az olcs\u00f3 energi\u00e1t, \u00e9s eg\u00e9sz nap haszn\u00e1lhatja, ny\u00e1ron pedig d\u00e9lut\u00e1n ingyenes t\u00f6lt\u00e9st haszn\u00e1lhat, \u00e9s este haszn\u00e1lhatja, reggel vagy \u00e9jszaka pedig t\u00f6ltheti vele az aut\u00f3t.<br \/>\nA Home 15K\/19kWh 3 f\u00e1zis\u00fa rendszer olyan h\u00e1ztart\u00e1sok sz\u00e1m\u00e1ra aj\u00e1nlott, amelyek \u00e1tlagos \u00e9ves fogyaszt\u00e1sa k\u00f6r\u00fclbel\u00fcl 7300 kWh.15 kW teljes\u00edtm\u00e9ny\u00e9vel a megtermelt napenergia \u00e9s az akkumul\u00e1torban t\u00e1rolt energia seg\u00edts\u00e9g\u00e9vel fedezheti energiasz\u00fcks\u00e9glete jelent\u0151s r\u00e9sz\u00e9t.Ezen t\u00falmen\u0151en ez a rendszer v\u00e9szhelyzeti \u00e1ramell\u00e1t\u00e1st biztos\u00edt, \u00edgy a fontos eszk\u00f6z\u00f6k \u00e1ramkimarad\u00e1s eset\u00e9n is m\u0171k\u00f6dnek, \u00e9s a napi rutinok zavartalanul folytat\u00f3dhatnak.<br \/>\nAz Blauhoff Home 15K\/19kWh 3 f\u00e1zis\u00fa rendszer Slim Line a rugalmass\u00e1got szem el\u0151tt tartva lett tervezve.Gener\u00e1tor\/sz\u00e9lmalom csatlakoz\u00f3val rendelkezik, \u00edgy tov\u00e1bbi \u00e1ramforr\u00e1sokkal b\u0151v\u00edthet\u0151, \u00e9s tov\u00e1bb n\u00f6velheti energiaf\u00fcggetlens\u00e9g\u00e9t.A legal\u00e1bb 3x25A csatlakoz\u00e1ssal \u00e9s a 3 f\u00e1zis\u00fa konfigur\u00e1ci\u00f3khoz alkalmas, ez a rendszer kompatibilis a legt\u00f6bb h\u00e1ztart\u00e1si elektromos h\u00e1l\u00f3zattal.<br \/>\nAz ingyenes \u00f6sszeszerel\u00e9snek k\u00f6sz\u00f6nhet\u0151en sz\u00e1m\u00edthat a szakszer\u0171 telep\u00edt\u00e9sre, ami biztos\u00edtja, hogy a rendszer az els\u0151 pillanatt\u00f3l kezdve optim\u00e1lisan m\u0171k\u00f6dj\u00f6n, \u00e9s \u00d6n gondtalanul \u00e9lvezhesse az \u00e9lm\u00e9nyt.<br \/>\nV\u00e1ltson hat\u00e9konyabb \u00e9s fenntarthat\u00f3bb energiaell\u00e1t\u00e1sra az Blauhoff Home 15K\/19kWh 3 f\u00e1zis\u00fa rendszerrel. A nagy teljes\u00edtm\u00e9ny\u0171 energiat\u00e1rol\u00e1ssal, a tartal\u00e9k energi\u00e1val \u00e9s az energiaforr\u00e1sok rugalmass\u00e1g\u00e1val megb\u00edzhat\u00f3 \u00e1ramell\u00e1t\u00e1sra sz\u00e1m\u00edthat, k\u00f6lts\u00e9gmegtakar\u00edt\u00e1st realiz\u00e1lhat, \u00e9s cs\u00f6kkentheti sz\u00e9nl\u00e1bnyom\u00e1t. V\u00e1lassza az Blauhoff-t, \u00e9s k\u00e9sz\u00edtse fel otthon\u00e1t a j\u00f6v\u0151 energiasz\u00fcks\u00e9gleteire.<\/p>\n<p><a href=\"https:\/\/blauhoff.nl\/wp-content\/uploads\/2024\/02\/Datasheet-Blauhoff-RESS-HV-Slim-Line.pdf\" target=\"_blank\" rel=\"noopener\">Adatlap Blauhoff RESS HV Slim Line RESS HV Slim Line<\/a><\/p>\n<p>&nbsp;<\/p>","protected":false},"excerpt":{"rendered":"<p>Blauhoff Home 15K\/19kWh 3 f\u00e1zis\u00fa rendszer Slim Line IP65 17 cm v\u00e9kony k\u00fclt\u00e9ri\/k\u00fclt\u00e9ri ! A szuper v\u00e9kony Blauhoff Home 15K\/19kWh 3 f\u00e1zis\u00fa rendszer, a h\u00edres Blauhoff m\u00e1rk\u00e1t\u00f3l, [...]<\/p>","protected":false},"featured_media":48437,"template":"","meta":{"_seopress_robots_primary_cat":"none","_seopress_titles_title":"Slim Line Blauhoff Home 15K\/19kWh 3 Phase System for Efficient Homes","_seopress_titles_desc":"Upgrade your home with Blauhoff powerful and slim 3-phase system. Maximize energy efficiency, reduce grid dependence, and enjoy emergency power. Free assembly included!","_seopress_robots_index":"","_kad_blocks_custom_css":"","_kad_blocks_head_custom_js":"","_kad_blocks_body_custom_js":"","_kad_blocks_footer_custom_js":""},"product_cat":[17,19],"product_tag":[],"class_list":{"0":"post-48431","1":"product","2":"type-product","3":"status-publish","4":"has-post-thumbnail","6":"product_cat-home-batteries","7":"product_cat-sets-with-inverters","9":"first","10":"instock","11":"taxable","12":"shipping-taxable","13":"purchasable","14":"product-type-simple"},"taxonomy_info":{"product_cat":[{"value":17,"label":"Home batteries"},{"value":19,"label":"Sets with inverters"}]},"featured_image_src_large":["https:\/\/ownpowr.com\/wp-content\/uploads\/2024\/03\/3-phase-15k-battery-19kwh-1-480x480-1.png",480,480,false],"author_info":[],"comment_info":"","_links":{"self":[{"href":"https:\/\/ownpowr.com\/hu\/wp-json\/wp\/v2\/product\/48431","targetHints":{"allow":["GET"]}}],"collection":[{"href":"https:\/\/ownpowr.com\/hu\/wp-json\/wp\/v2\/product"}],"about":[{"href":"https:\/\/ownpowr.com\/hu\/wp-json\/wp\/v2\/types\/product"}],"wp:featuredmedia":[{"embeddable":true,"href":"https:\/\/ownpowr.com\/hu\/wp-json\/wp\/v2\/media\/48437"}],"wp:attachment":[{"href":"https:\/\/ownpowr.com\/hu\/wp-json\/wp\/v2\/media?parent=48431"}],"wp:term":[{"taxonomy":"product_cat","embeddable":true,"href":"https:\/\/ownpowr.com\/hu\/wp-json\/wp\/v2\/product_cat?post=48431"},{"taxonomy":"product_tag","embeddable":true,"href":"https:\/\/ownpowr.com\/hu\/wp-json\/wp\/v2\/product_tag?post=48431"}],"curies":[{"name":"wp","href":"https:\/\/api.w.org\/{rel}","templated":true}]}}