{"id":49941,"date":"2024-04-05T08:59:30","date_gmt":"2024-04-05T06:59:30","guid":{"rendered":"https:\/\/ownpowr.com\/?post_type=product&#038;p=49941"},"modified":"2025-03-28T13:11:33","modified_gmt":"2025-03-28T11:11:33","slug":"blauhoff-megapack-container-ess-3-85mwh","status":"publish","type":"product","link":"https:\/\/ownpowr.com\/hu\/product\/blauhoff-megapack-kontener-ess-3-85mwh\/","title":{"rendered":"Blauhoff MegaPack Container ESS 3.85MWh"},"content":{"rendered":"<p>Az Blauhoff Megapack Container ESS 3.85 egy kulcsrak\u00e9sz akkumul\u00e1tor-rendszer egy kont\u00e9nerben (\u00c1FA n\u00e9lk\u00fcli \u00e1r, szerel\u00e9s n\u00e9lk\u00fcl).<\/p>\n<p><strong>Alacsonyabb k\u00f6lts\u00e9g<\/strong><\/p>\n<p>K\u00f6nnyen telep\u00edthet\u0151 \u00e9s alacsony karbantart\u00e1si ig\u00e9ny\u0171<\/p>\n<p>Nagyobb cell\u00e1k , sok kWh ez\u00e9rt 50% er\u0151sebb, mint a hagyom\u00e1nyos megold\u00e1sok \u00e9s kompaktabb<\/p>\n<p><strong>Jav\u00edtott hat\u00e9konys\u00e1g<\/strong><\/p>\n<p>Az 1500V-os platform alapj\u00e1n az egyen\u00e1ram\u00fa oldal hat\u00e9konys\u00e1ga 93%.<\/p>\n<p>A C4H szabv\u00e1nyos korr\u00f3zi\u00f3g\u00e1tl\u00f3 tart\u00e1ly \u00e9lettartama legal\u00e1bb 15 \u00e9v.<\/p>\n<p><strong>Biztons\u00e1gos<\/strong><\/p>\n<p>A t\u00f6bbsz\u00f6r\u00f6s kiegyens\u00falyoz\u00e1s biztos\u00edtja a biztons\u00e1gos \u00e9s hossz\u00fa akkumul\u00e1tor-\u00e9lettartamot<\/p>\n<p>Integr\u00e1lt g\u00e1z- \u00e9s v\u00edzolt\u00f3 rendszerek biztos\u00edtj\u00e1k a biztons\u00e1got sz\u00e9ls\u0151s\u00e9ges k\u00f6r\u00fclm\u00e9nyek k\u00f6z\u00f6tt is<\/p>\n<p><strong>Smart<\/strong><\/p>\n<p>Icloud AI val\u00f3s idej\u0171 megfigyel\u00e9s<\/p>\n<p><strong>J\u00f3v\u00e1hagy\u00e1sok<\/strong><\/p>\n<p>CE-LVD:EN IEC62477-1, CE-EMC:EN IEC61000-6-2 , EN IEC 61000-6-4, UKCA: EN IEC 62477-1<\/p>\n<p>IEC62619-2022 (Funkci\u00f3biztons\u00e1g IEC UL 60730-1 H mell\u00e9klet, bele\u00e9rtve a cell\u00e1t is)<\/p>\n<p>IEC 63056:2020<\/p>\n<p>NFPA855, Fcc-ID, UL1973:2022, UL9540A egys\u00e9g<\/p>\n<p>VDE4100<\/p>\n<p>&nbsp;<\/p>","protected":false},"excerpt":{"rendered":"<p>Az Blauhoff Megapack Container ESS 3.85 egy kulcsrak\u00e9sz akkumul\u00e1tor-rendszer egy kont\u00e9nerben (\u00c1FA n\u00e9lk\u00fcli \u00e1r, szerel\u00e9s n\u00e9lk\u00fcl). Alacsonyabb k\u00f6lts\u00e9g K\u00f6nnyen telep\u00edthet\u0151 \u00e9s alacsony karbantart\u00e1si ig\u00e9ny Nagyobb cell\u00e1k , [...]<\/p>","protected":false},"featured_media":214720,"template":"","meta":{"_seopress_robots_primary_cat":"none","_seopress_titles_title":"Blauhoff Megapack ESS 3.85MWh: High-Efficiency, Low-Cost, Battery System","_seopress_titles_desc":"Discover Blauhoff Megapack ESS 3.85 MWh container system - 50% stronger, efficient, safe, and smart with AI monitoring. Easy to install, low maintenance.","_seopress_robots_index":"","_kad_blocks_custom_css":"","_kad_blocks_head_custom_js":"","_kad_blocks_body_custom_js":"","_kad_blocks_footer_custom_js":""},"product_cat":[17],"product_tag":[],"class_list":{"0":"post-49941","1":"product","2":"type-product","3":"status-publish","4":"has-post-thumbnail","6":"product_cat-home-batteries","8":"first","9":"instock","10":"sale","11":"taxable","12":"shipping-taxable","13":"purchasable","14":"product-type-simple"},"taxonomy_info":{"product_cat":[{"value":17,"label":"Home batteries"}]},"featured_image_src_large":["https:\/\/ownpowr.com\/wp-content\/uploads\/2024\/04\/blauhoff-megawatt-420x420-1.jpg",420,420,false],"author_info":[],"comment_info":"","_links":{"self":[{"href":"https:\/\/ownpowr.com\/hu\/wp-json\/wp\/v2\/product\/49941","targetHints":{"allow":["GET"]}}],"collection":[{"href":"https:\/\/ownpowr.com\/hu\/wp-json\/wp\/v2\/product"}],"about":[{"href":"https:\/\/ownpowr.com\/hu\/wp-json\/wp\/v2\/types\/product"}],"wp:featuredmedia":[{"embeddable":true,"href":"https:\/\/ownpowr.com\/hu\/wp-json\/wp\/v2\/media\/214720"}],"wp:attachment":[{"href":"https:\/\/ownpowr.com\/hu\/wp-json\/wp\/v2\/media?parent=49941"}],"wp:term":[{"taxonomy":"product_cat","embeddable":true,"href":"https:\/\/ownpowr.com\/hu\/wp-json\/wp\/v2\/product_cat?post=49941"},{"taxonomy":"product_tag","embeddable":true,"href":"https:\/\/ownpowr.com\/hu\/wp-json\/wp\/v2\/product_tag?post=49941"}],"curies":[{"name":"wp","href":"https:\/\/api.w.org\/{rel}","templated":true}]}}