{"id":506,"date":"2023-10-04T16:37:56","date_gmt":"2023-10-04T14:37:56","guid":{"rendered":"https:\/\/ownpowr.com\/product\/growatt-1ph-hybrid-inverter-sph6000\/"},"modified":"2025-03-27T13:31:36","modified_gmt":"2025-03-27T11:31:36","slug":"growatt-1ph-hybrid-inverter-sph6000","status":"publish","type":"product","link":"https:\/\/ownpowr.com\/hu\/product\/growatt-1ph-hibrid-inverter-sph6000\/","title":{"rendered":"Growatt 1PH hibrid inverter SPH6000 nem N\u00e9metorsz\u00e1g sz\u00e1m\u00e1ra"},"content":{"rendered":"<p>Az Growatt SPH6000 hibrid inverter legfeljebb 4000Wp teljes\u00edtm\u00e9ny\u0171 PV-rendszerekkel kompatibilis. A hibrid invertert akkumul\u00e1torokban t\u00f6rt\u00e9n\u0151 energiat\u00e1rol\u00e1sra tervezt\u00e9k. Az akkumul\u00e1torok k\u00fcl\u00f6n rendelhet\u0151k, \u00e9s nem tartoznak az alapfelszerelts\u00e9ghez. Ezzel a k\u00e9nyelmes rendszerrel a PV rendszer nem f\u00fcgg a h\u00e1l\u00f3zatt\u00f3l, \u00e9s k\u00e9pes gondoskodni mag\u00e1r\u00f3l A rendszer akkumul\u00e1tor n\u00e9lk\u00fcl is m\u0171k\u00f6d\u0151k\u00e9pes, \u00e9s lehet\u0151s\u00e9g van a h\u00e1l\u00f3zatra val\u00f3 csatlakoz\u00e1sra.<\/p>\n<p>Az akkumul\u00e1tor-inverter 2 MPPT-t tartalmaz, \u00edgy \u00f6sszesen 2 string csatlakoztathat\u00f3 hozz\u00e1<\/p>\n<p><strong>Csendes inverter<\/strong><br \/>\nAz Growatt SPH6000 inverter nem tartalmaz ventil\u00e1tort \u00e9s transzform\u00e1tort, \u00edgy nagyon csendes. Ez teszi a hibrid invertert t\u00f6k\u00e9letess\u00e9 a lakoss\u00e1gi telep\u00edt\u00e9sekhez Az inverter term\u00e9szetes h\u0171t\u00e9st haszn\u00e1l, ami extra hossz\u00fa \u00e9lettartamot biztos\u00edt.<\/p>\n<p><strong>Hozam<\/strong><br \/>\nAz SPH6000 maxim\u00e1lis hat\u00e1sfoka 97,5% Ez lehet\u0151v\u00e9 teszi, hogy az inverter maxim\u00e1lis energiahozamot \u00e9rjen el. Az inverter az egyik legkelend\u0151bb inverter vil\u00e1gszerte.<\/p>\n<p><strong>Growatt online szolg\u00e1ltat\u00e1s<\/strong><br \/>\nAz inverter stabil fel\u00fcgyeleti eszk\u00f6z\u00f6ket tartalmaz, mint p\u00e9ld\u00e1ul LAN, WiFi vagy RF\/UTP ( Shinelink) kombin\u00e1ci\u00f3ja.Az Growatt online intelligens szolg\u00e1ltat\u00e1st k\u00edn\u00e1l a m\u0171szaki probl\u00e9m\u00e1k \u00e9s friss\u00edt\u00e9sek t\u00e1voli elv\u00e9gz\u00e9s\u00e9hez. Ez jav\u00edtja az inverter egyszer\u0171 haszn\u00e1lat\u00e1t \u00e9s hat\u00e9konys\u00e1g\u00e1t. Ezek a funkci\u00f3k \u00e9s szolg\u00e1ltat\u00e1sok jobb v\u00e1laszt\u00e1ss\u00e1 teszik az invertert az \u00d6n PV-rendszer\u00e9hez.<\/p>\n<p><a href=\"https:\/\/storeyourownpower.com\/wp-content\/uploads\/2022\/11\/Datasheet-Growatt-SPH6000.pdf\" target=\"_blank\" rel=\"noopener\">Adatlap Growatt SPH6000<\/a><\/p>","protected":false},"excerpt":{"rendered":"<p>Az Growatt SPH6000 hibrid inverter legfeljebb 4000Wp teljes\u00edtm\u00e9ny\u0171 PV-rendszerekkel kompatibilis. A hibrid invertert akkumul\u00e1torokban t\u00f6rt\u00e9n\u0151 energiat\u00e1rol\u00e1sra tervezt\u00e9k. Az akkumul\u00e1torok k\u00fcl\u00f6n rendelhet\u0151k \u00e9s [...]<\/p>","protected":false},"featured_media":507,"template":"","meta":{"_seopress_robots_primary_cat":"none","_seopress_titles_title":"Growatt SPH6000 Hybrid Inverter: Efficient and Silent with Battery Compatibility","_seopress_titles_desc":"Maximize your energy yield with this silent, efficient inverter. Connect to the grid or store power in batteries for a self-sufficient system. Enjoy reliable monitoring and remote updates with Growatt's online service.","_seopress_robots_index":"","_kad_blocks_custom_css":"","_kad_blocks_head_custom_js":"","_kad_blocks_body_custom_js":"","_kad_blocks_footer_custom_js":""},"product_cat":[18],"product_tag":[],"class_list":{"0":"post-506","1":"product","2":"type-product","3":"status-publish","4":"has-post-thumbnail","6":"product_cat-hybrid-inverters","8":"first","9":"instock","10":"sale","11":"taxable","12":"shipping-taxable","13":"purchasable","14":"product-type-simple"},"taxonomy_info":{"product_cat":[{"value":18,"label":"Hybrid inverters"}]},"featured_image_src_large":["https:\/\/ownpowr.com\/wp-content\/uploads\/2022\/11\/Growatt_SPH_3000_6000_d63d-1024x1024.webp",1024,1024,true],"author_info":[],"comment_info":"","_links":{"self":[{"href":"https:\/\/ownpowr.com\/hu\/wp-json\/wp\/v2\/product\/506","targetHints":{"allow":["GET"]}}],"collection":[{"href":"https:\/\/ownpowr.com\/hu\/wp-json\/wp\/v2\/product"}],"about":[{"href":"https:\/\/ownpowr.com\/hu\/wp-json\/wp\/v2\/types\/product"}],"wp:featuredmedia":[{"embeddable":true,"href":"https:\/\/ownpowr.com\/hu\/wp-json\/wp\/v2\/media\/507"}],"wp:attachment":[{"href":"https:\/\/ownpowr.com\/hu\/wp-json\/wp\/v2\/media?parent=506"}],"wp:term":[{"taxonomy":"product_cat","embeddable":true,"href":"https:\/\/ownpowr.com\/hu\/wp-json\/wp\/v2\/product_cat?post=506"},{"taxonomy":"product_tag","embeddable":true,"href":"https:\/\/ownpowr.com\/hu\/wp-json\/wp\/v2\/product_tag?post=506"}],"curies":[{"name":"wp","href":"https:\/\/api.w.org\/{rel}","templated":true}]}}