{"id":533,"date":"2023-10-05T01:24:52","date_gmt":"2023-10-04T23:24:52","guid":{"rendered":"https:\/\/ownpowr.com\/product\/pylontech-force-l1-bmu\/"},"modified":"2025-12-02T13:00:29","modified_gmt":"2025-12-02T11:00:29","slug":"pylontech-force-l1-bmu","status":"publish","type":"product","link":"https:\/\/ownpowr.com\/hu\/product\/pylontech-force-l1-bmu\/","title":{"rendered":"Pylontech er\u0151 L1 BMU"},"content":{"rendered":"<div class=\"details-description\">\n<p>Pylontech force L1 BMU . Kommunik\u00e1ci\u00f3s egys\u00e9g a Force L1 akkumul\u00e1tor \u00e9s az inverter k\u00f6z\u00f6tt. Halmazonk\u00e9nt 1 BMU sz\u00fcks\u00e9ges<\/p>\n<\/div>\n<p><b>Pylontech<\/b>\u00a0Force L1 BMU B\u00e1zis akkumul\u00e1tor-kezel\u0151 egys\u00e9g Force L1 akkumul\u00e1torokhoz<\/p>\n<p><strong>\u2714 Kommunik\u00e1ci\u00f3s egys\u00e9g a Force L1 akkumul\u00e1tor \u00e9s az inverter k\u00f6z\u00f6tt<\/strong><\/p>\n<ul>\n<li><a title=\"Adatlap Pylontech Force L1 ua49cnkhfdzvjfaf4qu0 doc link\" href=\"https:\/\/res.cloudinary.com\/gpceurope\/image\/upload\/v1620308234\/ua49cnkhfdzvjfaf4qu0.pdf\" target=\"_blank\" rel=\"noopener\">\u00a0Adatlap Pylontech Force L1<\/a><\/li>\n<li><a title=\"Pylontech kompatibilis inverter lista sqj3mzwd9xmrghgwvzcr doc link\" href=\"https:\/\/res.cloudinary.com\/gpceurope\/image\/upload\/v1631621929\/sqj3mzwd9xmrghgwvzcr.pdf\" target=\"_blank\" rel=\"noopener\">\u00a0Pylontech kompatibilis inverter lista<\/a><\/li>\n<li><a title=\"Telep\u00edt\u00e9si k\u00e9zik\u00f6nyv Pylontech Force L1 ugma3ove23eodsicsvj5 doc link\" href=\"https:\/\/res.cloudinary.com\/gpceurope\/image\/upload\/v1620308257\/ugma3ove23eodsicsvj5.pdf\" target=\"_blank\" rel=\"noopener\">\u00a0Telep\u00edt\u00e9si k\u00e9zik\u00f6nyv Pylontech Force L1<\/a><\/li>\n<li><a title=\"Korl\u00e1tozott j\u00f3t\u00e1ll\u00e1s rj7tx3hkrhlsy5uxnq9p doc link\" href=\"https:\/\/res.cloudinary.com\/gpceurope\/image\/upload\/v1645347306\/rj7tx3hkrhlsy5uxnq9p.pdf\" target=\"_blank\" rel=\"noopener\">\u00a0Korl\u00e1tozott j\u00f3t\u00e1ll\u00e1s<\/a><\/li>\n<\/ul>","protected":false},"excerpt":{"rendered":"<p>Pylontech force L1 BMU . Kommunik\u00e1ci\u00f3s egys\u00e9g az Force L1 akkumul\u00e1tor \u00e9s az inverter k\u00f6z\u00f6tt. Halmazonk\u00e9nt 1 BMU sz\u00fcks\u00e9ges Pylontech Force L1 BMU B\u00e1zisakkumul\u00e1tor-kezel\u0151 egys\u00e9g az Force L1 [...]<\/p>","protected":false},"featured_media":534,"template":"","meta":{"_seopress_robots_primary_cat":"none","_seopress_titles_title":"Pylontech Force L1 BMU: Communication unit for battery and inverter","_seopress_titles_desc":"Get the Pylontech Force L1 BMU, the communication unit between your Force L1 battery and inverter. Check out the datasheet, compatible inverters, installation manual, and limited warranty.","_seopress_robots_index":"","_kad_blocks_custom_css":"","_kad_blocks_head_custom_js":"","_kad_blocks_body_custom_js":"","_kad_blocks_footer_custom_js":""},"product_cat":[17],"product_tag":[],"class_list":{"0":"post-533","1":"product","2":"type-product","3":"status-publish","4":"has-post-thumbnail","6":"product_cat-home-batteries","8":"first","9":"instock","10":"taxable","11":"shipping-taxable","12":"purchasable","13":"product-type-simple"},"taxonomy_info":{"product_cat":[{"value":17,"label":"Home batteries"}]},"featured_image_src_large":["https:\/\/ownpowr.com\/wp-content\/uploads\/2022\/11\/Pylontech-Force-L1-10467-img.jpeg",414,122,false],"author_info":[],"comment_info":"","_links":{"self":[{"href":"https:\/\/ownpowr.com\/hu\/wp-json\/wp\/v2\/product\/533","targetHints":{"allow":["GET"]}}],"collection":[{"href":"https:\/\/ownpowr.com\/hu\/wp-json\/wp\/v2\/product"}],"about":[{"href":"https:\/\/ownpowr.com\/hu\/wp-json\/wp\/v2\/types\/product"}],"wp:featuredmedia":[{"embeddable":true,"href":"https:\/\/ownpowr.com\/hu\/wp-json\/wp\/v2\/media\/534"}],"wp:attachment":[{"href":"https:\/\/ownpowr.com\/hu\/wp-json\/wp\/v2\/media?parent=533"}],"wp:term":[{"taxonomy":"product_cat","embeddable":true,"href":"https:\/\/ownpowr.com\/hu\/wp-json\/wp\/v2\/product_cat?post=533"},{"taxonomy":"product_tag","embeddable":true,"href":"https:\/\/ownpowr.com\/hu\/wp-json\/wp\/v2\/product_tag?post=533"}],"curies":[{"name":"wp","href":"https:\/\/api.w.org\/{rel}","templated":true}]}}