{"id":545,"date":"2023-10-04T16:37:39","date_gmt":"2023-10-04T14:37:39","guid":{"rendered":"https:\/\/ownpowr.com\/product\/encharge-3t-35-kwh\/"},"modified":"2025-03-20T13:35:02","modified_gmt":"2025-03-20T11:35:02","slug":"encharge-3t-35-kwh","status":"publish","type":"product","link":"https:\/\/ownpowr.com\/hu\/product\/encharge-3t-35-kwh\/","title":{"rendered":"Enphase Encharge 3T csak a fedezet"},"content":{"rendered":"<p>Enphase Encharge 3T 15 \u00e9v garanci\u00e1val<\/p>\n<p>Fontos megjegyz\u00e9s: Telep\u00edt\u0151i tan\u00fas\u00edtv\u00e1ny sz\u00fcks\u00e9ges! K\u00e9rj\u00fck, l\u00e1togasson el az Enphase Egyetemre a tan\u00fas\u00edtv\u00e1ny megszerz\u00e9s\u00e9hez.<\/p>\n<p>Enphase IQ Battery 3T\/10T jellemz\u0151k:<\/p>\n<ul>\n<li>Teljesen integr\u00e1lt AC akkumul\u00e1toros rendszer be\u00e9p\u00edtett IQ 8X-BAT mikroinverterekkel.<\/li>\n<li>Z\u00f6kken\u0151mentes csatlakoztat\u00e1s a szabv\u00e1nyos h\u00e1ztart\u00e1si berendez\u00e9sek v\u00e1ltakoz\u00f3 \u00e1ram\u00fa h\u00e1l\u00f3zat\u00e1hoz.<\/li>\n<li>A felhaszn\u00e1l\u00f3 ig\u00e9nyeihez igaz\u00edtott optim\u00e1lis rendszerbe\u00e1ll\u00edt\u00e1sok.<\/li>\n<li>K\u00e9nyelmes vez\u00e9rl\u00e9s \u00e9s fel\u00fcgyelet mobilalkalmaz\u00e1son kereszt\u00fcl.<\/li>\n<li>Passz\u00edv h\u0171t\u00e9si kialak\u00edt\u00e1s (nincsenek mozg\u00f3 alkatr\u00e9szek vagy ventil\u00e1torok).<\/li>\n<li>Hossz\u00fa \u00e9lettartam\u00fa teljes\u00edtm\u00e9ny 10 \u00e9v garanci\u00e1val.<\/li>\n<\/ul>\n<p>Felh\u00edvjuk figyelm\u00e9t, hogy az akkumul\u00e1torok beszerel\u00e9s\u00e9hez k\u00f6telez\u0151 a szerel\u0151i tan\u00fas\u00edtv\u00e1ny. A tan\u00fas\u00edt\u00e1s r\u00e9szletei\u00e9rt forduljon az Enphase \u00fcgyf\u00e9lmenedzser\u00e9hez.<\/p>\n<p>Sz\u00fcks\u00e9ges eszk\u00f6z: Enphase IQ Gateway-S Metered.<\/p>\n<p>Az Enphase IQ 3T 3,5 kWh teljes t\u00e1rol\u00f3kapacit\u00e1st k\u00edn\u00e1l, \u00e9s n\u00e9gy integr\u00e1lt mikroinvertert tartalmaz, amelyek egy\u00fcttes teljes\u00edtm\u00e9nye 1,28 kW.<\/p>\n<p>A telep\u00edt\u0151k hat\u00e9konyan tervezhetnek olyan rendszereket, amelyek megfelelnek mind az \u00faj \u00fcgyfelek, mind a m\u00e1r megl\u00e9v\u0151 napelemes berendez\u00e9sekkel rendelkez\u0151 \u00fcgyfelek energiaig\u00e9nyeinek.<\/p>\n<p>Az Encharge 3T akkumul\u00e1tort\u00e1rol\u00f3 rendszer integr\u00e1lt Enphase IQ sorozat\u00fa mikroinvertereket \u00e9s egy akkumul\u00e1torkezel\u0151 egys\u00e9get (BMU) tartalmaz.<\/p>\n<p>Csomag tartalma:<\/p>\n<ul>\n<li>1x Encharge 3T alapegys\u00e9g (ENP-B03-T01-INT00-1-2)<\/li>\n<li>1x Encharge 3T fed\u00e9lk\u00e9szlet tartoz\u00e9kokkal (ENP-B03T-C-0430-O)<\/li>\n<\/ul>\n<p><strong>Tov\u00e1bbi inform\u00e1ci\u00f3:<\/strong><\/p>\n<ul>\n<li><a href=\"https:\/\/storeyourownpower.com\/wp-content\/uploads\/2022\/12\/Datenblatt-German-Encharge-3T.pdf\" target=\"_blank\" rel=\"noopener\">Datenblatt n\u00e9met Encharge 3T<\/a><\/li>\n<li><a href=\"https:\/\/storeyourownpower.com\/wp-content\/uploads\/2022\/12\/Datasheet-English-Encharge-3T.pdf\" target=\"_blank\" rel=\"noopener\">Adatlap angol Encharge 3T<\/a><\/li>\n<li><a href=\"https:\/\/storeyourownpower.com\/wp-content\/uploads\/2022\/12\/Warranty-terms-English-Encharge-3T.pdf\" target=\"_blank\" rel=\"noopener\">Garanci\u00e1lis felt\u00e9telek angol Encharge 3T<\/a><\/li>\n<li><a href=\"https:\/\/storeyourownpower.com\/wp-content\/uploads\/2022\/12\/Warranty-terms-German-Encharge-3T.pdf\" target=\"_blank\" rel=\"noopener\">Garanci\u00e1lis felt\u00e9telek N\u00e9met Encharge 3T<\/a><\/li>\n<li><a href=\"https:\/\/storeyourownpower.com\/wp-content\/uploads\/2022\/12\/Mounting-instructions-English-Encharge-3T.pdf\" target=\"_blank\" rel=\"noopener\">Szerel\u00e9si \u00fatmutat\u00f3 angol Encharge 3T<\/a><\/li>\n<\/ul>","protected":false},"excerpt":{"rendered":"<p>15 \u00e9v garancia ebben az \u00e1rban !<\/p>","protected":false},"featured_media":546,"template":"","meta":{"_seopress_robots_primary_cat":"none","_seopress_titles_title":"Enphase Encharge 3T: Long-lasting battery storage system with integrated microinverters and warranty","_seopress_titles_desc":"Installer certification required! Optimal AC battery system with mobile app control, passive cooling, and 10-year warranty. Get certified at Enphase University.","_seopress_robots_index":"","_kad_blocks_custom_css":"","_kad_blocks_head_custom_js":"","_kad_blocks_body_custom_js":"","_kad_blocks_footer_custom_js":""},"product_cat":[17],"product_tag":[],"class_list":{"0":"post-545","1":"product","2":"type-product","3":"status-publish","4":"has-post-thumbnail","6":"product_cat-home-batteries","8":"first","9":"instock","10":"sale","11":"taxable","12":"shipping-taxable","13":"purchasable","14":"product-type-simple"},"taxonomy_info":{"product_cat":[{"value":17,"label":"Home batteries"}]},"featured_image_src_large":["https:\/\/ownpowr.com\/wp-content\/uploads\/2022\/12\/1-8-2-6-18265324d3fe1b03cc0df847668d9c62cbe673aa_det_bp_ee_encharge_3t-jpg_600x600@2x.jpeg",600,540,false],"author_info":[],"comment_info":"","_links":{"self":[{"href":"https:\/\/ownpowr.com\/hu\/wp-json\/wp\/v2\/product\/545","targetHints":{"allow":["GET"]}}],"collection":[{"href":"https:\/\/ownpowr.com\/hu\/wp-json\/wp\/v2\/product"}],"about":[{"href":"https:\/\/ownpowr.com\/hu\/wp-json\/wp\/v2\/types\/product"}],"wp:featuredmedia":[{"embeddable":true,"href":"https:\/\/ownpowr.com\/hu\/wp-json\/wp\/v2\/media\/546"}],"wp:attachment":[{"href":"https:\/\/ownpowr.com\/hu\/wp-json\/wp\/v2\/media?parent=545"}],"wp:term":[{"taxonomy":"product_cat","embeddable":true,"href":"https:\/\/ownpowr.com\/hu\/wp-json\/wp\/v2\/product_cat?post=545"},{"taxonomy":"product_tag","embeddable":true,"href":"https:\/\/ownpowr.com\/hu\/wp-json\/wp\/v2\/product_tag?post=545"}],"curies":[{"name":"wp","href":"https:\/\/api.w.org\/{rel}","templated":true}]}}