{"id":549,"date":"2022-12-01T12:58:41","date_gmt":"2022-12-01T10:58:41","guid":{"rendered":"https:\/\/ownpowr.com\/product\/sungrow-sh10-0rt-v112\/"},"modified":"2025-03-30T21:03:00","modified_gmt":"2025-03-30T19:03:00","slug":"sungrow-sh10-0rt-v112","status":"publish","type":"product","link":"https:\/\/ownpowr.com\/hu\/product\/sungrow-sh10-0rt-v112\/","title":{"rendered":"Sungrow Hibrid inverter SH10.0RT 10 kW"},"content":{"rendered":"<p>Sungrow SH10.0RT-V112<\/p>\n<p>Rugalmas alkalmaz\u00e1s:<\/p>\n<p>- 150-600V sz\u00e9les akkumul\u00e1tor fesz\u00fclts\u00e9gtartom\u00e1ny<\/p>\n<p>- T\u00e1mogatja a p\u00e1rhuzamos csatlakoz\u00e1st master-slave vez\u00e9rl\u00e9ssel<\/p>\n<p>- Biztos\u00edtja az 100% teljes\u00edtm\u00e9ny\u00e9t a kiegyens\u00falyozatlan terhel\u00e9sek sz\u00e1m\u00e1ra tartal\u00e9k \u00fczemm\u00f3dban.<\/p>\n<p>Intelligens menedzsment:<\/p>\n<p>- Nagy \u00f6nfogyaszt\u00e1s az optimaliz\u00e1lt be\u00e9p\u00edtett EMS-sel<\/p>\n<p>- Ingyenes online fel\u00fcgyelet a v\u00e9gfelhaszn\u00e1l\u00f3, a telep\u00edt\u0151 \u00e9s a kiskeresked\u0151 energiagazd\u00e1lkod\u00e1s\u00e1nak jav\u00edt\u00e1sa \u00e9rdek\u00e9ben<\/p>\n<p>- T\u00e1voli firmware-friss\u00edt\u00e9s \u00e9s testreszabhat\u00f3 be\u00e1ll\u00edt\u00e1sok<\/p>\n<p>Energiaf\u00fcggetlens\u00e9g:<\/p>\n<p>- Z\u00f6kken\u0151mentes \u00e1tmenet tartal\u00e9k \u00fczemm\u00f3dba az \u00e1ramkimarad\u00e1sok elleni v\u00e9delem \u00e9rdek\u00e9ben<\/p>\n<p>- Gyors t\u00f6lt\u00e9s \/ kis\u00fct\u00e9s a nagyobb fogyaszt\u00e1s ig\u00e9nyeinek kiel\u00e9g\u00edt\u00e9s\u00e9re<\/p>\n<p>Egyszer\u0171 telep\u00edt\u00e9s:<\/p>\n<p>- Egyedi push-in csatlakoz\u00f3k az id\u0151takar\u00e9kos telep\u00edt\u00e9shez<\/p>\n<p>- \u00c9rint\u00e9smentes \u00fczembe helyez\u00e9s okostelefonnal<\/p>\n<p>- K\u00f6nny\u0171 \u00e9s kompakt<\/p>\n<p><a href=\"https:\/\/storeyourownpower.com\/wp-content\/uploads\/2022\/12\/Datasheet-English-2.pdf\" target=\"_blank\" rel=\"noopener\">Adatlap angol<\/a><br \/>\n<a href=\"https:\/\/storeyourownpower.com\/wp-content\/uploads\/2022\/12\/Datasheet-German-2.pdf\" target=\"_blank\" rel=\"noopener\">Adatlap n\u00e9met<\/a><br \/>\n<a href=\"https:\/\/storeyourownpower.com\/wp-content\/uploads\/2022\/11\/DE-FS-SHRT-und-SBR-Unterschiede-und-Kompatibilita\u0308t-Versionen.pdf\" target=\"_blank\" rel=\"noopener\">Az SHRT \u00e9s SBR verzi\u00f3k k\u00fcl\u00f6nbs\u00e9gei \u00e9s kompatibilit\u00e1sa<\/a><\/p>","protected":false},"excerpt":{"rendered":"<p>Sungrow SH10.0RT-V112 Rugalmas alkalmaz\u00e1s: - 150-600V sz\u00e9les akkumul\u00e1tor fesz\u00fclts\u00e9gtartom\u00e1ny - T\u00e1mogatja a p\u00e1rhuzamos csatlakoz\u00e1st a master-slave vez\u00e9rl\u00e9ssel - Biztos\u00edtja az 100% teljes\u00edtm\u00e9nyt a kiegyens\u00falyozatlan terhel\u00e9sek sz\u00e1m\u00e1ra tartal\u00e9k \u00fczemm\u00f3dban Intelligens menedzsment: - [...]<\/p>","protected":false},"featured_media":550,"template":"","meta":{"_seopress_robots_primary_cat":"none","_seopress_titles_title":"Sungrow SH10.0RT-V112: Flexible Application, Smart Management, Energy Independence, Easy Installation","_seopress_titles_desc":"Discover the Sungrow SH10.0RT-V112 with wide battery voltage range, smart management features, seamless backup mode, and easy installation for energy independence.","_seopress_robots_index":"","_kad_blocks_custom_css":"","_kad_blocks_head_custom_js":"","_kad_blocks_body_custom_js":"","_kad_blocks_footer_custom_js":""},"product_cat":[18],"product_tag":[],"class_list":{"0":"post-549","1":"product","2":"type-product","3":"status-publish","4":"has-post-thumbnail","6":"product_cat-hybrid-inverters","8":"first","9":"outofstock","10":"sale","11":"taxable","12":"shipping-taxable","13":"purchasable","14":"product-type-simple"},"taxonomy_info":{"product_cat":[{"value":18,"label":"Hybrid inverters"}]},"featured_image_src_large":["https:\/\/ownpowr.com\/wp-content\/uploads\/2022\/12\/b-1-1-f-b11f61014011a7497a53e4a35156c0f10529e03c_det_ivh_sung_shx-xrt-jpg_600x600@2x.jpeg",600,540,false],"author_info":[],"comment_info":"","_links":{"self":[{"href":"https:\/\/ownpowr.com\/hu\/wp-json\/wp\/v2\/product\/549","targetHints":{"allow":["GET"]}}],"collection":[{"href":"https:\/\/ownpowr.com\/hu\/wp-json\/wp\/v2\/product"}],"about":[{"href":"https:\/\/ownpowr.com\/hu\/wp-json\/wp\/v2\/types\/product"}],"wp:featuredmedia":[{"embeddable":true,"href":"https:\/\/ownpowr.com\/hu\/wp-json\/wp\/v2\/media\/550"}],"wp:attachment":[{"href":"https:\/\/ownpowr.com\/hu\/wp-json\/wp\/v2\/media?parent=549"}],"wp:term":[{"taxonomy":"product_cat","embeddable":true,"href":"https:\/\/ownpowr.com\/hu\/wp-json\/wp\/v2\/product_cat?post=549"},{"taxonomy":"product_tag","embeddable":true,"href":"https:\/\/ownpowr.com\/hu\/wp-json\/wp\/v2\/product_tag?post=549"}],"curies":[{"name":"wp","href":"https:\/\/api.w.org\/{rel}","templated":true}]}}