{"id":610,"date":"2023-01-12T07:31:13","date_gmt":"2023-01-12T05:31:13","guid":{"rendered":"https:\/\/ownpowr.com\/product\/sungrow-sbr-accessories-bms\/"},"modified":"2025-02-27T10:14:26","modified_gmt":"2025-02-27T08:14:26","slug":"sungrow-sbr-accessories-bms","status":"publish","type":"product","link":"https:\/\/ownpowr.com\/hu\/product\/sungrow-sbr-tartozekok-bms\/","title":{"rendered":"Sungrow SBR akkumul\u00e1tor pr\u00e9mium BMS + tartoz\u00e9kok V2\/V1 (v114)"},"content":{"rendered":"<p>Sungrow SBR BATTERY PREMIUM KIEG\u00c9SZ\u00cdT\u0150K Akkumul\u00e1tor-kezel\u0151 rendszer + tartoz\u00e9kok V2 k\u00e9k V1 narancss\u00e1rga<\/p>\n<p>Ezt az akkumul\u00e1torrendszert kifejezetten lakoss\u00e1gi energiat\u00e1rol\u00e1si megold\u00e1sokhoz tervezt\u00e9k.<\/p>\n<p>Az integr\u00e1lt akkumul\u00e1tor-kezel\u0151 rendszer folyamatosan fel\u00fcgyeli az akkumul\u00e1tor teljes\u00edtm\u00e9ny\u00e9t, biztos\u00edtva a biztons\u00e1gos m\u0171k\u00f6d\u00e9st a meghat\u00e1rozott param\u00e9tereken bel\u00fcl.<\/p>\n<p>Tartalmazott alkatr\u00e9szek:<\/p>\n<ul>\n<li>1x elemtart\u00f3<\/li>\n<li>1x akkumul\u00e1tor fed\u00e9l<\/li>\n<li>1x akkumul\u00e1tor kapcsol\u00f3<\/li>\n<li>1x tart\u00f3<\/li>\n<li>1x k\u00e1belk\u00f6teg<\/li>\n<li>1x csavar<\/li>\n<li>2x B\u0151v\u00edt\u0151 horgonyk\u00e9szlet<\/li>\n<li>4x l\u00e1bak<\/li>\n<li>6x M5 csavar<\/li>\n<li>4x Coilover M5<\/li>\n<li>2x al\u00e1t\u00e9t M6<\/li>\n<li>1x dokument\u00e1ci\u00f3<\/li>\n<\/ul>","protected":false},"excerpt":{"rendered":"<p>Sungrow SBR AKKUMUL\u00c1TOR PR\u00c9MIUM KIEG\u00c9SZ\u00cdT\u0150K Akkumul\u00e1tor-kezel\u0151 rendszer + tartoz\u00e9kok V2 K\u00e9k V1 Narancs Ez az akkumul\u00e1tor-rendszer kifejezetten a lakoss\u00e1gi energiat\u00e1rol\u00e1si megold\u00e1sokhoz k\u00e9sz\u00fclt. Az integr\u00e1lt akkumul\u00e1tor-kezel\u0151 rendszer [...]<\/p>","protected":false},"featured_media":611,"template":"","meta":{"_seopress_robots_primary_cat":"none","_seopress_titles_title":"","_seopress_titles_desc":"","_seopress_robots_index":"","_kad_blocks_custom_css":"","_kad_blocks_head_custom_js":"","_kad_blocks_body_custom_js":"","_kad_blocks_footer_custom_js":""},"product_cat":[33,17],"product_tag":[],"class_list":{"0":"post-610","1":"product","2":"type-product","3":"status-publish","4":"has-post-thumbnail","6":"product_cat-accessories","7":"product_cat-home-batteries","9":"first","10":"instock","11":"sale","12":"taxable","13":"shipping-taxable","14":"purchasable","15":"product-type-simple"},"taxonomy_info":{"product_cat":[{"value":33,"label":"Accessories"},{"value":17,"label":"Home batteries"}]},"featured_image_src_large":["https:\/\/ownpowr.com\/wp-content\/uploads\/2023\/01\/Sungrow-Management-System.jpeg",420,420,false],"author_info":[],"comment_info":"","_links":{"self":[{"href":"https:\/\/ownpowr.com\/hu\/wp-json\/wp\/v2\/product\/610","targetHints":{"allow":["GET"]}}],"collection":[{"href":"https:\/\/ownpowr.com\/hu\/wp-json\/wp\/v2\/product"}],"about":[{"href":"https:\/\/ownpowr.com\/hu\/wp-json\/wp\/v2\/types\/product"}],"wp:featuredmedia":[{"embeddable":true,"href":"https:\/\/ownpowr.com\/hu\/wp-json\/wp\/v2\/media\/611"}],"wp:attachment":[{"href":"https:\/\/ownpowr.com\/hu\/wp-json\/wp\/v2\/media?parent=610"}],"wp:term":[{"taxonomy":"product_cat","embeddable":true,"href":"https:\/\/ownpowr.com\/hu\/wp-json\/wp\/v2\/product_cat?post=610"},{"taxonomy":"product_tag","embeddable":true,"href":"https:\/\/ownpowr.com\/hu\/wp-json\/wp\/v2\/product_tag?post=610"}],"curies":[{"name":"wp","href":"https:\/\/api.w.org\/{rel}","templated":true}]}}