{"id":620,"date":"2023-10-04T16:36:05","date_gmt":"2023-10-04T14:36:05","guid":{"rendered":"https:\/\/ownpowr.com\/product\/byd-premium-lvs-pdu-base\/"},"modified":"2025-10-15T14:01:34","modified_gmt":"2025-10-15T12:01:34","slug":"byd-premium-lvs-pdu-base","status":"publish","type":"product","link":"https:\/\/ownpowr.com\/hu\/product\/byd-premium-lvs-pdu-alap\/","title":{"rendered":"BYD pr\u00e9mium LVS PDU + alap"},"content":{"rendered":"<p>BYD Pr\u00e9mium LVS akkumul\u00e1tor vez\u00e9rl\u0151rendszer b\u00e1zissal<\/p>\n<p>Az BYD Premium LVS PDU (Power Distribution Unit) b\u00e1zissal az LVS akkumul\u00e1tor-k\u00e9szlethez tervezett vez\u00e9rl\u0151egys\u00e9g. Minden egyes akkumul\u00e1torhalomhoz egy PDU sz\u00fcks\u00e9ges az optim\u00e1lis m\u0171k\u00f6d\u00e9shez.<\/p>\n<p>Kulcsfontoss\u00e1g\u00fa jellemz\u0151k:<\/p>\n<ul>\n<li>4 kWh-t\u00f3l 256 kWh-ig sk\u00e1l\u00e1zhat\u00f3 kapacit\u00e1s<\/li>\n<li>Maxim\u00e1lis rugalmass\u00e1g ak\u00e1r 64 akkumul\u00e1tormodul t\u00e1mogat\u00e1s\u00e1val<\/li>\n<li>P\u00e1rhuzamos csatlakoz\u00e1si lehet\u0151s\u00e9g<\/li>\n<li>Kompatibilis a vezet\u0151 1 \u00e9s 3 f\u00e1zis\u00fa inverterekkel<\/li>\n<li>Kobaltmentes l\u00edtiumvas-foszf\u00e1t (LFP) akkumul\u00e1tor technol\u00f3gi\u00e1t haszn\u00e1l a fokozott biztons\u00e1g, a hosszabb \u00e9lettartam \u00e9s a kiv\u00e1l\u00f3 teljes\u00edtm\u00e9ny \u00e9rdek\u00e9ben.<\/li>\n<li>K\u00e9pes nagy teljes\u00edtm\u00e9ny\u0171 v\u00e9szhelyzeti tartal\u00e9k \u00e9s off-grid funkcionalit\u00e1sra<\/li>\n<li>A szabadalmaztatott bels\u0151 csatlakoz\u00f3 kialak\u00edt\u00e1sa kik\u00fcsz\u00f6b\u00f6li a tov\u00e1bbi k\u00e1belez\u00e9s sz\u00fcks\u00e9gess\u00e9g\u00e9t<\/li>\n<li>Lakoss\u00e1gi \u00e9s kereskedelmi alkalmaz\u00e1sokhoz alkalmas \u00f6nfogyaszt\u00e1s-optimaliz\u00e1l\u00e1s<\/li>\n<\/ul>\n<p>AKKUMUL\u00c1TOR-DOBOZ PR\u00c9MIUM LVS<\/p>\n<p>4 kWh modul Egyszer\u0171s\u00edtett sz\u00e1ll\u00edt\u00e1s \u00e9s telep\u00edt\u00e9s modul\u00e1ris fel\u00e9p\u00edt\u00e9ssel<\/p>\n<p>Az BYD Battery-Box Premium LVS egy sokoldal\u00fa l\u00edtiumvas-foszf\u00e1t (LFP) akkumul\u00e1torcsomag, amelyet k\u00fcls\u0151 inverterrel val\u00f3 haszn\u00e1latra terveztek. Minden Battery-Box Premium LVS 1-6 p\u00e1rhuzamosan egym\u00e1sra helyezett akkumul\u00e1tor-modulb\u00f3l \u00e1ll, amelyek 4 \u00e9s 24,0 kWh k\u00f6z\u00f6tti hasznos kapacit\u00e1st biztos\u00edtanak egyetlen toronyban. A rendelkez\u00e9sre \u00e1ll\u00f3 konfigur\u00e1ci\u00f3k a k\u00f6vetkez\u0151k:<\/p>\n<ul>\n<li>Akkumul\u00e1tor-Box LVS 4.0 (4 kWh)<\/li>\n<li>Akkumul\u00e1tor-Box LVS 8.0 (8 kWh)<\/li>\n<li>Akkumul\u00e1tor-box LVS 12.0 (12 kWh)<\/li>\n<li>Akkumul\u00e1tor-Box LVS 16.0 (16 kWh)<\/li>\n<li>Battery-Box LVS 20.0 (20 kWh - csak egy torony)<\/li>\n<li>Battery-Box LVS 24.0 (24 kWh - csak egy torony)<\/li>\n<\/ul>\n<p>Nagyobb energiat\u00e1rol\u00e1si ig\u00e9nyek eset\u00e9n ak\u00e1r 16 Battery-Box LVS 16.0 egys\u00e9get is csatlakoztathat p\u00e1rhuzamosan, \u00edgy a maxim\u00e1lis kapacit\u00e1s 256 kWh. A rendszer r\u00e1ad\u00e1sul sk\u00e1l\u00e1zhat\u00f3s\u00e1got biztos\u00edt, mivel k\u00e9s\u0151bb LVS-modulok vagy 1-4 modult tartalmaz\u00f3 p\u00e1rhuzamos tornyok hozz\u00e1ad\u00e1s\u00e1t teszi lehet\u0151v\u00e9.<\/p>\n<h2><strong style=\"font-size: 16px\">Tov\u00e1bbi inform\u00e1ci\u00f3:<\/strong><\/h2>\n<ul>\n<li><a href=\"https:\/\/storeyourownpower.com\/wp-content\/uploads\/2023\/01\/Datasheet-English-LVS.pdf\" target=\"_blank\" rel=\"noopener\">Adatlap angol LVS<\/a><\/li>\n<li><a href=\"https:\/\/storeyourownpower.com\/wp-content\/uploads\/2023\/01\/Datenblatt-German-LVS.pdf\" target=\"_blank\" rel=\"noopener\">Datenblatt n\u00e9met LVS<\/a><\/li>\n<li><a href=\"https:\/\/storeyourownpower.com\/wp-content\/uploads\/2023\/01\/Mounting-instructions-English-LVS.pdf\" target=\"_blank\" rel=\"noopener\">Szerel\u00e9si \u00fatmutat\u00f3 angol LVS<\/a><\/li>\n<li><a href=\"https:\/\/storeyourownpower.com\/wp-content\/uploads\/2023\/01\/Mounting-instructions-German-LVS.pdf\" target=\"_blank\" rel=\"noopener\">Szerel\u00e9si \u00fatmutat\u00f3 N\u00e9met LVS<\/a><\/li>\n<li><a href=\"https:\/\/storeyourownpower.com\/wp-content\/uploads\/2023\/01\/Warranty-terms-English.pdf\" target=\"_blank\" rel=\"noopener\">Garanci\u00e1lis felt\u00e9telek angol<\/a><\/li>\n<li><a href=\"https:\/\/storeyourownpower.com\/wp-content\/uploads\/2023\/01\/Warranty-terms-German-LVS.pdf\" target=\"_blank\" rel=\"noopener\">J\u00f3t\u00e1ll\u00e1si felt\u00e9telek N\u00e9met LVS<\/a><\/li>\n<\/ul>","protected":false},"excerpt":{"rendered":"<p>BYD Premium LVS akkumul\u00e1tor vez\u00e9rl\u0151rendszer b\u00e1zissal Az BYD Premium LVS PDU (Power Distribution Unit) b\u00e1zissal az LVS akkumul\u00e1tor-k\u00e9szlethez tervezett vez\u00e9rl\u0151egys\u00e9g. Minden egyes k\u00f6teg [...]<\/p>","protected":false},"featured_media":621,"template":"","meta":{"_seopress_robots_primary_cat":"none","_seopress_titles_title":"BYD Premium LVS PDU + base | Maximum Flexibility for any Application","_seopress_titles_desc":"The BYD Battery-Box Premium LVS offers scalable power storage from 4 kWh to 256 kWh with safety, flexibility, and high-powered capabilities for residential and commercial applications.","_seopress_robots_index":"","_kad_blocks_custom_css":"","_kad_blocks_head_custom_js":"","_kad_blocks_body_custom_js":"","_kad_blocks_footer_custom_js":""},"product_cat":[17],"product_tag":[],"class_list":{"0":"post-620","1":"product","2":"type-product","3":"status-publish","4":"has-post-thumbnail","6":"product_cat-home-batteries","8":"first","9":"instock","10":"sale","11":"taxable","12":"shipping-taxable","13":"purchasable","14":"product-type-simple"},"taxonomy_info":{"product_cat":[{"value":17,"label":"Home batteries"}]},"featured_image_src_large":["https:\/\/ownpowr.com\/wp-content\/uploads\/2023\/01\/BYD-LVS-BMU.jpeg",600,540,false],"author_info":[],"comment_info":"","_links":{"self":[{"href":"https:\/\/ownpowr.com\/hu\/wp-json\/wp\/v2\/product\/620","targetHints":{"allow":["GET"]}}],"collection":[{"href":"https:\/\/ownpowr.com\/hu\/wp-json\/wp\/v2\/product"}],"about":[{"href":"https:\/\/ownpowr.com\/hu\/wp-json\/wp\/v2\/types\/product"}],"wp:featuredmedia":[{"embeddable":true,"href":"https:\/\/ownpowr.com\/hu\/wp-json\/wp\/v2\/media\/621"}],"wp:attachment":[{"href":"https:\/\/ownpowr.com\/hu\/wp-json\/wp\/v2\/media?parent=620"}],"wp:term":[{"taxonomy":"product_cat","embeddable":true,"href":"https:\/\/ownpowr.com\/hu\/wp-json\/wp\/v2\/product_cat?post=620"},{"taxonomy":"product_tag","embeddable":true,"href":"https:\/\/ownpowr.com\/hu\/wp-json\/wp\/v2\/product_tag?post=620"}],"curies":[{"name":"wp","href":"https:\/\/api.w.org\/{rel}","templated":true}]}}