{"id":629,"date":"2023-10-05T01:25:11","date_gmt":"2023-10-04T23:25:11","guid":{"rendered":"https:\/\/ownpowr.com\/product\/sofar-solar-hyd-6ktl-3ph\/"},"modified":"2025-03-27T13:00:36","modified_gmt":"2025-03-27T11:00:36","slug":"sofar-solar-hyd-6ktl-3ph","status":"publish","type":"product","link":"https:\/\/ownpowr.com\/hu\/product\/sofar-solar-hidrogen-6ktl-3ph\/","title":{"rendered":"Sofar Solar HYD 6KTL-3PH Hibrid v\u00e1lt\u00f3k\u00e9sz\u00fcl\u00e9k 3 f\u00e1zis\u00fa. Energiam\u00e9r\u0151 a sz\u00e1ll\u00edt\u00e1sban"},"content":{"rendered":"<p>Az inverter szegmens leg\u00fajabb tagja, a k\u00ednai gy\u00e1rt\u00f3, az Sofar Solar teljes k\u00f6r\u0171 term\u00e9kpalett\u00e1t dob piacra.<\/p>\n<p>A HYD KTL-3PH sorozat hibrid inverterei sz\u00e9les fesz\u00fclts\u00e9gtartom\u00e1nyban ragyognak a nagy teljes\u00edtm\u00e9ny\u0171 modulgener\u00e1ci\u00f3khoz \u00e9s ak\u00e1r 2 akkumul\u00e1torcsatlakoz\u00e1shoz. Az integr\u00e1lt AC + DC t\u00falfesz\u00fclts\u00e9gv\u00e9delem \u00e9s \u00e1rny\u00e9kkezel\u00e9s itt is az alapfelszerelts\u00e9g r\u00e9sze. Az 5 \u00e9s 20 kW k\u00f6z\u00f6tti teljes\u00edtm\u00e9nyoszt\u00e1lyok k\u00f6z\u00f6tt mindig megtal\u00e1lja a megfelel\u0151t.<\/p>\n<p>Kompatibilis elemek:<\/p>\n<p>- Pylontech Force H1 14,2 \u00e9s 24,86 k\u00f6z\u00f6tt<\/p>\n<p>- Pylontech Force H2 7.1 \u00e9s 14.2 k\u00f6z\u00f6tt<\/p>\n<p>- Axitec AXIstorage Li SV1 13,5 \u00e9s 23,6 k\u00f6z\u00f6tt<\/p>\n<p>- Axitec AXIstorage Li SV2 6,7 \u00e9s 13,5 k\u00f6z\u00f6tt<\/p>\n<p>Term\u00e9kel\u0151ny\u00f6k:<\/p>\n<p>- Sz\u00e9les MPPT fesz\u00fclts\u00e9gtartom\u00e1ny 180 \u00e9s 960 V k\u00f6z\u00f6tt<\/p>\n<p>- Integr\u00e1lt t\u00falfesz\u00fclts\u00e9g-v\u00e9delem AC \/ DC II. t\u00edpus<\/p>\n<p>- Akt\u00edv \u00e1rny\u00e9kkezel\u00e9s<\/p>\n<p>A term\u00e9k jellemz\u0151i:<\/p>\n<p>- AC teljes\u00edtm\u00e9ny: 5 kW<\/p>\n<p>- MPPT sz\u00e1ma: 2<\/p>\n<p>- Csatlakoz\u00e1si f\u00e1zisok: 3<\/p>\n<p>- Interf\u00e9szek: In (FRE): RS485, WiFi, Bluetooth, Ethernet, 4 x dig.In (FRE)<\/p>\n<p>- Csatlakoz\u00f3 dug\u00f3: MC4<\/p>\n<p>- V\u00e9delmi oszt\u00e1ly: IP 65<\/p>\n<p>- H\u0171t\u00e9s: passz\u00edv<\/p>\n<p>- M\u00e9retek: 571 x 515 x 264 mm (magass\u00e1g x sz\u00e9less\u00e9g x m\u00e9lys\u00e9g)<\/p>\n<p>- S\u00faly: 33,0 kg<\/p>\n<p>- Garancia: 5 \u00e9v<\/p>\n<p><a href=\"https:\/\/storeyourownpower.com\/wp-content\/uploads\/2023\/02\/Datasheet-German-Sofar.pdf\" target=\"_blank\" rel=\"noopener\">Adatlap n\u00e9met Sofar<\/a><\/p>","protected":false},"excerpt":{"rendered":"<p>Az inverter szegmens leg\u00fajabb tagja, a k\u00ednai gy\u00e1rt\u00f3, az Sofar Solar teljes k\u00f6r\u0171 term\u00e9kpalett\u00e1t dob piacra. A HYD KTL-3PH sorozat\u00fa hibrid inverterek sz\u00e9les fesz\u00fclts\u00e9g [...]<\/p>","protected":false},"featured_media":628,"template":"","meta":{"_seopress_robots_primary_cat":"none","_seopress_titles_title":"Sofar Solar HYD 6KTL-3PH: Powerful Hybrid Inverters with Wide Voltage Range and Multiple Battery Connections","_seopress_titles_desc":"Sofar Solar's new product range includes hybrid inverters with wide voltage range, AC + DC overvoltage protection, and shadow management. Find the perfect power class for your needs, ranging from 5 to 20 kW. Compatible with Pylontech Force H1\/H2 and Axitec AXIstorage Li batteries. Don't miss out on the wide MPPT voltage range, integrated overvoltage protection, and active shadow management. Order now and benefit from a 5-year guarantee!","_seopress_robots_index":"","_kad_blocks_custom_css":"","_kad_blocks_head_custom_js":"","_kad_blocks_body_custom_js":"","_kad_blocks_footer_custom_js":""},"product_cat":[18],"product_tag":[],"class_list":{"0":"post-629","1":"product","2":"type-product","3":"status-publish","4":"has-post-thumbnail","6":"product_cat-hybrid-inverters","8":"first","9":"instock","10":"sale","11":"taxable","12":"shipping-taxable","13":"purchasable","14":"product-type-simple"},"taxonomy_info":{"product_cat":[{"value":18,"label":"Hybrid inverters"}]},"featured_image_src_large":["https:\/\/ownpowr.com\/wp-content\/uploads\/2023\/02\/Sofar-inverter.jpeg",672,606,false],"author_info":[],"comment_info":"","_links":{"self":[{"href":"https:\/\/ownpowr.com\/hu\/wp-json\/wp\/v2\/product\/629","targetHints":{"allow":["GET"]}}],"collection":[{"href":"https:\/\/ownpowr.com\/hu\/wp-json\/wp\/v2\/product"}],"about":[{"href":"https:\/\/ownpowr.com\/hu\/wp-json\/wp\/v2\/types\/product"}],"wp:featuredmedia":[{"embeddable":true,"href":"https:\/\/ownpowr.com\/hu\/wp-json\/wp\/v2\/media\/628"}],"wp:attachment":[{"href":"https:\/\/ownpowr.com\/hu\/wp-json\/wp\/v2\/media?parent=629"}],"wp:term":[{"taxonomy":"product_cat","embeddable":true,"href":"https:\/\/ownpowr.com\/hu\/wp-json\/wp\/v2\/product_cat?post=629"},{"taxonomy":"product_tag","embeddable":true,"href":"https:\/\/ownpowr.com\/hu\/wp-json\/wp\/v2\/product_tag?post=629"}],"curies":[{"name":"wp","href":"https:\/\/api.w.org\/{rel}","templated":true}]}}