{"id":652,"date":"2023-10-05T01:03:14","date_gmt":"2023-10-04T23:03:14","guid":{"rendered":"https:\/\/ownpowr.com\/product\/alphaess-smile-b3\/"},"modified":"2025-03-27T13:36:41","modified_gmt":"2025-03-27T11:36:41","slug":"alphaess-smile-b3","status":"publish","type":"product","link":"https:\/\/ownpowr.com\/hu\/product\/alphaess-mosoly-b3\/","title":{"rendered":"AlphaEss Smile B3"},"content":{"rendered":"<ul>\n<li class=\"l_b6bx1li fl slick-slide\" role=\"option\" data-slick-index=\"5\" aria-hidden=\"true\" aria-describedby=\"slick-slide05\">\n<div class=\"l_b6bx1lis\">\n<div class=\"ys_imgbox_cover\">\n<ul>\n<li id=\"\" class=\"l_b6bx1li fl slick-slide slick-cloned\" data-slick-index=\"6\" aria-hidden=\"true\">\n<div class=\"l_b6bx1lis\">\n<p>A SMILE-B3 energiat\u00e1rol\u00f3 megold\u00e1s bemutat\u00e1sa<\/p>\n<p>A hat\u00e9kony energiat\u00e1rol\u00e1s erej\u00e9t a SMILE-B3 seg\u00edts\u00e9g\u00e9vel szabad\u00edthatja fel, amely egy olyan robusztus rendszer, amelyet \u00fagy terveztek, hogy z\u00f6kken\u0151mentesen illeszkedjen megl\u00e9v\u0151 berendez\u00e9s\u00e9be. Ez a 3 kW-os megold\u00e1s 2,9 kWh-t\u00f3l 17,2 kWh-ig terjed\u0151 kapacit\u00e1startom\u00e1nyt k\u00edn\u00e1l, \u00edgy rugalmasan kiel\u00e9g\u00edtheti energiaig\u00e9nyeit.<\/p>\n<p>Kulcsfontoss\u00e1g\u00fa jellemz\u0151k:<\/p>\n<ul>\n<li>Ut\u00f3lagos felszerelhet\u0151s\u00e9g<\/li>\n<li>AC-csatlakoz\u00e1si k\u00e9pess\u00e9gek<\/li>\n<li>Be\u00e9p\u00edtett akkumul\u00e1tor a fokozott teljes\u00edtm\u00e9ny\u00e9rt<\/li>\n<li>Modul\u00e1ris kialak\u00edt\u00e1s az egyszer\u0171 b\u0151v\u00edt\u00e9shez<\/li>\n<li>K\u00f6nny\u0171 telep\u00edt\u00e9s<\/li>\n<li>24\/7 fel\u00fcgyelet a nyugalom\u00e9rt<\/li>\n<\/ul>\n<p>A SMILE-B3-PLUS specifik\u00e1ci\u00f3i:<\/p>\n<ul>\n<li>Max. AC kimeneti teljes\u00edtm\u00e9ny: 3 kW<\/li>\n<li>Kapacit\u00e1si tartom\u00e1ny: 2,9 - 17,2 kWh<\/li>\n<li>Max. T\u00f6lt\u00e9si\/kis\u00fct\u00e9si \u00e1ram: 60 A<\/li>\n<li>Ki\u00fcr\u00edt\u00e9si m\u00e9lys\u00e9g (DoD): 96%<\/li>\n<li>M\u00e9retek (sz\u00e9less\u00e9g x m\u00e9lys\u00e9g x magass\u00e1g): 610 x 219 x 650 mm<\/li>\n<li>M\u0171k\u00f6d\u00e9si h\u0151m\u00e9rs\u00e9klet-tartom\u00e1ny: -10\u00b0C \u00e9s 50\u00b0C k\u00f6z\u00f6tt<\/li>\n<li>IP-v\u00e9delem: IP65 \/ IP21<\/li>\n<li>Garancia: 5 \u00e9v term\u00e9kgarancia, 10 \u00e9v teljes\u00edtm\u00e9nygarancia<\/li>\n<\/ul>\n<p>A SMILE-B3 ide\u00e1lis megold\u00e1s a jelenlegi akkumul\u00e1tor-integr\u00e1ci\u00f3 n\u00e9lk\u00fcli napelemes rendszerekhez. Ak\u00e1r hat darab 2,9 kWh-s akkumul\u00e1torral is p\u00e1ros\u00edthat\u00f3, \u00edgy a t\u00e1rol\u00f3kapacit\u00e1s leny\u0171g\u00f6z\u0151 17,2 kWh-ra b\u0151v\u00edthet\u0151. Friss\u00edtse energiat\u00e1rol\u00f3j\u00e1t a SMILE-B3-mal, \u00e9s tapasztalja meg a hat\u00e9kony, megb\u00edzhat\u00f3 energiagazd\u00e1lkod\u00e1st.<\/p>\n<\/div>\n<\/li>\n<\/ul>\n<\/div>\n<\/div>\n<\/li>\n<\/ul>\n<p><a href=\"https:\/\/storeyourownpower.com\/wp-content\/uploads\/2023\/02\/Datasheet-Smile-B3.pdf\" target=\"_blank\" rel=\"noopener\">Adatlap Smile B3<\/a><\/p>","protected":false},"excerpt":{"rendered":"<p>&nbsp;<\/p>\n<p>&nbsp;<\/p>","protected":false},"featured_media":653,"template":"","meta":{"_seopress_robots_primary_cat":"none","_seopress_titles_title":"Expand Your Solar Storage: SMILE-B3 3kW Retrofit AC-Coupling with Built-in Battery","_seopress_titles_desc":"Upgrade your existing solar system with SMILE-B3, a modular and easy-to-install solution that maximizes your storage capacity to 17.2kWh.","_seopress_robots_index":"","_kad_blocks_custom_css":"","_kad_blocks_head_custom_js":"","_kad_blocks_body_custom_js":"","_kad_blocks_footer_custom_js":""},"product_cat":[17],"product_tag":[],"class_list":{"0":"post-652","1":"product","2":"type-product","3":"status-publish","4":"has-post-thumbnail","6":"product_cat-home-batteries","8":"first","9":"instock","10":"sale","11":"taxable","12":"shipping-taxable","13":"purchasable","14":"product-type-simple"},"taxonomy_info":{"product_cat":[{"value":17,"label":"Home batteries"}]},"featured_image_src_large":["https:\/\/ownpowr.com\/wp-content\/uploads\/2023\/02\/320_320_Product_logo_storage_system_5d3ab2d32f5cd.png",320,286,false],"author_info":[],"comment_info":"","_links":{"self":[{"href":"https:\/\/ownpowr.com\/hu\/wp-json\/wp\/v2\/product\/652","targetHints":{"allow":["GET"]}}],"collection":[{"href":"https:\/\/ownpowr.com\/hu\/wp-json\/wp\/v2\/product"}],"about":[{"href":"https:\/\/ownpowr.com\/hu\/wp-json\/wp\/v2\/types\/product"}],"wp:featuredmedia":[{"embeddable":true,"href":"https:\/\/ownpowr.com\/hu\/wp-json\/wp\/v2\/media\/653"}],"wp:attachment":[{"href":"https:\/\/ownpowr.com\/hu\/wp-json\/wp\/v2\/media?parent=652"}],"wp:term":[{"taxonomy":"product_cat","embeddable":true,"href":"https:\/\/ownpowr.com\/hu\/wp-json\/wp\/v2\/product_cat?post=652"},{"taxonomy":"product_tag","embeddable":true,"href":"https:\/\/ownpowr.com\/hu\/wp-json\/wp\/v2\/product_tag?post=652"}],"curies":[{"name":"wp","href":"https:\/\/api.w.org\/{rel}","templated":true}]}}