{"id":8075,"date":"2024-04-04T12:26:30","date_gmt":"2024-04-04T10:26:30","guid":{"rendered":"https:\/\/ownpowr.com\/?post_type=product&#038;p=8075"},"modified":"2025-02-27T11:42:05","modified_gmt":"2025-02-27T09:42:05","slug":"deye-ai-w15-3-battery-module","status":"publish","type":"product","link":"https:\/\/ownpowr.com\/hu\/product\/deye-ai-w15-3-akkumulator-modul\/","title":{"rendered":"Deye AI-W5.1-B 15,36kWh Energiat\u00e1rol\u00f3 LiFePO 4"},"content":{"rendered":"<p class=\"product_title entry-title\">Deye AI-W15.3(LV)<\/p>\n<p>A k\u00e9szlet tartalmazza:<\/p>\n<p>3 x AI-W5.1<\/p>\n<p>1x AI-W5.1-PDU.1<\/p>\n<p>1x AI-W5.1-b\u00e1zis<\/p>\n<p>&nbsp;<\/p>\n<p class=\"price\">Az Deye egy biztons\u00e1gosabb, megb\u00edzhat\u00f3bb \u00e9s rugalmasabb l\u00edtiumvas-foszf\u00e1t (LFP) napelemes akkumul\u00e1torcsomag-megold\u00e1st mutat be, amely biztons\u00e1gos \u00e9s megb\u00edzhat\u00f3 energiat\u00e1rol\u00e1si megold\u00e1st k\u00edn\u00e1l, amelyet a sz\u0171k helyeken vagy terhel\u00e9si korl\u00e1toz\u00e1sok mellett energi\u00e1t ig\u00e9nyl\u0151 lakoss\u00e1gi \u00e9s kereskedelmi alkalmaz\u00e1sokhoz optimaliz\u00e1ltak.<\/p>\n<p class=\"price\">Az Deye l\u00edtiumvas-foszf\u00e1t napelemes akkumul\u00e1torcsomag biztons\u00e1gos, megb\u00edzhat\u00f3 energiat\u00e1rol\u00e1si megold\u00e1st k\u00edn\u00e1l a sz\u0171k helyeken vagy terhel\u00e9si korl\u00e1toz\u00e1sok mellett \u00e1ramot ig\u00e9nyl\u0151 lakoss\u00e1gi \u00e9s kereskedelmi alkalmaz\u00e1sokhoz. Kompakt \u00e9s k\u00f6nny\u0171, \u00edgy j\u00f3l alkalmazhat\u00f3 a korl\u00e1tozott alapter\u00fcleten m\u0171k\u00f6d\u0151, nagy teljes\u00edtm\u00e9ny\u0171 berendez\u00e9sekhez, \u00e9s hossz\u00fa \u00e9lettartam\u00fa teljes\u00edtm\u00e9nyt ny\u00fajt a meghosszabb\u00edtott ciklusid\u0151 r\u00e9v\u00e9n.<\/p>\n<p class=\"price\">Az akkumul\u00e1tor kobaltmentes LFP-k\u00e9mi\u00e1ja nagy teljes\u00edtm\u00e9nys\u0171r\u0171s\u00e9get biztos\u00edt a biztons\u00e1g vesz\u00e9lyeztet\u00e9se n\u00e9lk\u00fcl. Az intelligens akkumul\u00e1tor-kezel\u0151 rendszer (BMS) figyeli a cell\u00e1k kritikus adatpontjait, p\u00e9ld\u00e1ul a fesz\u00fclts\u00e9get, az \u00e1ramot \u00e9s a h\u0151m\u00e9rs\u00e9kletet, kiegyens\u00falyozva a t\u00f6lt\u00e9st \u00e9s a kis\u00fct\u00e9st az akkumul\u00e1tor \u00e9lettartam\u00e1nak maximaliz\u00e1l\u00e1sa \u00e9rdek\u00e9ben.<\/p>\n<p class=\"price\">A kapacit\u00e1s \u00e9s a teljes\u00edtm\u00e9ny az ig\u00e9nyeknek megfelel\u0151en t\u00f6bb akkumul\u00e1tor p\u00e1rhuzamos csatlakoztat\u00e1s\u00e1val m\u00e9retezhet\u0151. A nagyobb bankkonfigur\u00e1ci\u00f3k nagyobb energiakapacit\u00e1st \u00e9s hosszabb \u00fczemid\u0151t biztos\u00edtanak. A megb\u00edzhat\u00f3s\u00e1gra \u00e9p\u00edtett akkumul\u00e1tor t\u00e1mogatja a nagy kis\u00fct\u00e9si k\u00e9pess\u00e9geket, \u00e9s -20\u00b0C-t\u00f3l 55\u00b0C-ig fenntartja a m\u0171k\u00f6d\u00e9st IP55-\u00f6s besorol\u00e1ssal \u00e9s term\u00e9szetes h\u0171t\u00e9ssel.<\/p>\n<p class=\"price\">A modul\u00e1ris \u00e9s rugalmas akkumul\u00e1torok 36 egys\u00e9gb\u0151l \u00e1ll\u00f3 klaszterek kombin\u00e1l\u00e1s\u00e1val k\u00f6nnyed\u00e9n n\u00f6velhet\u0151 a kapacit\u00e1s ak\u00e1r 184 kWh-ra.<\/p>\n<p class=\"price\">Ez a napelemes akkumul\u00e1torcsomag k\u00f6rnyezetbar\u00e1t kialak\u00edt\u00e1s\u00fa, nem m\u00e9rgez\u0151, k\u00f6rnyezetszennyez\u00e9st\u0151l mentes anyagokat haszn\u00e1l.A telep\u00edt\u00e9s egyszer\u0171s\u00f6dik az egym\u00e1sra helyezhet\u0151, padl\u00f3ra szerelhet\u0151 kialak\u00edt\u00e1s r\u00e9v\u00e9n, extra vezet\u00e9kek \u00e9s r\u00f6gz\u00edt\u0151elemek n\u00e9lk\u00fcl. A telep\u00edt\u00e9s \u00e9s a telep\u00edt\u00e9s gyors \u00e9s k\u00f6nnyed\u00e9n elv\u00e9gezhet\u0151.<\/p>\n<p class=\"price\">A k\u00e9nyelmet az automatikus modulh\u00e1l\u00f3zat biztos\u00edtja a t\u00e1vfel\u00fcgyelet, a karbantart\u00e1s \u00e9s a firmware-friss\u00edt\u00e9s \u00e9rdek\u00e9ben.<\/p>\n<p><a href=\"https:\/\/ownpowr.com\/wp-content\/uploads\/2023\/12\/ai-w5.1-v1.7.pdf\" target=\"_blank\" rel=\"noopener\">Deye AI-W5.1 adatlap<\/a><\/p>","protected":false},"excerpt":{"rendered":"<p>Deye AI-W15.3(LV) A k\u00e9szlet a k\u00f6vetkez\u0151ket tartalmazza: Az Deye egy biztons\u00e1gosabb, megb\u00edzhat\u00f3bb \u00e9s rugalmasabb l\u00edtiumvas-foszf\u00e1t (LFP) napelemes akkumul\u00e1toros megold\u00e1st mutat be, amely [...]<\/p>","protected":false},"featured_media":10107,"template":"","meta":{"_seopress_robots_primary_cat":"none","_seopress_titles_title":"Deye AI-W15.3 LV: Reliable Compact LFP Solar Powered Battery Pack","_seopress_titles_desc":"Discover Deye AI-W15.3 Lithium Iron Phosphate (LFP) solar powered battery pack. Reliable, scalable, efficient, ideal for residential and commercial applications.","_seopress_robots_index":"","_kad_blocks_custom_css":"","_kad_blocks_head_custom_js":"","_kad_blocks_body_custom_js":"","_kad_blocks_footer_custom_js":""},"product_cat":[17],"product_tag":[],"class_list":{"0":"post-8075","1":"product","2":"type-product","3":"status-publish","4":"has-post-thumbnail","6":"product_cat-home-batteries","8":"first","9":"instock","10":"taxable","11":"shipping-taxable","12":"purchasable","13":"product-type-simple"},"taxonomy_info":{"product_cat":[{"value":17,"label":"Home batteries"}]},"featured_image_src_large":["https:\/\/ownpowr.com\/wp-content\/uploads\/2023\/12\/image-2.png",1000,1000,false],"author_info":[],"comment_info":"","_links":{"self":[{"href":"https:\/\/ownpowr.com\/hu\/wp-json\/wp\/v2\/product\/8075","targetHints":{"allow":["GET"]}}],"collection":[{"href":"https:\/\/ownpowr.com\/hu\/wp-json\/wp\/v2\/product"}],"about":[{"href":"https:\/\/ownpowr.com\/hu\/wp-json\/wp\/v2\/types\/product"}],"wp:featuredmedia":[{"embeddable":true,"href":"https:\/\/ownpowr.com\/hu\/wp-json\/wp\/v2\/media\/10107"}],"wp:attachment":[{"href":"https:\/\/ownpowr.com\/hu\/wp-json\/wp\/v2\/media?parent=8075"}],"wp:term":[{"taxonomy":"product_cat","embeddable":true,"href":"https:\/\/ownpowr.com\/hu\/wp-json\/wp\/v2\/product_cat?post=8075"},{"taxonomy":"product_tag","embeddable":true,"href":"https:\/\/ownpowr.com\/hu\/wp-json\/wp\/v2\/product_tag?post=8075"}],"curies":[{"name":"wp","href":"https:\/\/api.w.org\/{rel}","templated":true}]}}