{"id":82540,"date":"2024-05-30T16:43:42","date_gmt":"2024-05-30T14:43:42","guid":{"rendered":"https:\/\/ownpowr.com\/?post_type=product&#038;p=82540"},"modified":"2025-08-25T14:37:23","modified_gmt":"2025-08-25T12:37:23","slug":"blauhoff-maxus-60k-192kwh-energy-storage-cabinet-liquid-cooling-with-ev-charger","status":"publish","type":"product","link":"https:\/\/ownpowr.com\/hu\/product\/blauhoff-maxus-60k-192kwh-energiatarolo-szekreny-folyadekhutessel-es-ev-toltovel\/","title":{"rendered":"Blauhoff Maxus 60K\/192KWh energiat\u00e1rol\u00f3 szekr\u00e9ny Folyad\u00e9kh\u0171t\u00e9s EV t\u00f6lt\u0151vel"},"content":{"rendered":"<p>FIGYELEM !<\/p>\n<p>Az \u00f6sszeszerel\u00e9st a helyi szerel\u0151 v\u00e9gzi m\u0171szaki szem\u00e9lyzet\u00fcnk seg\u00edts\u00e9g\u00e9vel.<\/p>\n<p>Blauhoff Maxus 96Kwh energiat\u00e1rol\u00f3 szekr\u00e9ny Folyad\u00e9kh\u0171t\u00e9ses 10 \u00e9v garancia 8000 ciklus EV t\u00f6lt\u0151vel<\/p>\n<p>T\u00e1mogat\u00e1s lehets\u00e9ges<\/p>\n<p>Prizmatikus cell\u00e1k a legmagasabb min\u0151s\u00e9g \u00e9s a leghosszabb \u00e9lettartam \u00e9rdek\u00e9ben, 8000 ciklus \u00e9s 10 \u00e9v garancia a cell\u00e1kra, k\u00fcl\u00f6n k\u00f6lts\u00e9g n\u00e9lk\u00fcl, \u00e9s 5 \u00e9v garancia az eg\u00e9szre.<\/p>\n<p>A legt\u00f6bb m\u00e1s szolg\u00e1ltat\u00f3nak 3-5 \u00e9ve van az eg\u00e9szre \u00e9s a sejtekre, \u00e9s akkor extra fizetni kell, ez vonatkozik a Dijkman EMS-\u00e9re is, amelyet haszn\u00e1lunk, nincs havi k\u00f6lts\u00e9g, \u00e9s az egyens\u00falyhi\u00e1nyos piaccal egy\u00fctt tud dolgozni.<\/p>\n<p>Teljesen integr\u00e1lt ESS a k\u00f6nny\u0171 sz\u00e1ll\u00edt\u00e1s \u00e9s \u00fczemeltet\u00e9s \u00e9rdek\u00e9ben.<\/p>\n<p>Az integr\u00e1lt akkumul\u00e1tor az EV t\u00f6lt\u0151vel \u00e9s a modul\u00e1ris kialak\u00edt\u00e1ssal gyorsan be\u00e1ll\u00edthat\u00f3 \u00e9s haszn\u00e1lhat\u00f3, max. 3 \u00f3ra munka.<\/p>\n<p>Blauhoff BLH-96kWh-Maxus, egy minden egyben kereskedelmi \u00e9s ipari ESS folyad\u00e9kh\u0171t\u00e9ssel, integr\u00e1lt energiat\u00e1rol\u00f3 \u00e1talak\u00edt\u00f3val, akkumul\u00e1torral, BMS, EMS, h\u0151kezel\u00e9ssel, energiaeloszt\u00e1ssal, t\u0171zv\u00e9delemmel, Ev t\u00f6lt\u0151vel stb..<\/p>\n<p>Az all-in-one kialak\u00edt\u00e1s k\u00f6nnyen telep\u00edthet\u0151 \u00e9s \u00fczemeltethet\u0151, valamint az \u00f6sszes t\u00f6bbi Maxus term\u00e9kkel \u00f6sszekapcsolhat\u00f3, \u00e9s automatikusan kereskedik a k\u00fcl\u00f6nb\u00f6z\u0151 EMS-rendszereken kereszt\u00fcl dinamikus energia\u00e1rk\u00e9pz\u00e9ssel.<\/p>\n<p>A rendszer biztons\u00e1gi kialak\u00edt\u00e1sa jobb akkumul\u00e1torteljes\u00edtm\u00e9nyt \u00e9s hosszabb akkumul\u00e1tor-\u00e9lettartamot biztos\u00edt.<br \/>\n\u00e9let. T\u00f6bb szekr\u00e9nyk\u00e9szlet k\u00f6zvetlen\u00fcl p\u00e1rhuzamos\u00edthat\u00f3 ak\u00e1r 30 egys\u00e9gig az energiat\u00e1rol\u00e1s megval\u00f3s\u00edt\u00e1sa \u00e9rdek\u00e9ben.<br \/>\nrendszerb\u0151v\u00edt\u00e9s. Nagyon k\u00f6nnyen sk\u00e1l\u00e1zhat\u00f3 \u00e9s hordozhat\u00f3.<\/p>\n<p>Foly\u00e9kony h\u0171t\u00e9s :<br \/>\nAz akkumul\u00e1torcell\u00e1k h\u0151m\u00e9rs\u00e9kleti sodr\u00f3d\u00e1sa<br \/>\naz eg\u00e9sz rendszerben \u00b11,5\u00b0C-on bel\u00fcl van, ami a<br \/>\nintelligens folyad\u00e9kh\u0171t\u00e9si rendszer. K\u00e9pes<br \/>\nmeghosszabb\u00edtja a rendszer \u00e9lettartam\u00e1t ak\u00e1r<br \/>\n30%, n\u00f6veli a rendszer hossz\u00fa t\u00e1v\u00fa hat\u00e9konys\u00e1g\u00e1t<br \/>\n88,5%-ig.<\/p>\n<p>Extr\u00e1k lehets\u00e9gesek<\/p>\n<p>V\u00e9szhelyzeti \u00e1ramell\u00e1t\u00e1s STS- 2 EV t\u00f6lt\u0151 20kw - hibrid inverter a panelek csatlakoztat\u00e1s\u00e1hoz ipv AC kapcsoltan<\/p>\n<p>Biztons\u00e1gos<br \/>\nA rendszernek n\u00e9gy ir\u00e1ny\u00edt\u00e1si szintje van<br \/>\nstrukt\u00fara, amely pontos<br \/>\nr\u00f6vidz\u00e1rlatv\u00e9delem, t\u00fal\u00e1ramv\u00e9delem<br \/>\nv\u00e9delem, t\u00falfesz\u00fclts\u00e9g elleni v\u00e9delem,<br \/>\nfesz\u00fclts\u00e9g alatti v\u00e9delem, t\u00falmeleged\u00e9s elleni v\u00e9delem<br \/>\nv\u00e9delem stb.<\/p>\n<p>K\u00f6telez\u0151 biztons\u00e1gi \u00e9s eur\u00f3pai tan\u00fas\u00edtv\u00e1nyok, inverter \u00e9s akkumul\u00e1torok :<\/p>\n<p>EN 50549-1 az Maxus inverter\u00e9re, \u00e9s a kisfesz\u00fclts\u00e9g\u0171 h\u00e1l\u00f3zatokhoz csatlakoztatott energiatermel\u0151 egys\u00e9gekre, az EN 50549-2 pedig a k\u00f6z\u00e9pfesz\u00fclts\u00e9g\u0171 h\u00e1l\u00f3zatokhoz csatlakoztatott energiatermel\u0151 egys\u00e9gekre vonatkozik.<\/p>\n<p>NEN-EN-IEC 62619:2022 - L\u00fagos vagy m\u00e1s nem savas elektrolitot tartalmaz\u00f3 m\u00e1sodlagos cell\u00e1k \u00e9s elemek - Ipari felhaszn\u00e1l\u00e1sra sz\u00e1nt m\u00e1sodlagos l\u00edtiumcell\u00e1k \u00e9s -elemek biztons\u00e1gi k\u00f6vetelm\u00e9nyei<\/p>\n<p>NEN-EN-IEC 61000-6-2\u3001EN IEC 61000-6-4<\/p>\n<p>UL 9540A:2019 4. kiad\u00e1s - Szabv\u00e1ny vizsg\u00e1lati m\u00f3dszer az akkumul\u00e1toros energiat\u00e1rol\u00f3 rendszerek termikus sz\u00f6k\u00e9si t\u0171zterjed\u00e9s\u00e9nek \u00e9rt\u00e9kel\u00e9s\u00e9hez<\/p>\n<p>UN38.3<\/p>\n<p>VDE4100<\/p>","protected":false},"excerpt":{"rendered":"<p>FIGYELEM ! Az \u00f6sszeszerel\u00e9st az \u00d6n helyi szerel\u0151je v\u00e9gzi m\u0171szaki szem\u00e9lyzet\u00fcnk seg\u00edts\u00e9g\u00e9vel. Blauhoff Maxus 96Kwh energiat\u00e1rol\u00f3 szekr\u00e9ny Folyad\u00e9kh\u0171t\u00e9ses 10Y garancia 8000 ciklus EV [...]<\/p>","protected":false},"featured_media":82535,"template":"","meta":{"_seopress_robots_primary_cat":"none","_seopress_titles_title":"","_seopress_titles_desc":"","_seopress_robots_index":"","_kad_blocks_custom_css":"","_kad_blocks_head_custom_js":"","_kad_blocks_body_custom_js":"","_kad_blocks_footer_custom_js":""},"product_cat":[17,18,19],"product_tag":[],"class_list":{"0":"post-82540","1":"product","2":"type-product","3":"status-publish","4":"has-post-thumbnail","6":"product_cat-home-batteries","7":"product_cat-hybrid-inverters","8":"product_cat-sets-with-inverters","10":"first","11":"instock","12":"taxable","13":"shipping-taxable","14":"purchasable","15":"product-type-simple"},"taxonomy_info":{"product_cat":[{"value":17,"label":"Home batteries"},{"value":18,"label":"Hybrid inverters"},{"value":19,"label":"Sets with inverters"}]},"featured_image_src_large":["https:\/\/ownpowr.com\/wp-content\/uploads\/2024\/05\/photo-2024-02-21-15-07-10.jpg",800,800,false],"author_info":[],"comment_info":"","_links":{"self":[{"href":"https:\/\/ownpowr.com\/hu\/wp-json\/wp\/v2\/product\/82540","targetHints":{"allow":["GET"]}}],"collection":[{"href":"https:\/\/ownpowr.com\/hu\/wp-json\/wp\/v2\/product"}],"about":[{"href":"https:\/\/ownpowr.com\/hu\/wp-json\/wp\/v2\/types\/product"}],"wp:featuredmedia":[{"embeddable":true,"href":"https:\/\/ownpowr.com\/hu\/wp-json\/wp\/v2\/media\/82535"}],"wp:attachment":[{"href":"https:\/\/ownpowr.com\/hu\/wp-json\/wp\/v2\/media?parent=82540"}],"wp:term":[{"taxonomy":"product_cat","embeddable":true,"href":"https:\/\/ownpowr.com\/hu\/wp-json\/wp\/v2\/product_cat?post=82540"},{"taxonomy":"product_tag","embeddable":true,"href":"https:\/\/ownpowr.com\/hu\/wp-json\/wp\/v2\/product_tag?post=82540"}],"curies":[{"name":"wp","href":"https:\/\/api.w.org\/{rel}","templated":true}]}}