{"id":831,"date":"2023-10-04T16:35:29","date_gmt":"2023-10-04T14:35:29","guid":{"rendered":"https:\/\/ownpowr.com\/product\/blauhoff-bess-all-in-one-10k-10kwh\/"},"modified":"2025-03-27T12:50:48","modified_gmt":"2025-03-27T10:50:48","slug":"k-star-all-in-one-10k-10kwh","status":"publish","type":"product","link":"https:\/\/ownpowr.com\/hu\/product\/blauhoff-bess-all-in-one-10k-10kwh\/","title":{"rendered":"K-stars All-In-One h\u00e1romf\u00e1zis\u00fa t\u00e1rol\u00e1si megold\u00e1s 10K\/10kWh"},"content":{"rendered":"<div class=\"proInfos proInfos2 clearfix\">\n<div class=\"left\">\n<p>K-stars All-In-One h\u00e1romf\u00e1zis\u00fa t\u00e1rol\u00e1si megold\u00e1s (3 f\u00e1zis)<\/p>\n<p>Legfontosabb el\u0151ny\u00f6k<\/p>\n<ul>\n<li>A CATL nagy teljes\u00edtm\u00e9ny\u0171 LFP akkumul\u00e1tort haszn\u00e1lja, amely min\u0151s\u00e9g\u00e9r\u0151l ismert \u00e9s a legjobb cellasz\u00e1ll\u00edt\u00f3k k\u00f6z\u00e9 tartozik.<\/li>\n<li>Jelent\u0151s, 20KW-os PV bemeneti teljes\u00edtm\u00e9ny kezel\u00e9s\u00e9re k\u00e9pes, 10KW t\u00f6lt\u00e9sre \u00e9s 10KW v\u00e1ltakoz\u00f3 \u00e1ram\u00fa kimenetre.<\/li>\n<li>Modul\u00e1ris fel\u00e9p\u00edt\u00e9s\u0171, lehet\u0151v\u00e9 t\u00e9ve az energiat\u00e1rol\u00f3 rendszer b\u0151v\u00edt\u00e9s\u00e9t t\u00f6bb 5,12KWH egys\u00e9ggel.<\/li>\n<li>Er\u0151s, 10KW-os, 3 f\u00e1zis\u00fa tartal\u00e9k kimenetet biztos\u00edt, kevesebb mint 20 ms-os be- \u00e9s kikapcsol\u00e1si id\u0151vel.<\/li>\n<li>Tartalmaz egy energiagazd\u00e1lkod\u00e1si rendszert (EMS), \u00edgy sokoldal\u00faan alkalmazhat\u00f3 k\u00fcl\u00f6nb\u00f6z\u0151 alkalmaz\u00e1sokhoz.<\/li>\n<li>Legfeljebb 4 egys\u00e9get t\u00e1mogat p\u00e1rhuzamosan a tartal\u00e9k kimenethez h\u00e1l\u00f3zaton k\u00edv\u00fcli \u00fczemm\u00f3dban.<\/li>\n<li>\u00c1ramvonalas all-in-one kialak\u00edt\u00e1s a k\u00e9nyelem \u00e9s a hat\u00e9konys\u00e1g \u00e9rdek\u00e9ben.<\/li>\n<li>Magas hat\u00e9konys\u00e1got mutat, amely el\u00e9ri a 97,6% \u00e9rt\u00e9ket.<\/li>\n<li>IP65 v\u00e9detts\u00e9ggel b\u00fcszk\u00e9lkedhet a tart\u00f3ss\u00e1g \u00e9s ellen\u00e1ll\u00f3 k\u00e9pess\u00e9g \u00e9rdek\u00e9ben.<\/li>\n<li>Opcion\u00e1lis h\u00farfigyel\u0151 funkci\u00f3.<\/li>\n<li>Egyszer\u0171s\u00edti a telep\u00edt\u00e9si elj\u00e1r\u00e1sokat.<\/li>\n<li>Digit\u00e1lis vez\u00e9rl\u0151vel felszerelve.<\/li>\n<li>DC\/AC t\u00falfesz\u00fclts\u00e9g elleni v\u00e9delemmel rendelkezik.<\/li>\n<li>Reakt\u00edv teljes\u00edtm\u00e9nyszab\u00e1lyoz\u00f3t tartalmaz.<\/li>\n<\/ul>\n<p>BluE-S- E10KT<\/p>\n<p>2 x 5.1k csomag<\/p>\n<p>1x csatlakoz\u00f3 k\u00e9szlet a Blue- 2x 5.1 csomaghoz<\/p>\n<p>J\u00f3t\u00e1ll\u00e1si inform\u00e1ci\u00f3k<\/p>\n<ul>\n<li>10 \u00e9v garanci\u00e1val rendelkezik.<\/li>\n<li>Leny\u0171g\u00f6z\u0151 10 000 ciklusra tervezt\u00e9k.<\/li>\n<\/ul>\n<p>K\u00fcl\u00f6nleges telep\u00edt\u00e9si aj\u00e1nlat<\/p>\n<ul>\n<li>Hollandi\u00e1ban csak 750 eur\u00f3s akci\u00f3s \u00e1ron telep\u00edthet\u0151!<\/li>\n<\/ul>\n<p><a href=\"https:\/\/ownpowr.com\/wp-content\/uploads\/2023\/10\/datasheet-k-star-blue.pdf\" target=\"_blank\" rel=\"noopener\">Adatlap K-Star BluE<\/a><\/p>\n<\/div>\n<\/div>\n<div class=\"hotBuy hotBuy2 clearfix\">\n<div class=\"left\">\n<div class=\"a\">\n<p>&nbsp;<\/p>\n<\/div>\n<\/div>\n<\/div>","protected":false},"excerpt":{"rendered":"<p>Blauhoff<\/p>\n<p>10 \u00e9v garancia<\/p>\n<p>10000 ciklus<\/p>\n<p>80% V\u00c9DELMI MINISZT\u00c9RIUM<\/p>","protected":false},"featured_media":832,"template":"","meta":{"_seopress_robots_primary_cat":"none","_seopress_titles_title":"K-star All-In-One Three Phase Storage Solution | High Performance LFP Battery","_seopress_titles_desc":"Get the K-star All-In-One Three Phase Storage Solution with CATL high performance LFP battery. 20KW PV input, modular design, easy installation, and more.","_seopress_robots_index":"","_kad_blocks_custom_css":"","_kad_blocks_head_custom_js":"","_kad_blocks_body_custom_js":"","_kad_blocks_footer_custom_js":""},"product_cat":[17,19],"product_tag":[],"class_list":{"0":"post-831","1":"product","2":"type-product","3":"status-publish","4":"has-post-thumbnail","6":"product_cat-home-batteries","7":"product_cat-sets-with-inverters","9":"first","10":"instock","11":"sale","12":"taxable","13":"shipping-taxable","14":"purchasable","15":"product-type-simple"},"taxonomy_info":{"product_cat":[{"value":17,"label":"Home batteries"},{"value":19,"label":"Sets with inverters"}]},"featured_image_src_large":["https:\/\/ownpowr.com\/wp-content\/uploads\/2023\/04\/Ontwerp-zonder-titel-1024x1024.png",1024,1024,true],"author_info":[],"comment_info":"","_links":{"self":[{"href":"https:\/\/ownpowr.com\/hu\/wp-json\/wp\/v2\/product\/831","targetHints":{"allow":["GET"]}}],"collection":[{"href":"https:\/\/ownpowr.com\/hu\/wp-json\/wp\/v2\/product"}],"about":[{"href":"https:\/\/ownpowr.com\/hu\/wp-json\/wp\/v2\/types\/product"}],"wp:featuredmedia":[{"embeddable":true,"href":"https:\/\/ownpowr.com\/hu\/wp-json\/wp\/v2\/media\/832"}],"wp:attachment":[{"href":"https:\/\/ownpowr.com\/hu\/wp-json\/wp\/v2\/media?parent=831"}],"wp:term":[{"taxonomy":"product_cat","embeddable":true,"href":"https:\/\/ownpowr.com\/hu\/wp-json\/wp\/v2\/product_cat?post=831"},{"taxonomy":"product_tag","embeddable":true,"href":"https:\/\/ownpowr.com\/hu\/wp-json\/wp\/v2\/product_tag?post=831"}],"curies":[{"name":"wp","href":"https:\/\/api.w.org\/{rel}","templated":true}]}}