{"id":902,"date":"2023-10-04T16:42:22","date_gmt":"2023-10-04T14:42:22","guid":{"rendered":"https:\/\/ownpowr.com\/product\/koyoe-20kw-three-phase-include-wire-wifi-smart-meter\/"},"modified":"2025-03-27T13:38:52","modified_gmt":"2025-03-27T11:38:52","slug":"koyoe-20kw-three-phase-include-wire-wifi-smart-meter","status":"publish","type":"product","link":"https:\/\/ownpowr.com\/hu\/product\/koyoe-20kw-haromfazisu-tartalmaz-vezetek-wifi-intelligens-meromuszer\/","title":{"rendered":"Koyoe 20kw inverter h\u00e1romf\u00e1zis\u00fa, vezet\u00e9k, wifi, intelligens m\u00e9r\u0151 tartalmazz\u00e1k"},"content":{"rendered":"<h1>Koyoe 20kw inverter h\u00e1romf\u00e1zis\u00fa, vezet\u00e9k, wifi, intelligens m\u00e9r\u0151 tartalmazz\u00e1k<\/h1>\n<p>M\u00e1rka: Koyoe<\/p>\n<p>Term\u00e9kk\u00f3d \/ SKU: KY-EST20KH<\/p>\n<p>&nbsp;<\/p>\n<h2>Le\u00edr\u00e1s<\/h2>\n<p><strong>Modul\u00e1ris kialak\u00edt\u00e1s<\/strong><\/p>\n<p>Modul\u00e1ris kialak\u00edt\u00e1s, egym\u00e1sra \u00e9p\u00edtett telep\u00edt\u00e9s egyszer\u0171 megjelen\u00e9s de jel, integr\u00e1l\u00e1sa modem otthon;<\/p>\n<p><strong>Smar Switch<\/strong><\/p>\n<p>H\u00e1l\u00f3zaton k\u00edv\u00fcli m\u0171k\u00f6d\u00e9s, a v\u00e9szhelyzeti \u00e1ramell\u00e1t\u00e1s \u00e9s a z\u00f6kken\u0151mentes kapcsol\u00e1s t\u00e1mogat\u00e1sa;<\/p>\n<p><strong>Sz\u00e9les fesz\u00fclts\u00e9g bemeneti tartom\u00e1ny<\/strong><\/p>\n<p>Ultra sz\u00e9les PV fesz\u00fclts\u00e9gtartom\u00e1ny 120V-500V, akkumul\u00e1tor \u00e9s Ultra sz\u00e9les fesz\u00fclts\u00e9gtartom\u00e1ny 85V-450V;<\/p>\n<p><strong>Biztons\u00e1gos \u00e9s megb\u00edzhat\u00f3<\/strong><\/p>\n<p>Intelligens l\u00e9gh\u0171t\u00e9s, alacsony h\u0151m\u00e9rs\u00e9klet-emelked\u00e9s. Hossz\u00fa \u00e9lettartam, t\u00f6bb v\u00e9delmi funkci\u00f3;<\/p>\n<p><strong>Okos \u00e9s egyszer\u0171<\/strong><\/p>\n<p>GPRS\/WIFI\/RS485\/USBLCD kialak\u00edt\u00e1s t\u00e1mogat\u00e1sa, t\u00e1vfel\u00fcgyelet t\u00e1mogat\u00e1sa;<\/p>\n<p><strong>Magas energiahat\u00e9konys\u00e1g<\/strong><\/p>\n<p>Kevesebb kimeneti teljes\u00edtm\u00e9nycs\u00f6kken\u00e9s magas h\u0151m\u00e9rs\u00e9kleten,<br \/>\na hat\u00e9konys\u00e1g javult, a maxim\u00e1lis PV bemeneti teljes\u00edtm\u00e9ny ak\u00e1r<br \/>\n1,3-szoros n\u00e9vleges teljes\u00edtm\u00e9ny<\/p>\n<p>&nbsp;<\/p>\n<p>Let\u00f6lt\u00e9sek<\/p>\n<p><a href=\"https:\/\/storeyourownpower.com\/wp-content\/uploads\/2023\/05\/Templates_cn_file_Ess-Warranty.pdf\">_Templates_cn_file_Ess Garancia<\/a><\/p>\n<p><a href=\"https:\/\/storeyourownpower.com\/wp-content\/uploads\/2023\/05\/Templates_cn_file_energy_10kw.pdf\">_Templates_cn_file_energy_10kw<\/a><\/p>","protected":false},"excerpt":{"rendered":"<p>Koyoe 20kw inverter h\u00e1romf\u00e1zis\u00fa, vezet\u00e9k, wifi, intelligens m\u00e9r\u0151 M\u00e1rka: Koyoe Term\u00e9kk\u00f3d \/ SKU: KY-EST20KH Le\u00edr\u00e1s Modul\u00e1ris kialak\u00edt\u00e1s Modul\u00e1ris kialak\u00edt\u00e1s, egym\u00e1sra \u00e9p\u00edtett telep\u00edt\u00e9s egyszer\u0171 megjelen\u00e9s de jel, integr\u00e1ci\u00f3 [...]<\/p>","protected":false},"featured_media":903,"template":"","meta":{"_seopress_robots_primary_cat":"none","_seopress_titles_title":"Koyoe 20kw Inverter Three Phase - Wire, WiFi, Smart Meter","_seopress_titles_desc":"Introducing the Koyoe 20kw Inverter Three Phase with modular design for simple installation. Enjoy seamless switching and emergency power supply. Wide voltage input range ensures safe operation. Smart air cooling and multiple protection functions guarantee reliability. Remote monitoring and high power efficiency make this inverter a smart choice for your energy needs.","_seopress_robots_index":"","_kad_blocks_custom_css":"","_kad_blocks_head_custom_js":"","_kad_blocks_body_custom_js":"","_kad_blocks_footer_custom_js":""},"product_cat":[18],"product_tag":[],"class_list":{"0":"post-902","1":"product","2":"type-product","3":"status-publish","4":"has-post-thumbnail","6":"product_cat-hybrid-inverters","8":"first","9":"instock","10":"sale","11":"taxable","12":"shipping-taxable","13":"purchasable","14":"product-type-simple"},"taxonomy_info":{"product_cat":[{"value":18,"label":"Hybrid inverters"}]},"featured_image_src_large":["https:\/\/ownpowr.com\/wp-content\/uploads\/2023\/05\/Koyoe-10kW-3-Phase-Hybrid-Inverter1-1024x1024.png",1024,1024,true],"author_info":[],"comment_info":"","_links":{"self":[{"href":"https:\/\/ownpowr.com\/hu\/wp-json\/wp\/v2\/product\/902","targetHints":{"allow":["GET"]}}],"collection":[{"href":"https:\/\/ownpowr.com\/hu\/wp-json\/wp\/v2\/product"}],"about":[{"href":"https:\/\/ownpowr.com\/hu\/wp-json\/wp\/v2\/types\/product"}],"wp:featuredmedia":[{"embeddable":true,"href":"https:\/\/ownpowr.com\/hu\/wp-json\/wp\/v2\/media\/903"}],"wp:attachment":[{"href":"https:\/\/ownpowr.com\/hu\/wp-json\/wp\/v2\/media?parent=902"}],"wp:term":[{"taxonomy":"product_cat","embeddable":true,"href":"https:\/\/ownpowr.com\/hu\/wp-json\/wp\/v2\/product_cat?post=902"},{"taxonomy":"product_tag","embeddable":true,"href":"https:\/\/ownpowr.com\/hu\/wp-json\/wp\/v2\/product_tag?post=902"}],"curies":[{"name":"wp","href":"https:\/\/api.w.org\/{rel}","templated":true}]}}