{"id":917,"date":"2023-10-04T16:42:59","date_gmt":"2023-10-04T14:42:59","guid":{"rendered":"https:\/\/ownpowr.com\/product\/pylontech-force-h1-bmu-base-v2\/"},"modified":"2025-02-20T12:30:23","modified_gmt":"2025-02-20T10:30:23","slug":"pylontech-force-h1-bmu-v2","status":"publish","type":"product","link":"https:\/\/ownpowr.com\/hu\/product\/pylontech-force-h1-bmu-v2\/","title":{"rendered":"Pylontech force H1 BMU alap V2"},"content":{"rendered":"<p>Pylontech Force H1 V2 V2 BMU b\u00e1zis akkumul\u00e1tor-kezel\u0151 egys\u00e9g<\/p>\n<p>Pylontech Force H1 V2 BMU B\u00e1zisakkumul\u00e1tor-kezel\u0151 egys\u00e9g, amely a Force H1 akkumul\u00e1tor \u00e9s az inverter k\u00f6z\u00f6tti kommunik\u00e1ci\u00f3s kapcsolatk\u00e9nt szolg\u00e1l. Felh\u00edvjuk a figyelmet, hogy egy BMU-ra van sz\u00fcks\u00e9g akkumul\u00e1tor-k\u00f6tegenk\u00e9nt.<\/p>\n<ul>\n<li>Megk\u00f6nny\u00edti a Force H1 akkumul\u00e1tor \u00e9s az inverter k\u00f6z\u00f6tti kommunik\u00e1ci\u00f3t.<\/li>\n<\/ul>\n<p>Az Pylontech nagy- \u00e9s kisfesz\u00fclts\u00e9g\u0171 akkumul\u00e1torok gy\u00e1rt\u00e1s\u00e1ra specializ\u00e1l\u00f3dott lakoss\u00e1gi \u00e9s kereskedelmi alkalmaz\u00e1sokhoz.<\/p>\n<p>Tov\u00e1bbi inform\u00e1ci\u00f3k\u00e9rt l\u00e9pjen be a term\u00e9kdokumentumokba.<\/p>\n<ul>\n<li><a title=\"Adatlap Pylontech Force H1 yoa2dg9dkeusferjubbq doc link\" href=\"https:\/\/res.cloudinary.com\/gpceurope\/image\/upload\/v1620655621\/yoa2dg9dkeusferjubbq.pdf\" target=\"_blank\" rel=\"noopener\">\u00a0Adatlap Pylontech Force H1<\/a><\/li>\n<li><a title=\"Pylontech kompatibilis inverter lista wnvulbkipwxriesvmtmj doc link\" href=\"https:\/\/res.cloudinary.com\/gpceurope\/image\/upload\/v1620655628\/wnvulbkipwxriesvmtmj.pdf\" target=\"_blank\" rel=\"noopener\">\u00a0Pylontech kompatibilis inverter lista<\/a><\/li>\n<li><a title=\"Telep\u00edt\u00e9si k\u00e9zik\u00f6nyv Pylontech Force H1 ndvnntilslprssd02qcw doc link\" href=\"https:\/\/res.cloudinary.com\/gpceurope\/image\/upload\/v1620655640\/ndvnntilslprssd02qcw.pdf\" target=\"_blank\" rel=\"noopener\">\u00a0Telep\u00edt\u00e9si k\u00e9zik\u00f6nyv Pylontech Force H1<\/a><\/li>\n<li><a title=\"Korl\u00e1tozott j\u00f3t\u00e1ll\u00e1s quvv15iw5v0lk6cavph9 doc link\" href=\"https:\/\/res.cloudinary.com\/gpceurope\/image\/upload\/v1645348537\/quvv15iw5v0lk6cavph9.pdf\" target=\"_blank\" rel=\"noopener\">\u00a0Korl\u00e1tozott j\u00f3t\u00e1ll\u00e1s<\/a><\/li>\n<li><a href=\"https:\/\/storeyourownpower.com\/wp-content\/uploads\/2022\/10\/Datasheet-English-2.pdf\" target=\"_blank\" rel=\"noopener\">Adatlap angol<\/a><\/li>\n<li><a href=\"https:\/\/storeyourownpower.com\/wp-content\/uploads\/2022\/10\/Compatibility-list-English.pdf\" target=\"_blank\" rel=\"noopener\">Kompatibilit\u00e1si lista angol<\/a><\/li>\n<li><a href=\"https:\/\/storeyourownpower.com\/wp-content\/uploads\/2022\/10\/Operation-manual-English.pdf\" target=\"_blank\" rel=\"noopener\">Haszn\u00e1lati \u00fatmutat\u00f3 angol<\/a><\/li>\n<li><a href=\"https:\/\/storeyourownpower.com\/wp-content\/uploads\/2022\/10\/Consumer-Warranty.pdf\" target=\"_blank\" rel=\"noopener\">Fogyaszt\u00f3i garancia<\/a><\/li>\n<\/ul>","protected":false},"excerpt":{"rendered":"<p>Ez a b\u00e1zis menedzsment modul k\u00e9szen \u00e1ll az Kostal inverterekhez !!!<\/p>","protected":false},"featured_media":425,"template":"","meta":{"_seopress_robots_primary_cat":"none","_seopress_titles_title":"PYLONTECH FORCE H1 V2 BMU Base Battery Management Unit","_seopress_titles_desc":"Communication unit between the Force H1 battery and the inverter. Find product documents, compatibility list, installation manual, and warranty.","_seopress_robots_index":"","_kad_blocks_custom_css":"","_kad_blocks_head_custom_js":"","_kad_blocks_body_custom_js":"","_kad_blocks_footer_custom_js":""},"product_cat":[17],"product_tag":[],"class_list":{"0":"post-917","1":"product","2":"type-product","3":"status-publish","4":"has-post-thumbnail","6":"product_cat-home-batteries","8":"first","9":"instock","10":"sale","11":"taxable","12":"shipping-taxable","13":"purchasable","14":"product-type-simple"},"taxonomy_info":{"product_cat":[{"value":17,"label":"Home batteries"}]},"featured_image_src_large":["https:\/\/ownpowr.com\/wp-content\/uploads\/2023\/05\/IMG_0548.webp",800,408,false],"author_info":[],"comment_info":"","_links":{"self":[{"href":"https:\/\/ownpowr.com\/hu\/wp-json\/wp\/v2\/product\/917","targetHints":{"allow":["GET"]}}],"collection":[{"href":"https:\/\/ownpowr.com\/hu\/wp-json\/wp\/v2\/product"}],"about":[{"href":"https:\/\/ownpowr.com\/hu\/wp-json\/wp\/v2\/types\/product"}],"wp:featuredmedia":[{"embeddable":true,"href":"https:\/\/ownpowr.com\/hu\/wp-json\/wp\/v2\/media\/425"}],"wp:attachment":[{"href":"https:\/\/ownpowr.com\/hu\/wp-json\/wp\/v2\/media?parent=917"}],"wp:term":[{"taxonomy":"product_cat","embeddable":true,"href":"https:\/\/ownpowr.com\/hu\/wp-json\/wp\/v2\/product_cat?post=917"},{"taxonomy":"product_tag","embeddable":true,"href":"https:\/\/ownpowr.com\/hu\/wp-json\/wp\/v2\/product_tag?post=917"}],"curies":[{"name":"wp","href":"https:\/\/api.w.org\/{rel}","templated":true}]}}