{"id":932,"date":"2023-10-04T16:37:39","date_gmt":"2023-10-04T14:37:39","guid":{"rendered":"https:\/\/ownpowr.com\/product\/enphase-encharge-3t-battery-only-15-year-warantee\/"},"modified":"2025-04-02T14:31:50","modified_gmt":"2025-04-02T12:31:50","slug":"enphase-encharge-3t-battery","status":"publish","type":"product","link":"https:\/\/ownpowr.com\/hu\/product\/enphase-encharge-3t-akkumulator\/","title":{"rendered":"Enphase Encharge 3T akkumul\u00e1tor"},"content":{"rendered":"<p>Enphase Encharge 3T 15 \u00e9v garanci\u00e1val<\/p>\n<p>Megjegyz\u00e9s: Telep\u00edt\u0151i tan\u00fas\u00edtv\u00e1ny sz\u00fcks\u00e9ges! L\u00e1togasson el az Enphase Egyetemre a tan\u00fas\u00edtv\u00e1ny megszerz\u00e9s\u00e9hez.<\/p>\n<p>Enphase IQ Battery 3T\/10T Az Enphase IQ 3T \u00e9s 10T el\u0151nyei:<\/p>\n<ul>\n<li>Teljesen integr\u00e1lt AC akkumul\u00e1toros rendszer be\u00e9p\u00edtett IQ 8X-BAT mikroinverterekkel<\/li>\n<li>Egyszer\u0171 csatlakoztat\u00e1s a szabv\u00e1nyos h\u00e1ztart\u00e1si berendez\u00e9s v\u00e1ltakoz\u00f3 \u00e1ram\u00fa h\u00e1l\u00f3zat\u00e1hoz<\/li>\n<li>Pontosan alkalmazkodik a felhaszn\u00e1l\u00f3 saj\u00e1tos k\u00f6r\u00fclm\u00e9nyeihez<\/li>\n<li>Felhaszn\u00e1l\u00f3bar\u00e1t vez\u00e9rl\u00e9s \u00e9s fel\u00fcgyelet mobilalkalmaz\u00e1son kereszt\u00fcl<\/li>\n<li>Passz\u00edv h\u0171t\u0151rendszer (nincsenek mozg\u00f3 alkatr\u00e9szek vagy ventil\u00e1torok)<\/li>\n<li>Kiv\u00e9teles tart\u00f3ss\u00e1g 10 \u00e9v garanci\u00e1val<\/li>\n<li>Az akkumul\u00e1torok telep\u00edt\u00e9s\u00e9hez k\u00f6telez\u0151 a telep\u00edt\u0151i tan\u00fas\u00edt\u00e1s. A tan\u00fas\u00edt\u00e1s r\u00e9szletei\u00e9rt forduljon az Enphase \u00fcgyf\u00e9lmenedzser\u00e9hez.<\/li>\n<li>Gy\u0151z\u0151dj\u00f6n meg r\u00f3la, hogy rendelkezik Art. 270072 - Enphase - IQ Gateway-S Metered k\u00e9sz\u00fcl\u00e9k.<\/li>\n<li>Az Enphase IQ 3T \u00f6sszesen 3,5 kWh t\u00e1rol\u00f3kapacit\u00e1st biztos\u00edt, n\u00e9gy integr\u00e1lt mikroinverterrel, amelyek egy\u00fcttes teljes\u00edtm\u00e9nye 1,28 kW.<\/li>\n<li>A telep\u00edt\u0151k k\u00f6nnyen testre szabhatj\u00e1k a rendszer m\u00e9ret\u00e9t, hogy megfeleljen az \u00faj \u00fcgyfelek \u00e9s a megl\u00e9v\u0151 napelemekkel rendelkez\u0151k ig\u00e9nyeinek.<\/li>\n<\/ul>\n<p>Encharge 3T akkumul\u00e1tort\u00e1rol\u00f3 rendszer integr\u00e1lt Enphase IQ sorozat\u00fa mikroinverterekkel \u00e9s akkumul\u00e1tor-kezel\u0151 egys\u00e9ggel (BMU).<\/p>\n<p>Ez a k\u00e9szlet tartalmazza:<\/p>\n<ul>\n<li>1x Encharge 3T alapegys\u00e9g (ENP-B03-T01-INT00-1-2)<\/li>\n<\/ul>\n<p>\u00c9lvezze az Enphase Encharge 3T nyugalm\u00e1t, amelyet nagyvonal\u00fa, 15 \u00e9ves garancia biztos\u00edt. K\u00e9rj\u00fck, vegye figyelembe a megfelel\u0151 telep\u00edt\u00e9shez \u00e9s konfigur\u00e1l\u00e1shoz sz\u00fcks\u00e9ges telep\u00edt\u0151i tan\u00fas\u00edtv\u00e1nyt.<\/p>\n<p><strong>Tov\u00e1bbi inform\u00e1ci\u00f3:<\/strong><\/p>\n<ul>\n<li><a href=\"https:\/\/storeyourownpower.com\/wp-content\/uploads\/2022\/12\/Datenblatt-German-Encharge-3T.pdf\" target=\"_blank\" rel=\"noopener\">Datenblatt n\u00e9met Encharge 3T<\/a><\/li>\n<li><a href=\"https:\/\/storeyourownpower.com\/wp-content\/uploads\/2022\/12\/Datasheet-English-Encharge-3T.pdf\" target=\"_blank\" rel=\"noopener\">Adatlap angol Encharge 3T<\/a><\/li>\n<li><a href=\"https:\/\/storeyourownpower.com\/wp-content\/uploads\/2022\/12\/Warranty-terms-English-Encharge-3T.pdf\" target=\"_blank\" rel=\"noopener\">Garanci\u00e1lis felt\u00e9telek angol Encharge 3T<\/a><\/li>\n<li><a href=\"https:\/\/storeyourownpower.com\/wp-content\/uploads\/2022\/12\/Warranty-terms-German-Encharge-3T.pdf\" target=\"_blank\" rel=\"noopener\">Garanci\u00e1lis felt\u00e9telek N\u00e9met Encharge 3T<\/a><\/li>\n<li><a href=\"https:\/\/storeyourownpower.com\/wp-content\/uploads\/2022\/12\/Mounting-instructions-English-Encharge-3T.pdf\" target=\"_blank\" rel=\"noopener\">Szerel\u00e9si \u00fatmutat\u00f3 angol Encharge 3T<\/a><\/li>\n<\/ul>","protected":false},"excerpt":{"rendered":"<p>15 \u00e9v garancia ebben az \u00e1rban !<\/p>","protected":false},"featured_media":39969,"template":"","meta":{"_seopress_robots_primary_cat":"none","_seopress_titles_title":"Enphase Encharge 3T: 15-Year Warranty, Installer Certification Required","_seopress_titles_desc":"Discover the advantages of Enphase IQ Battery 3T\/10T, a fully integrated AC battery system that optimally adjusts to your needs. Get certified at Enphase University.","_seopress_robots_index":"","_kad_blocks_custom_css":"","_kad_blocks_head_custom_js":"","_kad_blocks_body_custom_js":"","_kad_blocks_footer_custom_js":""},"product_cat":[17],"product_tag":[],"class_list":{"0":"post-932","1":"product","2":"type-product","3":"status-publish","4":"has-post-thumbnail","6":"product_cat-home-batteries","8":"first","9":"outofstock","10":"sale","11":"taxable","12":"shipping-taxable","13":"purchasable","14":"product-type-simple"},"taxonomy_info":{"product_cat":[{"value":17,"label":"Home batteries"}]},"featured_image_src_large":["https:\/\/ownpowr.com\/wp-content\/uploads\/2023\/10\/enphase-iq-batterij-3t-achterkant-900x900-2.jpeg",658,658,false],"author_info":[],"comment_info":"","_links":{"self":[{"href":"https:\/\/ownpowr.com\/hu\/wp-json\/wp\/v2\/product\/932","targetHints":{"allow":["GET"]}}],"collection":[{"href":"https:\/\/ownpowr.com\/hu\/wp-json\/wp\/v2\/product"}],"about":[{"href":"https:\/\/ownpowr.com\/hu\/wp-json\/wp\/v2\/types\/product"}],"wp:featuredmedia":[{"embeddable":true,"href":"https:\/\/ownpowr.com\/hu\/wp-json\/wp\/v2\/media\/39969"}],"wp:attachment":[{"href":"https:\/\/ownpowr.com\/hu\/wp-json\/wp\/v2\/media?parent=932"}],"wp:term":[{"taxonomy":"product_cat","embeddable":true,"href":"https:\/\/ownpowr.com\/hu\/wp-json\/wp\/v2\/product_cat?post=932"},{"taxonomy":"product_tag","embeddable":true,"href":"https:\/\/ownpowr.com\/hu\/wp-json\/wp\/v2\/product_tag?post=932"}],"curies":[{"name":"wp","href":"https:\/\/api.w.org\/{rel}","templated":true}]}}