{"id":1763,"date":"2023-08-31T23:36:56","date_gmt":"2023-08-31T21:36:56","guid":{"rendered":"https:\/\/ownpowr.com\/?page_id=1763"},"modified":"2023-09-11T16:06:47","modified_gmt":"2023-09-11T14:06:47","slug":"terms-and-conditions","status":"publish","type":"page","link":"https:\/\/ownpowr.com\/it\/termini-e-condizioni\/","title":{"rendered":"Termini e condizioni"},"content":{"rendered":"<p><strong>Portali: www.ownpowr.com<\/strong><\/p><h3 class=\"wp-block-heading\"><strong>Articolo 1. Applicabilit\u00e0<\/strong><\/h3><p>1.1 I presenti Termini e Condizioni Generali si applicano a tutte le offerte di Blauhoff, che opera con il nome commerciale \"Blauhoff\", e a tutti gli accordi stipulati con Blauhoff.<\/p><p>1.2 Le disposizioni delle presenti Condizioni Generali possono essere derogate solo se espressamente concordate per iscritto, nel qual caso le restanti disposizioni delle presenti Condizioni Generali rimarranno in vigore a tutti gli effetti.<\/p><p>1.3 Se l'Acquirente fa riferimento anche ai suoi termini e condizioni generali, tali termini e condizioni non saranno applicabili se non espressamente concordati per iscritto da Blauhoff.<\/p><p>1.4 Per \"Acquirente\" si intende qualsiasi visitatore dei siti Internet o qualsiasi persona fisica o giuridica che \u00e8 o sar\u00e0 in un rapporto contrattuale di qualsiasi tipo con Blauhoff.<\/p><p>1.5 Blauhoff \u00e8 autorizzata ad avvalersi di terzi nell'esecuzione di un accordo con l'Acquirente. 1.6 Blauhoff si riserva il diritto di modificare o integrare i presenti Termini di volta in volta. <\/p><h3 class=\"wp-block-heading\"><strong>Articolo 2. Offerte e formazione di accordi<\/strong><\/h3><p>2.1 Le offerte o le quotazioni devono essere considerate come un invito ai potenziali Acquirenti a fare un'offerta. Blauhoff non \u00e8 in alcun modo vincolato da questo, a meno che non sia stato registrato per iscritto e senza ambiguit\u00e0. L'accettazione da parte del potenziale Acquirente dell'invito a fare un'offerta costituir\u00e0 un'offerta e porter\u00e0 alla formazione di un accordo solo se le altre disposizioni del presente articolo sono state soddisfatte.<\/p><p>2.2 Le offerte sono valide fino ad esaurimento scorte.<\/p><p>2.3 Un preventivo registrato sar\u00e0 valido per un periodo di due (2) settimane, a meno che non sia specificato un altro periodo nel preventivo.<\/p><p>2.4 L'offerta del potenziale Acquirente di cui all'articolo 2.1 sar\u00e0 considerata effettuata in una qualsiasi delle seguenti circostanze:<\/p><p>- il potenziale Acquirente ha specificato esattamente quale prodotto e\/o servizio desidera ricevere;<\/p><p>- un'offerta \u00e8 stata firmata dall'Acquirente e ricevuta da Blauhoff nel caso in cui Blauhoff abbia emesso un'offerta nominativa;<\/p><p>- Il potenziale Acquirente ha inserito i suoi dati nell'apposita schermata di inserimento del sito internet e ha inviato i dati rilevanti (\"modulo d'ordine\") a Blauhoff per via elettronica, e questi dati sono stati ricevuti da Blauhoff.<\/p><p>2.5 Un accordo \u00e8 concluso nel momento in cui una conferma d'ordine viene consegnata all'Acquirente o, nel caso in cui l'offerta venga fatta tramite il sito internet, inviata via e-mail all'indirizzo e-mail fornito dall'Acquirente. Questo accordo pu\u00f2 essere revocato da Blauhoff nel caso in cui l'Acquirente non soddisfi o non abbia soddisfatto in passato le condizioni. In tal caso, Blauhoff informer\u00e0 l'Acquirente entro dieci (10) giorni dalla ricezione dell'ordine.<\/p><p>2.6 L'Acquirente e Blauhoff convengono espressamente che, utilizzando forme di comunicazione elettroniche, un accordo valido sar\u00e0 concluso non appena saranno soddisfatte le condizioni di cui agli articoli 2.4 e 2.5. In particolare, anche l'assenza di una firma ordinaria non influir\u00e0 sulla forza vincolante dell'offerta e della sua accettazione. I file elettronici di Blauhoff serviranno, nella misura consentita dalla legge, come presunzione di prova.<\/p><p>2.7 Le informazioni, le immagini, gli avvisi forniti oralmente, per telefono o via e-mail e le dichiarazioni ecc. relative a tutte le offerte e alle caratteristiche pi\u00f9 importanti dei prodotti sono fornite o realizzate nel modo pi\u00f9 accurato possibile. Tuttavia, Blauhoff non garantisce che tutte le offerte e i prodotti siano pienamente conformi alle informazioni fornite e cos\u00ec via. In linea di principio, le divergenze non possono essere motivo di risarcimento e\/o scioglimento.<\/p><h3 class=\"wp-block-heading\"><strong>Articolo 3. Prezzi<\/strong><\/h3><p>3.1 Tutti i prezzi, se non diversamente concordato, sono espressi in euro, in conformit\u00e0 alle norme legali in materia.<\/p><p>3.2 Le offerte speciali sono valide solo fino ad esaurimento scorte.<\/p><p>3.3 L'Acquirente deve il prezzo comunicatogli da Blauhoff nella sua conferma in conformit\u00e0 all'Articolo 2.5 dei presenti Termini e Condizioni. Gli errori evidenti (di manipolazione) nell'offerta di prezzo, come le imprecisioni evidenti, possono essere corretti anche dopo la conclusione del contratto da parte di Blauhoff.<\/p><p>3.4 Le spese di consegna non sono incluse nel prezzo. Si applicano tariffe speciali per la consegna al di fuori dei Paesi Bassi. Per quanto riguarda alcuni metodi di pagamento, si applicano ulteriori condizioni relative al metodo di consegna e ai costi associati. Ci\u00f2 sar\u00e0 chiaramente comunicato all'Acquirente.<\/p><p>3.5 Se dopo la data del preventivo uno o pi\u00f9 fattori di prezzo dei costi subiscono un aumento, anche se ci\u00f2 avviene a seguito di circostanze prevedibili, Blauhoff ha il diritto di aumentare il prezzo concordato di conseguenza. Se un aumento di prezzo avviene entro tre mesi dalla conclusione del contratto, Blauhoff ha il diritto di aumentare il prezzo concordato di conseguenza.<\/p><p>il consumatore pu\u00f2 sciogliere il contratto entro 10 giorni, a meno che l'aumento di prezzo non derivi da un potere o da un obbligo del fornitore ai sensi della legge o se \u00e8 stato stabilito che la consegna avverr\u00e0 pi\u00f9 di tre mesi dopo l'acquisto.<\/p><h3 class=\"wp-block-heading\"><strong>Articolo 4. Pagamento<\/strong><\/h3><p>4.1 Gli ordini possono essere pagati nei seguenti modi:<\/p><p>-Pagamento anticipato tramite bonifico bancario o bancario e ideale, la merce ordinata sar\u00e0 inviata dopo il ricevimento del pagamento;<\/p><p>- Al momento del ritiro dell'ordine, il pagamento pu\u00f2 essere effettuato tramite pin o contanti;<\/p><p>- Blauhoff potrebbe ampliare le opzioni di pagamento in futuro. Altre opzioni di pagamento saranno rese note attraverso il sito Internet.<\/p><p>4.2 Laddove Blauhoff abbia concordato un termine di pagamento, l'Acquirente sar\u00e0 inadempiente alla semplice scadenza di tale termine. I termini di pagamento possono essere concordati solo per iscritto alle condizioni che verranno stabilite e concordate in quel momento.<\/p><p>4.3 In caso di mancato o ritardato pagamento da parte dell'Acquirente, saranno dovuti gli interessi legali sull'importo insoluto a partire dal giorno in cui il pagamento avrebbe dovuto essere effettuato al pi\u00f9 tardi fino al giorno del pagamento completo, dove un mese iniziato sar\u00e0 conteggiato come un mese intero.<\/p><p>4.4 L'Acquirente si far\u00e0 carico anche di tutti i costi di riscossione extragiudiziali e giudiziari di qualsiasi tipo sostenuti da Blauhoff a seguito del mancato rispetto da parte dell'Acquirente dei suoi obblighi (di pagamento). I costi di riscossione extragiudiziale a carico dell'Acquirente saranno pari ad almeno 15% dell'importo dovuto e mai superiori ai costi di riscossione massimi consentiti. La consegna di prodotti e\/o servizi pu\u00f2 essere sospesa fino al pagamento del prezzo della fattura.<\/p><p>4.5 In caso di mancato pagamento tempestivo, Blauhoff avr\u00e0 il diritto di sciogliere l'accordo con effetto immediato o di sospendere la (ulteriore) consegna fino a quando l'Acquirente non avr\u00e0 adempiuto completamente agli obblighi di pagamento, compreso il pagamento degli interessi e dei costi dovuti.<\/p><p>4.6 Se l'Acquirente non rispetta i suoi obblighi di pagamento o ha difficolt\u00e0 di pagamento, Blauhoff avr\u00e0 il diritto, senza alcuna citazione preventiva e\/o avviso di inadempienza, di. Recuperare e sciogliere il contratto. L'Acquirente concede a Blauhoff il permesso di recuperare i prodotti, se necessario rimuoverli e recuperarli, e l'Acquirente fornir\u00e0 a Blauhoff ogni opportunit\u00e0 per farlo. Questo consenso copre anche la situazione in cui avrebbe avuto luogo l'adesione o qualcosa di simile. Lo smaltimento dei prodotti sar\u00e0 a carico dell'acquirente. Se i prodotti vengono smaltiti, Blauhoff non sar\u00e0 obbligato a pagare l'acquirente per i prodotti. I prodotti installano tubi, raccordi, ecc. e\/o annullano gli accordi costruttivi presi.<\/p><h3 class=\"wp-block-heading\"><strong>Articolo 5. Consegna e tempi di consegna<\/strong><\/h3><p>5.1 Gli ordini saranno consegnati il prima possibile. In linea di principio, Blauhoff mira a spedire gli ordini entro cinque giorni lavorativi. Il termine ultimo di consegna \u00e8 di 60 giorni dal ricevimento dell'ordine, ad eccezione dei pagamenti anticipati per i quali il termine ultimo di consegna \u00e8 di 40 giorni dal ricevimento del pagamento. I tempi di consegna indicati sono solo indicativi e non rappresentano mai una scadenza. Tuttavia, per alcuni prodotti, in particolare i sistemi di pannelli solari, i tempi di consegna e i prezzi di mercato variano notevolmente a seconda dell'attuale domanda e offerta globale. Blauhoff annuncer\u00e0 i tempi di consegna modificati non appena possibile. Blauhoff pu\u00f2 fornire ulteriori informazioni sui tempi di consegna sul sito internet o altrimenti per iscritto. Tali informazioni sono solo indicative.<\/p><p>5.2 Se l'Acquirente ordina un prodotto temporaneamente esaurito, verr\u00e0 comunicato quando il prodotto sar\u00e0 nuovamente disponibile. Blauhoff cercher\u00e0 di notificare all'Acquirente i ritardi entro tre giorni lavorativi via e-mail o telefono.<\/p><p>5.3 Le consegne degli ordini spediti saranno effettuate all'indirizzo fornito dall'Acquirente durante la formazione del contratto.<\/p><p>5.4 Una volta che i prodotti da consegnare sono stati consegnati all'indirizzo di consegna specificato, il rischio, per quanto riguarda tali prodotti, passa all'Acquirente. Per le consegne che vengono ritirate dall'Acquirente, il rischio, per quanto riguarda questi prodotti, viene trasferito all'Acquirente al momento del trasferimento, ma in ogni caso prima del carico.<\/p><p>5.5 Le consegne possono essere effettuate in parti per motivi pratici. 5.6 Alle consegne all'estero possono essere applicate condizioni diverse. <\/p><h3 class=\"wp-block-heading\"><strong>Articolo 6. Scambi<\/strong><\/h3><p>6.1 L'Acquirente \u00e8 tenuto a ispezionare attentamente i prodotti (o a farli ispezionare) subito dopo il ricevimento e a segnalare immediatamente eventuali difetti o danni. Anche i danni da trasporto devono essere segnalati immediatamente al vettore interessato. Il software o i prodotti simili possono essere sostituiti solo entro 3 giorni e nella confezione originale, il cui sigillo non \u00e8 stato rotto. La sostituzione \u00e8 possibile solo dietro presentazione della fattura originale.<\/p><h3 class=\"wp-block-heading\"><strong>Articolo 7. Garanzia di soddisfazione e diritto di recesso<\/strong><\/h3><p>7.1 Il consumatore-acquirente ha il diritto di esercitare un diritto di recesso senza penalit\u00e0 o spiegazioni entro 14 giorni lavorativi dal ricevimento. Sono esclusi da questo diritto di recesso i prodotti ordinati e assemblati in modo speciale (quasi sempre con sistemi di pannelli solari) e i software o altri prodotti il cui sigillo \u00e8 rotto. Il consumatore-acquirente \u00e8 responsabile dei danni ai prodotti restituiti, anche se causati dal trasporto di ritorno.<\/p><p>7.2 Se il consumatore-acquirente ha esercitato il diritto di recesso come indicato nel paragrafo precedente, Blauhoff garantir\u00e0 il rimborso dell'importo pagato dal consumatore-acquirente a Blauhoff entro 14 giorni.<\/p><p>7.3 Il costo della restituzione del prodotto sar\u00e0 a carico del consumatore-acquirente.<\/p><h3 class=\"wp-block-heading\"><strong>Articolo 8. Conservazione del titolo<\/strong><\/h3><p>8.1 La propriet\u00e0 dei prodotti, nonostante l'effettiva consegna, non passer\u00e0 all'Acquirente fino a quando l'Acquirente non avr\u00e0 pagato per intero tutto ci\u00f2 che l'Acquirente deve in relazione a qualsiasi accordo con Blauhoff, incluso il pagamento degli interessi e dei costi, compresi quelli delle consegne precedenti o successive e di qualsiasi lavoro svolto o da svolgere in relazione ai prodotti.<\/p><p>8.2 L'Acquirente non pu\u00f2 gravare, vendere, rivendere, alienare o gravare in altro modo i prodotti prima del passaggio di propriet\u00e0.<\/p><h3 class=\"wp-block-heading\"><strong>Articolo 9. Installazione e montaggio<\/strong><\/h3><p>9.1 Il prodotto sar\u00e0 installato e collegato dall'Acquirente stesso, a meno che non sia stato concordato che l'installazione del prodotto sia eseguita da Blauhoff.<\/p><p>9.2 L'Acquirente \u00e8 responsabile nei confronti di Blauhoff della corretta e tempestiva implementazione di tutti i dispositivi, le disposizioni o le condizioni necessarie per la sistemazione del prodotto da assemblare e\/o il corretto funzionamento del prodotto nel suo stato assemblato.<\/p><p>9.3 Nonostante le disposizioni precedenti, in caso di fornitura di servizi da parte di Blauhoff, l'Acquirente dovr\u00e0 in ogni caso garantire a proprie spese e rischio che:<\/p><p>a) il personale di Blauhoff o di terzi da esso incaricati, non appena arriva sul luogo di montaggio, ottiene l'accesso e pu\u00f2 iniziare e continuare a svolgere il lavoro durante il normale orario di lavoro e, inoltre, se Blauhoff lo ritiene necessario, al di fuori del normale orario di lavoro, a condizione che ne abbia informato l'Acquirente in modo tempestivo.<\/p><p>(b) le strade di accesso al sito di installazione sono adatte al trasporto necessario. (c) il sito di installazione designato \u00e8 adatto allo stoccaggio e al montaggio.<\/p><p>(d) sono state adottate e mantenute tutte le misure di sicurezza e precauzione necessarie, nonch\u00e9 che sono state adottate e mantenute tutte le misure per rispettare le normative governative applicabili nel contesto del montaggio\/installazione.<\/p><p>(e) non \u00e8 presente amianto nel sito di collocamento del prodotto.<\/p><p>f) nella misura in cui ci\u00f2 sia applicabile, l'Acquirente garantir\u00e0 a Blauhoff l'accesso tempestivo alle approvazioni e ai permessi richiesti per i Servizi, nonch\u00e9 ai dati che l'Acquirente dovr\u00e0 fornire in relazione all'esecuzione dei Servizi.<\/p><p>9.4 L'Acquirente deve garantire che il lavoro e\/o la consegna da eseguire da parte di altri, che non fanno parte del lavoro di assemblaggio\/installazione di Blauhoff o della terza parte che ha ingaggiato, siano eseguiti in modo tale e tempestivo da non ritardare l'esecuzione del lavoro da parte o per conto di Blauhoff. Se, tuttavia, si verifica un ritardo ai sensi del presente paragrafo, l'acquirente deve informare Blauhoff in modo tempestivo.<\/p><p>9.5 I danni e i costi derivanti dal mancato o non tempestivo adempimento delle condizioni previste dal presente articolo sono a carico dell'acquirente.<\/p><p>9.6 L'Acquirente si assume il rischio di danni causati da: imprecisioni nelle informazioni fornite e\/o nel lavoro assegnato; imprecisioni nelle costruzioni e nei metodi di lavoro richiesti dall'Acquirente; difetti nei materiali o nelle risorse messe a disposizione dall'Acquirente; difetti nei beni mobili o immobili sui quali viene eseguito il lavoro.<\/p><p>9.7 Blauhoff compie ogni sforzo per eseguire i servizi in modo tempestivo. Blauhoff non \u00e8 responsabile dei danni diretti e indiretti se non riesce ad eseguire i servizi in modo tempestivo.<\/p><p>9.8 Blauhoff si sforzer\u00e0 di eseguire i servizi che deve fornire come un buon appaltatore.<\/p><p>9.9 In caso di lavoro aggiuntivo, Blauhoff avr\u00e0 il diritto di addebitare l'Acquirente. Il lavoro aggiuntivo sar\u00e0 - per quanto possibile - comunicato da Blauhoff all'Acquirente il prima possibile. Si ritiene che l'Acquirente sia d'accordo con l'esecuzione del lavoro aggiuntivo, i costi associati e, se necessario, il tempo di consegna modificato, a meno che l'Acquirente non si opponga prima dell'inizio dell'esecuzione del lavoro aggiuntivo e in ogni caso entro cinque giorni dalla suddetta notifica da parte di Blauhoff.<\/p><h3 class=\"wp-block-heading\"><strong>Articolo 10. Garanzia e responsabilit\u00e0<\/strong><\/h3><p>10.1 La garanzia per i prodotti consegnati da Blauhoff \u00e8 determinata dal produttore del prodotto in questione. Se questo regolamento \u00e8 svantaggioso per il consumatore-acquirente rispetto ai diritti che il consumatore-acquirente pu\u00f2 far valere nei confronti di Blauhoff ai sensi della legge e dell'accordo a distanza, si applicheranno almeno i diritti previsti dalla legge e dall'accordo a distanza. In termini pratici, ci\u00f2 significa che il consumatore-acquirente ha diritto alla riparazione o alla sostituzione gratuita dell'acquisto per un periodo di almeno 2 anni, in caso di difetto non imputabile a lui.<\/p><p>10.2 Blauhoff non sar\u00e0 mai obbligata a pagare alcun risarcimento all'Acquirente o ad altri, a meno che non vi sia dolo o grave negligenza da parte di Blauhoff. Blauhoff non sar\u00e0 mai responsabile per perdite conseguenti o commerciali, perdite indirette e perdita di profitto o fatturato.<\/p><p>10.3 La responsabilit\u00e0 di Blauhoff per i danni non superer\u00e0 mai un importo pari al valore della fattura in relazione al prodotto o servizio che ha causato il danno.<\/p><p>10.4 Nonostante le disposizioni del presente articolo, non vi pu\u00f2 essere garanzia se l'usura pu\u00f2 essere considerata normale e inoltre nei seguenti casi:<\/p><p>-Se sono state apportate modifiche al prodotto, comprese le riparazioni non effettuate con il consenso di Blauhoff o del produttore;<\/p><p>-se la fattura originale non pu\u00f2 essere prodotta, \u00e8 stata alterata o resa illeggibile; - se i difetti sono il risultato di un uso improprio o inadeguato;<\/p><p>-Se si sono verificati danni dovuti a cause o influenze esterne;<\/p><p>-Se il danno \u00e8 stato causato da dolo, negligenza grave o manutenzione negligente.<\/p><p>10.5 L'Acquirente \u00e8 tenuto a indennizzare Blauhoff da qualsiasi rivendicazione che terzi possano avanzare nei confronti di Blauhoff in relazione all'esecuzione del contratto, nella misura in cui la legge non impedisca che i relativi danni e costi siano a carico dell'Acquirente.<\/p><p>10.6 Blauhoff pu\u00f2 includere nel suo sito Internet link ad altri siti Internet che possono essere di interesse o informativi per il visitatore. Tali link sono puramente informativi. Blauhoff non \u00e8 responsabile del contenuto del sito Internet a cui si fa riferimento o dell'uso che se ne pu\u00f2 fare.<\/p><h3 class=\"wp-block-heading\"><strong>Articolo 11. Forza maggiore<\/strong><\/h3><p>11.1 In caso di forza maggiore, Blauhoff non \u00e8 obbligato ad adempiere ai suoi obblighi nei confronti dell'Acquirente, oppure l'obbligo \u00e8 sospeso per la durata della forza maggiore.<\/p><p>11.2 Per forza maggiore si intende qualsiasi circostanza, indipendente dalla sua volont\u00e0, che impedisce l'adempimento di tutti o di parte dei suoi obblighi nei confronti dell'Acquirente. Le circostanze includono scioperi, incendi, disordini commerciali, guasti energetici, mancata o ritardata consegna da parte dei fornitori o di altre terze parti impegnate e l'assenza di qualsiasi permesso governativo. La forza maggiore comprende anche i guasti a una rete (di telecomunicazioni) o alla connessione o ai sistemi di comunicazione utilizzati e\/o l'indisponibilit\u00e0 del sito Internet in qualsiasi momento.<\/p><h3 class=\"wp-block-heading\"><strong>Articolo 12. Propriet\u00e0 intellettuale<\/strong><\/h3><p>12.1 L'Acquirente riconosce espressamente che tutti i diritti di propriet\u00e0 intellettuale delle informazioni visualizzate, delle comunicazioni o di altre espressioni relative ai prodotti e\/o al sito internet appartengono a Blauhoff, ai suoi fornitori o ad altri aventi diritto.<\/p><p>12.2 Per diritti di propriet\u00e0 intellettuale si intendono i diritti di brevetto, copyright, marchio, design e modello e\/o altri diritti (di propriet\u00e0 intellettuale), compreso se brevettabile<\/p><p>Know-how tecnico e\/o commerciale, metodi e concetti.<\/p><p>12.3 All'Acquirente \u00e8 vietato fare qualsiasi uso, comprese le modifiche, dei diritti di propriet\u00e0 intellettuale descritti in questo articolo, come ad esempio la riproduzione, senza l'espressa autorizzazione scritta di Blauhoff, dei suoi fornitori o di altre parti aventi diritto, a meno che non si tratti di un uso puramente privato in relazione al prodotto stesso.<\/p><h3 class=\"wp-block-heading\"><strong>Articolo 13. Dati personali<\/strong><\/h3><p>13.1 Blauhoff tratter\u00e0 i dati dell'Acquirente solo in conformit\u00e0 alla sua politica sulla privacy. 13.2 Blauhoff rispetter\u00e0 i regolamenti e la legislazione sulla privacy applicabili. <\/p><h3 class=\"wp-block-heading\"><strong>Articolo 14. Legge applicabile e competenza <\/strong>tribunale<\/h3><p>14.1 Tutte le offerte e gli accordi sono disciplinati esclusivamente dal diritto olandese.<br>14.2 L'applicabilit\u00e0 della Convenzione di Vienna sulle vendite \u00e8 espressamente esclusa.<\/p><p>14.3 Tutte le controversie relative o derivanti dalle offerte di Blauhoff o dagli accordi stipulati con Blauhoff saranno sottoposte al tribunale competente di Zwolle, Paesi Bassi, a meno che la legge non indichi espressamente un altro tribunale come competente.<\/p><h3 class=\"wp-block-heading\"><strong>Articolo 15. Varie<\/strong><\/h3><p>15.1 Blauhoff BV ha sede in Heemstraweg 123, 6651 KH, Druten ed \u00e8 registrata presso la Camera di Commercio con il numero. 83845577. La preghiamo di inviare tutta la corrispondenza relativa ad un accordo o ai presenti termini e condizioni a Blauhoff all'indirizzo sopra indicato o all'indirizzo e-mail indicato sul sito internet.<\/p><p>15.2 Blauhoff si sforza di rispondere alle e-mail ricevute entro e non oltre cinque giorni lavorativi.<\/p><h3 class=\"wp-block-heading\"><strong>Articolo 16. Acquistare senza IVA nei Paesi Bassi e in Germania<\/strong><\/h3><p>16.1 Nei Paesi Bassi e in Germania, alcuni prodotti sono offerti a tariffa zero. Questa cosiddetta tariffa zero si applica solo se i pannelli solari (inverter e batterie) sono installati su abitazioni (private) o su annessi di un'abitazione, come ad esempio un fienile.<\/p><p>Termini e condizioni Blauhoff 11-09-2023<\/p>","protected":false},"excerpt":{"rendered":"<p>Portali: www.ownpowr.com Articolo 1. Applicabilit\u00e0 1.1 I presenti Termini e Condizioni Generali si applicano a tutte le offerte di Blauhoff, che opera con il nome commerciale \"Blauhoff\" e a tutti i contratti stipulati con [...]<\/p>","protected":false},"author":1,"featured_media":0,"parent":0,"menu_order":0,"comment_status":"closed","ping_status":"closed","template":"","meta":{"_seopress_robots_primary_cat":"","_seopress_titles_title":"","_seopress_titles_desc":"","_seopress_robots_index":"","_kad_blocks_custom_css":"","_kad_blocks_head_custom_js":"","_kad_blocks_body_custom_js":"","_kad_blocks_footer_custom_js":"","footnotes":""},"class_list":["post-1763","page","type-page","status-publish"],"taxonomy_info":[],"featured_image_src_large":false,"author_info":{"display_name":"job-39sj@s9jal019","author_link":"https:\/\/ownpowr.com\/it\/author\/job-39sjs9jal019\/"},"comment_info":0,"_links":{"self":[{"href":"https:\/\/ownpowr.com\/it\/wp-json\/wp\/v2\/pages\/1763","targetHints":{"allow":["GET"]}}],"collection":[{"href":"https:\/\/ownpowr.com\/it\/wp-json\/wp\/v2\/pages"}],"about":[{"href":"https:\/\/ownpowr.com\/it\/wp-json\/wp\/v2\/types\/page"}],"author":[{"embeddable":true,"href":"https:\/\/ownpowr.com\/it\/wp-json\/wp\/v2\/users\/1"}],"replies":[{"embeddable":true,"href":"https:\/\/ownpowr.com\/it\/wp-json\/wp\/v2\/comments?post=1763"}],"version-history":[{"count":0,"href":"https:\/\/ownpowr.com\/it\/wp-json\/wp\/v2\/pages\/1763\/revisions"}],"wp:attachment":[{"href":"https:\/\/ownpowr.com\/it\/wp-json\/wp\/v2\/media?parent=1763"}],"curies":[{"name":"wp","href":"https:\/\/api.w.org\/{rel}","templated":true}]}}