{"id":22,"date":"2023-08-25T18:52:26","date_gmt":"2023-08-25T16:52:26","guid":{"rendered":"https:\/\/ownpowr.com\/?page_id=22"},"modified":"2023-09-11T14:43:48","modified_gmt":"2023-09-11T12:43:48","slug":"refund-returns","status":"publish","type":"page","link":"https:\/\/ownpowr.com\/it\/rimborso-restituzione\/","title":{"rendered":"Politica di rimborso e restituzione"},"content":{"rendered":"<p>I tempi di consegna dei prodotti sono elencati con ogni prodotto.<br>I materiali di piccole dimensioni che possono essere spediti tramite pacco postale, di solito vengono consegnati entro 1-2 giorni.<br><br>Se il peso o le dimensioni non sono adatte alla spedizione di pacchi, i materiali saranno consegnati con un camion. Fisseremo in anticipo un appuntamento con lei nel giorno in cui potr\u00e0 ricevere i materiali.<br><br>Il giorno della consegna ricever\u00e0 l'orario di consegna previsto al mattino, si tratta di un orario indicativo.<\/p><h3 class=\"wp-block-heading\"><strong>Tempi di consegna<\/strong><\/h3><ul class=\"wp-block-list\"><li>Materiali per pacchi postali 1-2 giorni<\/li>\n\n<li>I pannelli e il materiale di montaggio da 1 a 4 giorni vengono calcolati in base al contenuto del carrello. Quando inserisce tutti i materiali nel carrello, pu\u00f2 vedere a quanto ammontano le spese di spedizione. I costi di spedizione effettivi sono significativamente pi\u00f9 alti.<\/li><\/ul><ul class=\"wp-block-list\"><li>Pacco postale fino a 23 kg \u20ac8,95<\/li>\n\n<li>Pacco postale fino a 30 kg \u20ac 12,50<\/li>\n\n<li>La consegna via camion, tra i 25 e gli 85 euro, sar\u00e0 indicata nel carrello. <strong>Restituzione \/ Diritto di recesso<\/strong> Ha il diritto di cancellare il suo ordine fino a 14 giorni dopo la ricezione, senza fornire una motivazione. Se ha ordinato un servizio, come l'installazione di pannelli solari. Il diritto di recesso scade 14 giorni dopo la conferma dell'ordine. Ha altri 14 giorni di tempo dopo l'annullamento per restituire il prodotto. Le verr\u00e0 quindi accreditato l'intero importo dell'ordine, comprese le spese di spedizione. Solo le spese di restituzione da casa sua al web store sono a suo carico. Se si avvale del diritto di recesso, il prodotto sar\u00e0 restituito all'imprenditore con tutti gli accessori consegnati e nelle sue condizioni e confezioni originali. Per esercitare questo diritto, ci contatti all'indirizzo info@ownpowr.com. Provvederemo a rimborsare l'importo dell'ordine dovuto entro 14 giorni dalla notifica della restituzione, a condizione che il prodotto sia gi\u00e0 stato ricevuto in buono stato. Indirizzo per la restituzione:<br>Conteggio a rendere Blauhoff BV, Heemstraweg 123, 6651 KH, Druten<\/li><\/ul><h3 class=\"wp-block-heading\"><strong>Pagamento posteriore<\/strong><\/h3><p>Dopo aver utilizzato il diritto di recesso, ricever\u00e0 indietro tutti i pagamenti, compresi i costi di consegna, entro quattordici giorni. Il costo della spedizione di ritorno \u00e8 a suo carico.<\/p><h3 class=\"wp-block-heading\"><strong>Esclusione del diritto di recesso<\/strong><\/h3><ul class=\"wp-block-list\"><li>Prodotti personalizzati o compositi<\/li>\n\n<li>Accessori e materiali di montaggio.<\/li>\n\n<li>Il lavoro di installazione \u00e8 gi\u00e0 stato fatto<\/li>\n\n<li>Clienti aziendali <strong>Collezione<\/strong> Effettui l'ordine in anticipo nel nostro webshop e scelga l'opzione di ritiro. Una volta elaborato l'ordine, ricever\u00e0 un'e-mail di conferma. Questa le indicher\u00e0 quando potr\u00e0 ritirare l'ordine. Il ritiro \u00e8 possibile dal luned\u00ec al venerd\u00ec dalle 9.00 alle 16.00. Deve pagare in anticipo nel webshop.<\/li><\/ul>","protected":false},"excerpt":{"rendered":"<p>I tempi di consegna dei prodotti sono elencati con ogni prodotto.I materiali di piccole dimensioni che possono essere spediti tramite pacco postale, di solito vengono consegnati entro 1-2 giorni. Se il peso o le dimensioni [...]<\/p>","protected":false},"author":1,"featured_media":0,"parent":0,"menu_order":0,"comment_status":"closed","ping_status":"closed","template":"","meta":{"_seopress_robots_primary_cat":"","_seopress_titles_title":"","_seopress_titles_desc":"","_seopress_robots_index":"","_kad_blocks_custom_css":"","_kad_blocks_head_custom_js":"","_kad_blocks_body_custom_js":"","_kad_blocks_footer_custom_js":"","footnotes":""},"class_list":["post-22","page","type-page","status-publish"],"taxonomy_info":[],"featured_image_src_large":false,"author_info":{"display_name":"job-39sj@s9jal019","author_link":"https:\/\/ownpowr.com\/it\/author\/job-39sjs9jal019\/"},"comment_info":0,"_links":{"self":[{"href":"https:\/\/ownpowr.com\/it\/wp-json\/wp\/v2\/pages\/22","targetHints":{"allow":["GET"]}}],"collection":[{"href":"https:\/\/ownpowr.com\/it\/wp-json\/wp\/v2\/pages"}],"about":[{"href":"https:\/\/ownpowr.com\/it\/wp-json\/wp\/v2\/types\/page"}],"author":[{"embeddable":true,"href":"https:\/\/ownpowr.com\/it\/wp-json\/wp\/v2\/users\/1"}],"replies":[{"embeddable":true,"href":"https:\/\/ownpowr.com\/it\/wp-json\/wp\/v2\/comments?post=22"}],"version-history":[{"count":0,"href":"https:\/\/ownpowr.com\/it\/wp-json\/wp\/v2\/pages\/22\/revisions"}],"wp:attachment":[{"href":"https:\/\/ownpowr.com\/it\/wp-json\/wp\/v2\/media?parent=22"}],"curies":[{"name":"wp","href":"https:\/\/api.w.org\/{rel}","templated":true}]}}