{"id":11224,"date":"2024-04-04T12:26:31","date_gmt":"2024-04-04T10:26:31","guid":{"rendered":"https:\/\/ownpowr.com\/?post_type=product&#038;p=11224"},"modified":"2025-02-27T11:42:24","modified_gmt":"2025-02-27T09:42:24","slug":"deye-ai-w5-1-only-battery","status":"publish","type":"product","link":"https:\/\/ownpowr.com\/it\/product\/deye-ai-w5-1-solo-batteria\/","title":{"rendered":"Deye AI-W5.1-B 5,1 kWh Accumulo di energia LV LiFePO4"},"content":{"rendered":"<p>Deye AI-W5.1(LV)<\/p>\n<div class=\"woocommerce-product-details__short-description\">Deye introduce una soluzione di batterie ad energia solare al litio ferro fosfato (LFP) pi\u00f9 sicura, affidabile e flessibile, che offre una soluzione di accumulo energetico sicura e affidabile, ottimizzata per le applicazioni residenziali e commerciali che richiedono energia in spazi ristretti o con limitazioni di carico.<\/div>\n<div><\/div>\n<div>\n<p>Descrizione<\/p>\n<p>La batteria al litio ferro fosfato Deye ad energia solare offre una soluzione di accumulo di energia sicura e affidabile per le applicazioni residenziali e commerciali che richiedono energia in spazi ristretti o con limitazioni di carico. Compatto e leggero, \u00e8 adatto alle apparecchiature ad alta potenza che operano in spazi limitati, offrendo prestazioni di lunga durata grazie a una vita di ciclo estesa.<\/p>\n<p>La chimica LFP senza cobalto della batteria offre un'elevata densit\u00e0 di potenza senza compromettere la sicurezza. Un sistema intelligente di gestione della batteria (BMS) monitora i dati critici della cella, come tensione, corrente e temperatura, bilanciando la carica e la scarica per massimizzare la durata della batteria.<\/p>\n<p>La capacit\u00e0 e la potenza possono essere scalate attraverso collegamenti in parallelo di pi\u00f9 batterie, in base alle esigenze. Le configurazioni di banchi pi\u00f9 grandi offrono una maggiore capacit\u00e0 energetica e tempi di funzionamento pi\u00f9 lunghi. Costruita per l'affidabilit\u00e0, la batteria supporta elevate capacit\u00e0 di scarica, mantenendo il funzionamento da -20\u00b0C a 55\u00b0C con una classificazione IP55 e un raffreddamento naturale.<\/p>\n<p>Modulari e flessibili, le batterie espandono facilmente la capacit\u00e0 fino a 184 kWh, combinando gruppi di 36 unit\u00e0.<\/p>\n<p>Questo pacco batteria ad energia solare \u00e8 un design ecologico che impiega materiali non tossici e non inquinanti.<\/p>\n<p>L'installazione \u00e8 semplificata da un design impilabile, montato a pavimento, senza cablaggi o fissaggi aggiuntivi. L'installazione e l'impiego sono rapidi e senza sforzo.<\/p>\n<p>La comodit\u00e0 \u00e8 garantita dal collegamento in rete automatico dei moduli per il monitoraggio remoto, la manutenzione e gli aggiornamenti del firmware.<\/p>\n<p><a href=\"https:\/\/ownpowr.com\/wp-content\/uploads\/2023\/12\/deye-ai-w5.1-datasheet.pdf\" target=\"_blank\" rel=\"noopener\">Scheda tecnica Deye AI-W5.1<\/a><\/p>\n<\/div>","protected":false},"excerpt":{"rendered":"<p>Deye AI-W5.1(LV) Deye presenta una soluzione di batterie a energia solare al litio ferro fosfato (LFP) pi\u00f9 sicura, affidabile e flessibile, che offre una soluzione di accumulo energetico sicura e [...]<\/p>","protected":false},"featured_media":138814,"template":"","meta":{"_seopress_robots_primary_cat":"none","_seopress_titles_title":"Reliable and Compact Deye AI-W5.1(LV) Battery Solution","_seopress_titles_desc":"Experience the Deye AI-W5.1(LV): A safe, reliable and flexible solar powered lithium iron phosphate battery pack. Perfect for small spaces and load restrictions.","_seopress_robots_index":"","_kad_blocks_custom_css":"","_kad_blocks_head_custom_js":"","_kad_blocks_body_custom_js":"","_kad_blocks_footer_custom_js":""},"product_cat":[17],"product_tag":[],"class_list":{"0":"post-11224","1":"product","2":"type-product","3":"status-publish","4":"has-post-thumbnail","6":"product_cat-home-batteries","8":"first","9":"instock","10":"sale","11":"taxable","12":"shipping-taxable","13":"purchasable","14":"product-type-simple"},"taxonomy_info":{"product_cat":[{"value":17,"label":"Home batteries"}]},"featured_image_src_large":["https:\/\/ownpowr.com\/wp-content\/uploads\/2024\/04\/ai-b-version.png",673,341,false],"author_info":[],"comment_info":"","_links":{"self":[{"href":"https:\/\/ownpowr.com\/it\/wp-json\/wp\/v2\/product\/11224","targetHints":{"allow":["GET"]}}],"collection":[{"href":"https:\/\/ownpowr.com\/it\/wp-json\/wp\/v2\/product"}],"about":[{"href":"https:\/\/ownpowr.com\/it\/wp-json\/wp\/v2\/types\/product"}],"wp:featuredmedia":[{"embeddable":true,"href":"https:\/\/ownpowr.com\/it\/wp-json\/wp\/v2\/media\/138814"}],"wp:attachment":[{"href":"https:\/\/ownpowr.com\/it\/wp-json\/wp\/v2\/media?parent=11224"}],"wp:term":[{"taxonomy":"product_cat","embeddable":true,"href":"https:\/\/ownpowr.com\/it\/wp-json\/wp\/v2\/product_cat?post=11224"},{"taxonomy":"product_tag","embeddable":true,"href":"https:\/\/ownpowr.com\/it\/wp-json\/wp\/v2\/product_tag?post=11224"}],"curies":[{"name":"wp","href":"https:\/\/api.w.org\/{rel}","templated":true}]}}