{"id":144,"date":"2023-10-04T16:36:02","date_gmt":"2023-10-04T14:36:02","guid":{"rendered":"https:\/\/ownpowr.com\/product\/byd-b-box-premium-lvs-8-0\/"},"modified":"2025-10-15T14:02:38","modified_gmt":"2025-10-15T12:02:38","slug":"byd-b-box-premium-lvs-8-0","status":"publish","type":"product","link":"https:\/\/ownpowr.com\/it\/product\/byd-b-box-premium-lvs-8-0\/","title":{"rendered":"BYD Battery-Box premium LVS 8,0 kWh Consegna a met\u00e0\/fine dicembre"},"content":{"rendered":"<p><strong>BYD<\/strong> Battery-Box Premium LVS 8.0 \u00e8 composto da;<\/p>\n<p>a\u00a0<strong>BYD<\/strong>\u00a0BMU Unit\u00e0 di gestione della batteria, un\u00a0<strong>BYD<\/strong>\u00a0Unit\u00e0 di distribuzione dell'alimentazione PDU e 2 moduli batteria LVS da 4,0 kWh in parallelo. Possibilit\u00e0 di scalare aggiungendo fino a 4 moduli LVS aggiuntivi in parallelo a questo stack in un secondo momento, per ottenere una capacit\u00e0 utilizzabile fino a 24 kWh.<\/p>\n<p>Inoltre, \u00e8 possibile ottenere una capacit\u00e0 massima di 256 kWh attraverso il collegamento diretto in parallelo di un massimo di 16 stack identici di Battery-Box Premium LVS 16kWh.<\/p>\n<p>ATTENZIONE:<br \/>\nSostanza pericolosa secondo UN 3480 \/ Classe di pericolo per il trasporto 9 \/ Gruppo di imballaggio II<\/p>\n<p>&nbsp;<\/p>\n<p><strong>\u2714 Capace di un backup di emergenza ad alta potenza e di una funzionalit\u00e0 off-grid.<\/strong><\/p>\n<p><strong>\u2714 Massima efficienza grazie a un vero collegamento in parallelo a bassa tensione.<\/strong><\/p>\n<p><strong>\u2714 Design a spine modulari con genitori - Nessun cablaggio interno - Massima flessibilit\u00e0 e facilit\u00e0 d'uso<\/strong><\/p>\n<p><strong>Batteria al litio ferro fosfato (LFP) senza cobalto - massima sicurezza, ciclo di vita e potenza<\/strong><\/p>\n<p><strong>\u2714 Compatibile con i principali inverter a batteria a bassa tensione a 1 o 3 fasi.<\/strong><\/p>\n<p>&nbsp;<\/p>\n<p>- Capacit\u00e0 utilizzabile: 8,00 kWh<br \/>\n- Tensione nominale: 51,2 V<br \/>\n- Corrente di uscita max. Corrente di uscita: 130A<br \/>\n- Corrente di uscita di picco: 180A, 5s<br \/>\n- Intervallo di tensione operativa: 40-57.6 V<br \/>\n- temperatura ambiente: da -10 \u00b0C a +50 \u00b0C<br \/>\n- interfacce: CAN\/RS485<br \/>\n- efficienza energetica andata e ritorno: &gt;= 95%<br \/>\n- Certificazione: VDE2510-50 \/ IEC62619\/ CE \/ CEC \/ UN38.3<br \/>\n- Classe di protezione IP: IP55<br \/>\n- Applicazioni: Rete ON \/ Rete ON + Backup \/ Rete OFF<br \/>\n- Sempre espandibile \/ fino a 16 LVS 16.0 in parallelo \/ 256 kWh utilizzabiliIl set comprende:<br \/>\n2x 12910053-00 (modulo batteria BYD B-BOX PREMIUM LVS)<br \/>\n1x 12940054-00 (PDU LV BYD + Base)<br \/>\n1x 13172499-00 (BYD Unit\u00e0 di gestione della batteria LV NUOVA)<\/p>\n<div><\/div>\n<div class=\"product--description\">\n<p><strong>Maggiori informazioni:<\/strong><\/p>\n<ul>\n<li><a href=\"https:\/\/storeyourownpower.com\/wp-content\/uploads\/2023\/01\/Datasheet-English-LVS.pdf\" target=\"_blank\" rel=\"noopener\">Scheda tecnica in inglese LVS<\/a><\/li>\n<li><a href=\"https:\/\/storeyourownpower.com\/wp-content\/uploads\/2023\/01\/Datenblatt-German-LVS.pdf\" target=\"_blank\" rel=\"noopener\">Datenblatt tedesco LVS<\/a><\/li>\n<li><a href=\"https:\/\/storeyourownpower.com\/wp-content\/uploads\/2023\/01\/Mounting-instructions-English-LVS.pdf\" target=\"_blank\" rel=\"noopener\">Istruzioni di montaggio Inglese LVS<\/a><\/li>\n<li><a href=\"https:\/\/storeyourownpower.com\/wp-content\/uploads\/2023\/01\/Mounting-instructions-German-LVS.pdf\" target=\"_blank\" rel=\"noopener\">Istruzioni di montaggio LVS tedesco<\/a><\/li>\n<li><a href=\"https:\/\/storeyourownpower.com\/wp-content\/uploads\/2023\/01\/Warranty-terms-English.pdf\" target=\"_blank\" rel=\"noopener\">Termini di garanzia Inglese<\/a><\/li>\n<li><a href=\"https:\/\/storeyourownpower.com\/wp-content\/uploads\/2023\/01\/Warranty-terms-German-LVS.pdf\" target=\"_blank\" rel=\"noopener\">Termini di garanzia LVS tedesco<\/a><\/li>\n<\/ul>\n<\/div>","protected":false},"excerpt":{"rendered":"<p>BYD Battery-Box Premium LVS 8.0 \u00e8 composto da: un'unit\u00e0 di gestione della batteria BYD BMU, un'unit\u00e0 di distribuzione dell'alimentazione BYD PDU e 2 moduli batteria LVS 4.0kWh in parallelo. Possibilit\u00e0 di scalare aggiungendo fino a [...]<\/p>","protected":false},"featured_media":145,"template":"","meta":{"_seopress_robots_primary_cat":"none","_seopress_titles_title":"BYD Battery-Box Premium LVS 8.0: High-Powered Emergency-Backup and Off-Grid functionality, Maximum Safety, and Expandable Capacity","_seopress_titles_desc":"Discover the scalable BYD Battery-Box Premium LVS 8.0 with efficient Low-Voltage parallel connection and maximum safety. Compatible with leading battery inverters.","_seopress_robots_index":"","_kad_blocks_custom_css":"","_kad_blocks_head_custom_js":"","_kad_blocks_body_custom_js":"","_kad_blocks_footer_custom_js":""},"product_cat":[17],"product_tag":[],"class_list":{"0":"post-144","1":"product","2":"type-product","3":"status-publish","4":"has-post-thumbnail","6":"product_cat-home-batteries","8":"first","9":"onbackorder","10":"sale","11":"taxable","12":"shipping-taxable","13":"purchasable","14":"product-type-simple"},"taxonomy_info":{"product_cat":[{"value":17,"label":"Home batteries"}]},"featured_image_src_large":["https:\/\/ownpowr.com\/wp-content\/uploads\/2022\/11\/c-252F5-252F6-252Fe-252Fc56e658a81cc0b440f8fe33cc4f1ab6a9dd62f03_det_sb_byd_b_box_lvs_8-0.jpeg",640,540,false],"author_info":[],"comment_info":"","_links":{"self":[{"href":"https:\/\/ownpowr.com\/it\/wp-json\/wp\/v2\/product\/144","targetHints":{"allow":["GET"]}}],"collection":[{"href":"https:\/\/ownpowr.com\/it\/wp-json\/wp\/v2\/product"}],"about":[{"href":"https:\/\/ownpowr.com\/it\/wp-json\/wp\/v2\/types\/product"}],"wp:featuredmedia":[{"embeddable":true,"href":"https:\/\/ownpowr.com\/it\/wp-json\/wp\/v2\/media\/145"}],"wp:attachment":[{"href":"https:\/\/ownpowr.com\/it\/wp-json\/wp\/v2\/media?parent=144"}],"wp:term":[{"taxonomy":"product_cat","embeddable":true,"href":"https:\/\/ownpowr.com\/it\/wp-json\/wp\/v2\/product_cat?post=144"},{"taxonomy":"product_tag","embeddable":true,"href":"https:\/\/ownpowr.com\/it\/wp-json\/wp\/v2\/product_tag?post=144"}],"curies":[{"name":"wp","href":"https:\/\/api.w.org\/{rel}","templated":true}]}}