{"id":187742,"date":"2024-10-25T09:11:12","date_gmt":"2024-10-25T07:11:12","guid":{"rendered":"https:\/\/ownpowr.com\/?post_type=product&#038;p=187742"},"modified":"2025-01-30T09:53:51","modified_gmt":"2025-01-30T07:53:51","slug":"blauhoff-25k-80kwh-hv-3-phase-system-powerpack-ip55-100ah-1c-charge-discharge","status":"publish","type":"product","link":"https:\/\/ownpowr.com\/it\/product\/blauhoff-25k-80kwh-hv-3-phase-system-powerpack-ip55-100ah-1c-carica-scarica\/","title":{"rendered":"Blauhoff 25K\/80kWh HV 3 Phase System Powerpack IP55 100aH 1C Carica\/Scarica"},"content":{"rendered":"<h2>Blauhoff Home 25K\/80 kWh HV 3 Fase Sistema Cobalt vrij Powerpack IP55 Outdoor\/Indoor\/Cobalt vrij 100aH 1C<\/h2>\n<p>Il sistema super robusto e resistente Blauhoff Home BLH-25k\/80 kWh 3 Fasi, della marca tedesca Blauhoff, offre un'opzione efficiente e affidabile per il risparmio energetico nelle abitazioni con un maggiore consumo di energia. Con questo sistema di prestigio, pu\u00f2 ottimizzare l'efficienza energetica della sua abitazione, ridurre l'affezione alla rete elettrica e trarre profitto dal risparmio di energia nel periodo di chiusura. Inoltre, questo sistema \u00e8 dotato di un montaggio gratuito, che garantisce un'installazione eccellente. Comunica con lo stroom dinamico e con l'abbonamento e ha un'alta percentuale di risparmio energetico!<\/p>\n<p>L'omvormer ha una lunghezza di 780 mm e un peso di 33,6 kg. Con un cavo di 300 mm in pi\u00f9 tra l'alimentatore e la batteria, pu\u00f2 trovare una collocazione ottimale per il suo sistema, il che garantisce un'efficiente sovraccarico energetico e un minimo dispendio di energia.<\/p>\n<p>Il sistema di batterie Blauhoff \u00e8 robusto, cobaltvrij e compatto, con dimensioni di 734 mm x 400 mm per modulo e un peso di 906 kg. L'accumulatore ha una capacit\u00e0 di 80 kWh, che le consente di utilizzare l'energia sovrabbondante che viene generata dai suoi pannelli solari o da altre fonti di energia. Nei momenti in cui non c'\u00e8 un prodotto energetico, \u00e8 possibile sfruttare l'energia opaca per produrre energia, in modo da essere meno affamati della rete elettrica e delle energie rinnovabili. Questo avviene in modo del tutto automatico in combinazione con il contratto energetico dinamico. In inverno pu\u00f2 approfittare di un'ottima stalla durante la notte e l'ultimo giorno e di un carico gratuito a mezzogiorno e sera e di un'auto aperta al mattino o alla sera.<\/p>\n<p><strong>Specificamente preparato per la carica\/scarica 1C (100aH), in modo da poterla caricare e attivare con estrema facilit\u00e0. 8000 cicli, 10 anni di garanzia e certificazione UL9540A, la categoria pi\u00f9 alta e pi\u00f9 trasparente del marchio!<\/strong><\/p>\n<p><strong>Con lo Smartlanhub Blauhoff gratuito, comprensivo di app e hardware, \u00e8 possibile gestire in modo automatico e dinamico, tramite abbonamenti, le proprie risorse energetiche.  Pu\u00f2 anche informarsi su quale sia l'ultimo levatoio. Compatibile con Homeautomation e Homey Pro domotica.<\/strong><\/p>\n<p>Il sistema Home BLH-25k\/80 kWh 3 Fasi \u00e8 disponibile per le abitazioni con un consumo di oltre 29200 kWh. Con una potenza di 25 kW, \u00e8 possibile ottenere un'aliquota maggiore del proprio fabbisogno energetico con l'ausilio dell'energia zonale opgewekte e dell'energia opgeslagen nella batteria. Inoltre, questo sistema \u00e8 dotato di un sistema di controllo della temperatura, in modo che i dispositivi pi\u00f9 importanti possano funzionare durante l'intervallo di tempo e che le sue routine quotidiane possano essere eseguite in modo corretto. Ogni giorno il sistema \u00e8 in grado di funzionare fino a un massimo di 600kWh.<\/p>\n<p>Il Powerpack Blauhoff Home BLH-25k\/80 kWh 3 Fasi \u00e8 stato creato per garantire la flessibilit\u00e0. Si basa su un pozzo generatore\/ventilatore, che le consente di avere la possibilit\u00e0 di utilizzare energia supplementare e di aumentare la sua disponibilit\u00e0 di energia. Con un'alimentazione minima di 3x25A e con una configurazione a 3 fasi, questo sistema \u00e8 compatibile con le reti elettriche pi\u00f9 diffuse.<\/p>\n<p>Grazie al montaggio gratuito, pu\u00f2 contare su un'installazione professionale, che le consentir\u00e0 di ottimizzare il funzionamento del suo sistema a partire dall'ultimo momento e di godere di un'ottima manutenzione.<\/p>\n<p>Con il sistema Blauhoff Home BLH-25k\/80kWh 3 Fasi, si pu\u00f2 fare il salto verso un'efficienza energetica superiore e duratura. Con un'energia di punta, un risparmio energetico e una flessibilit\u00e0 nei consumi energetici, pu\u00f2 ottenere un risparmio energetico migliore, realizzare un risparmio economico e migliorare il suo bilancio ecologico. Si colleghi all'Blauhoff e renda la sua azienda pi\u00f9 facile da usare per l'energia di cui ha bisogno.<\/p>\n<p><a href=\"https:\/\/blauhoff.nl\/wp-content\/uploads\/2024\/10\/Blauhoff-Power-Pack-HV-V1.4-1.pdf\" target=\"_blank\" rel=\"noopener\">Blauhoff Centralina HV V1.4 (1)<\/a><\/p>","protected":false},"excerpt":{"rendered":"<p>Blauhoff Home 25K\/80 kWh HV 3 Fase Sistema Cobalt vrij Powerpack IP55 Outdoor\/Indoor\/Cobalt vrij 100aH 1C Il super robusto e makkelijk uitbreidbare Blauhoff Home BLH-25k\/80 kWh 3 Fase Sistema, [...]<\/p>","protected":false},"featured_media":187745,"template":"","meta":{"_seopress_robots_primary_cat":"none","_seopress_titles_title":"","_seopress_titles_desc":"","_seopress_robots_index":"","_kad_blocks_custom_css":"","_kad_blocks_head_custom_js":"","_kad_blocks_body_custom_js":"","_kad_blocks_footer_custom_js":""},"product_cat":[17,19],"product_tag":[],"class_list":{"0":"post-187742","1":"product","2":"type-product","3":"status-publish","4":"has-post-thumbnail","6":"product_cat-home-batteries","7":"product_cat-sets-with-inverters","9":"first","10":"instock","11":"taxable","12":"shipping-taxable","13":"purchasable","14":"product-type-simple"},"taxonomy_info":{"product_cat":[{"value":17,"label":"Home batteries"},{"value":19,"label":"Sets with inverters"}]},"featured_image_src_large":["https:\/\/ownpowr.com\/wp-content\/uploads\/2024\/10\/bh3-25k-80kwh-300x300-1.png",300,300,false],"author_info":[],"comment_info":"","_links":{"self":[{"href":"https:\/\/ownpowr.com\/it\/wp-json\/wp\/v2\/product\/187742","targetHints":{"allow":["GET"]}}],"collection":[{"href":"https:\/\/ownpowr.com\/it\/wp-json\/wp\/v2\/product"}],"about":[{"href":"https:\/\/ownpowr.com\/it\/wp-json\/wp\/v2\/types\/product"}],"wp:featuredmedia":[{"embeddable":true,"href":"https:\/\/ownpowr.com\/it\/wp-json\/wp\/v2\/media\/187745"}],"wp:attachment":[{"href":"https:\/\/ownpowr.com\/it\/wp-json\/wp\/v2\/media?parent=187742"}],"wp:term":[{"taxonomy":"product_cat","embeddable":true,"href":"https:\/\/ownpowr.com\/it\/wp-json\/wp\/v2\/product_cat?post=187742"},{"taxonomy":"product_tag","embeddable":true,"href":"https:\/\/ownpowr.com\/it\/wp-json\/wp\/v2\/product_tag?post=187742"}],"curies":[{"name":"wp","href":"https:\/\/api.w.org\/{rel}","templated":true}]}}