{"id":194636,"date":"2025-01-30T10:14:36","date_gmt":"2025-01-30T08:14:36","guid":{"rendered":"https:\/\/ownpowr.com\/?post_type=product&#038;p=194636"},"modified":"2025-01-30T10:14:37","modified_gmt":"2025-01-30T08:14:37","slug":"blauhoff-20k-40kwh-hv-3-phase-system-powerpack-ip55-100ah-1c-charge-discharge","status":"publish","type":"product","link":"https:\/\/ownpowr.com\/it\/product\/blauhoff-20k-40kwh-hv-3-phase-system-powerpack-ip55-100ah-1c-carica-scarica\/","title":{"rendered":"Blauhoff 20K\/40kWh HV 3 Phase Sistema Powerpack IP55 100aH 1C Carica\/Scarica"},"content":{"rendered":"<p>Blauhoff Home 20K\/40 kWh HV 3 Phase System Cobalt free Powerpack IP65 Outdoor\/Indoor\/Cobalt free 100aH 1C<\/p>\n<p>Il Sistema Blauhoff Home BLH-20k\/40 kWh 3 Fasi, super robusto e facilmente espandibile, del rinomato marchio Blauhoff, offre una soluzione affidabile ed efficiente per l'accumulo di energia nelle famiglie con consumi maggiori. Con questo potente sistema, pu\u00f2 ottimizzare l'efficienza energetica della sua casa, ridurre la sua dipendenza dalla rete e beneficiare dell'alimentazione di emergenza in caso di interruzioni di corrente. Inoltre, questo sistema viene fornito con un montaggio gratuito, che assicura un'installazione senza problemi. Comunica con la potenza dinamica in base alle necessit\u00e0, senza abbonamento e sempre con la libera scelta del fornitore di energia!<\/p>\n<p>L'inverter ha una lunghezza di 780 mm e un peso di 33,6 kg. Un cavo aggiuntivo di 300 mm tra l'inverter e la batteria le consente di determinare il posizionamento ottimale per il suo sistema, garantendo un trasferimento efficiente dell'energia e perdite minime di energia.<\/p>\n<p>Il sistema di batterie Blauhoff \u00e8 resistente, privo di cobalto e compatto e piatto, con dimensioni di 734 mm x 400 mm per modulo e un peso di 454 kg. La batteria ha una capacit\u00e0 di 40 kWh, che le consente di immagazzinare l'energia in eccesso generata dai suoi pannelli solari o da altre fonti energetiche. Nei momenti in cui non c'\u00e8 produzione di energia, pu\u00f2 utilizzare l'energia immagazzinata per coprire il suo consumo energetico, riducendo la sua dipendenza dalla rete e riducendo ulteriormente i suoi costi energetici. Tutto questo avviene automaticamente in combinazione con il contratto di energia dinamica presente. Potr\u00e0 quindi approfittare dell'energia a basso costo durante la notte in inverno e utilizzarla per tutto il giorno, mentre in estate potr\u00e0 caricarla gratuitamente nel pomeriggio, utilizzarla la sera e ricaricare l'auto con essa al mattino o alla sera.<\/p>\n<p>Carico\/Scarico 1C (100aH) appositamente realizzato, in modo da poter caricare e scaricare in modo incredibilmente veloce. 8000 cicli, 10 anni di garanzia e certificazione UL9540A, la categoria pi\u00f9 alta raggiungibile e pi\u00f9 sicura dal punto di vista antincendio!<\/p>\n<p>Sempre consegnato con Smartlanhub Blauhoff gratuito, compresi app e hardware, in modo da poter fare trading in modo dinamico, automatico e senza costi di abbonamento, ed essere responsabile del suo fornitore di energia. Pu\u00f2 passare ogni giorno al fornitore pi\u00f9 vantaggioso. Compatibile anche con la domotica Homeautomation e Homey Pro.<\/p>\n<p>Il Sistema Home BLH-20k\/40 kWh 3 Fasi \u00e8 consigliato per le famiglie con un consumo medio annuo di circa 14600 kWh. Con una capacit\u00e0 di 20 kW, pu\u00f2 coprire una parte significativa del suo fabbisogno energetico utilizzando l'energia solare generata e l'energia immagazzinata nella batteria. Inoltre, questo sistema fornisce energia di emergenza, in modo che i dispositivi importanti continuino a funzionare durante le interruzioni di corrente e le sue routine quotidiane possano continuare senza interruzioni. Il sistema \u00e8 anche espandibile fino a 600 kWh.<\/p>\n<p>Il Powerpack di sistema trifase Blauhoff Home BLH-20k\/40 kWh \u00e8 stato progettato all'insegna della flessibilit\u00e0. \u00c8 dotato di una porta per generatore\/mulino, che le d\u00e0 la possibilit\u00e0 di aggiungere ulteriori fonti di energia e di aumentare ulteriormente la sua indipendenza energetica. Con una connessione minima di 3x25A e adatto a configurazioni trifase, questo sistema \u00e8 compatibile con la maggior parte delle reti elettriche domestiche.<\/p>\n<p>Con il montaggio gratuito, pu\u00f2 contare su un'installazione professionale, che le garantir\u00e0 un funzionamento ottimale del sistema fin dal primo momento e un'esperienza senza preoccupazioni.<\/p>\n<p>Passi a un'alimentazione energetica pi\u00f9 efficiente e sostenibile con il sistema trifase Blauhoff Home BLH-20k\/40kWh. Grazie al potente accumulo di energia, alla potenza di backup e alla flessibilit\u00e0 delle fonti energetiche, pu\u00f2 contare su un'alimentazione affidabile, realizzare risparmi sui costi e ridurre l'impronta di carbonio. Scelga Blauhoff e prepari la sua casa alle esigenze energetiche del futuro.<\/p>\n<p><a href=\"https:\/\/blauhoff.nl\/wp-content\/uploads\/2024\/10\/Blauhoff-Power-Pack-HV-V1.4-1.pdf\" target=\"_blank\" rel=\"noopener\">Blauhoff Centralina HV V1.4 (1)<\/a><\/p>","protected":false},"excerpt":{"rendered":"<p>Blauhoff Home 20K\/40 kWh HV 3 Phase System Cobalt free Powerpack IP65 Outdoor\/Indoor\/Cobalt free 100aH 1C Il sistema Blauhoff Home BLH-20k\/40 kWh 3 Phase, super robusto e facilmente espandibile, [...]<\/p>","protected":false},"featured_media":194639,"template":"","meta":{"_seopress_robots_primary_cat":"none","_seopress_titles_title":"","_seopress_titles_desc":"","_seopress_robots_index":"","_kad_blocks_custom_css":"","_kad_blocks_head_custom_js":"","_kad_blocks_body_custom_js":"","_kad_blocks_footer_custom_js":""},"product_cat":[17,19],"product_tag":[],"class_list":{"0":"post-194636","1":"product","2":"type-product","3":"status-publish","4":"has-post-thumbnail","6":"product_cat-home-batteries","7":"product_cat-sets-with-inverters","9":"first","10":"instock","11":"taxable","12":"shipping-taxable","13":"purchasable","14":"product-type-simple"},"taxonomy_info":{"product_cat":[{"value":17,"label":"Home batteries"},{"value":19,"label":"Sets with inverters"}]},"featured_image_src_large":["https:\/\/ownpowr.com\/wp-content\/uploads\/2024\/11\/bh3_20k_40kwh-480x480-1.png",480,480,false],"author_info":[],"comment_info":"","_links":{"self":[{"href":"https:\/\/ownpowr.com\/it\/wp-json\/wp\/v2\/product\/194636","targetHints":{"allow":["GET"]}}],"collection":[{"href":"https:\/\/ownpowr.com\/it\/wp-json\/wp\/v2\/product"}],"about":[{"href":"https:\/\/ownpowr.com\/it\/wp-json\/wp\/v2\/types\/product"}],"wp:featuredmedia":[{"embeddable":true,"href":"https:\/\/ownpowr.com\/it\/wp-json\/wp\/v2\/media\/194639"}],"wp:attachment":[{"href":"https:\/\/ownpowr.com\/it\/wp-json\/wp\/v2\/media?parent=194636"}],"wp:term":[{"taxonomy":"product_cat","embeddable":true,"href":"https:\/\/ownpowr.com\/it\/wp-json\/wp\/v2\/product_cat?post=194636"},{"taxonomy":"product_tag","embeddable":true,"href":"https:\/\/ownpowr.com\/it\/wp-json\/wp\/v2\/product_tag?post=194636"}],"curies":[{"name":"wp","href":"https:\/\/api.w.org\/{rel}","templated":true}]}}