{"id":194686,"date":"2025-01-30T10:14:39","date_gmt":"2025-01-30T08:14:39","guid":{"rendered":"https:\/\/ownpowr.com\/?post_type=product&#038;p=194686"},"modified":"2025-01-30T10:14:40","modified_gmt":"2025-01-30T08:14:40","slug":"blauhoff-20k-30kwh-hv-3-phase-system-powerpack-ip55-100ah-1c-charge-discharge","status":"publish","type":"product","link":"https:\/\/ownpowr.com\/it\/product\/blauhoff-20k-30kwh-hv-3-phase-system-powerpack-ip55-100ah-1c-carica-scarica\/","title":{"rendered":"Blauhoff 20K\/30kWh HV 3 Phase Sistema Powerpack IP55 100aH 1C Carica\/Scarica"},"content":{"rendered":"<p>Blauhoff Home 20K\/30 kWh HV 3 Phase sistema Cobalt free Powerpack IP65 Outdoor\/Indoor\/Cobalt free 100aH 1C<\/p>\n<p>Il sistema Blauhoff Home BLH-20k\/30 kWh 3 Phase, super robusto e facilmente espandibile, del rinomato marchio Blauhoff, offre una soluzione affidabile ed efficiente per l'accumulo di energia nelle abitazioni con un consumo elevato. Con questo potente sistema pu\u00f2 ottimizzare l'efficienza energetica della sua casa, ridurre la dipendenza dalla rete elettrica e beneficiare dell'alimentazione di emergenza in caso di interruzione di corrente. Inoltre, questo sistema viene fornito con un'installazione gratuita, che garantisce un'installazione senza preoccupazioni. Comunica con la potenza dinamica in base alle necessit\u00e0, senza abbonamento e con una scelta sempre libera del fornitore di energia!<\/p>\n<p>L'inverter ha una lunghezza di 780 mm e un peso di 33,6 kg. Con un cavo aggiuntivo di 300 mm tra l'inverter e la batteria, pu\u00f2 determinare il posizionamento ottimale per il suo sistema, garantendo un trasferimento efficiente dell'energia e perdite minime di energia.<\/p>\n<p>Il sistema di batterie Blauhoff \u00e8 sostenibile, privo di cobalto, compatto e piatto, con dimensioni di 734 mm x 400 mm per modulo e un peso di 340 kg. La batteria ha una capacit\u00e0 di 30 kWh, che le consente di immagazzinare l'energia in eccesso generata dai suoi pannelli solari o da altre fonti energetiche. Nei momenti in cui non c'\u00e8 produzione di energia, pu\u00f2 utilizzare l'energia immagazzinata per coprire il suo consumo energetico, rendendola meno dipendente dalla rete elettrica e riducendo ulteriormente i suoi costi energetici. Tutto questo avviene automaticamente, in combinazione con un contratto energetico dinamico, se disponibile. Potr\u00e0 quindi beneficiare di energia elettrica a basso costo durante la notte in inverno e utilizzarla tutto il giorno, mentre in estate potr\u00e0 caricarla gratuitamente nel pomeriggio e nella sera e utilizzarla per ricaricare l'auto al mattino o alla sera.<\/p>\n<p>Carico\/Scarico 1C (100aH) appositamente realizzato, in modo da poter caricare e scaricare molto rapidamente. 8000 cicli, 10 anni di garanzia e certificazione UL9540A, la categoria pi\u00f9 alta raggiungibile e sicura dal punto di vista antincendio!<\/p>\n<p>Fornito sempre con Smartlanhub Blauhoff gratuito, compresa l'app e l'hardware, in modo da poter agire automaticamente e senza costi di abbonamento in modo dinamico e avere il controllo del suo fornitore di energia in prima persona. Pu\u00f2 passare ogni giorno al fornitore pi\u00f9 vantaggioso. Compatibile anche con la domotica Homeautomation e Homey Pro.<\/p>\n<p>Il Sistema Home BLH-20k\/30 kWh 3 Fasi \u00e8 consigliato per le famiglie con un consumo medio annuo di circa 10950 kWh. Con una capacit\u00e0 di 20 kW, pu\u00f2 coprire una parte significativa del suo fabbisogno energetico utilizzando l'energia solare generata e l'energia immagazzinata nella batteria. Inoltre, questo sistema offre un'alimentazione di emergenza, in modo che i dispositivi importanti continuino a funzionare durante le interruzioni di corrente e le sue routine quotidiane possano continuare indisturbate. Il sistema pu\u00f2 anche essere ampliato fino a un massimo di 600 kWh.<\/p>\n<p>Il Powerpack di sistema trifase Blauhoff Home BLH-20k\/30 kWh \u00e8 stato progettato all'insegna della flessibilit\u00e0. \u00c8 dotato di una porta per generatore\/mulino, che le offre la possibilit\u00e0 di aggiungere ulteriori fonti di energia e di aumentare ulteriormente la sua indipendenza energetica. Con una connessione minima di 3x25A e adatto alle configurazioni trifase, questo sistema \u00e8 compatibile con la maggior parte delle reti elettriche domestiche.<\/p>\n<p>Grazie all'installazione gratuita, pu\u00f2 contare su un'installazione professionale, che garantisce il funzionamento ottimale del suo sistema fin dal primo momento e le permette di vivere un'esperienza senza preoccupazioni.<\/p>\n<p>Passi a un'alimentazione energetica pi\u00f9 efficiente e sostenibile con il sistema trifase Blauhoff Home BLH-20k\/30 kWh. Grazie al potente accumulo di energia, all'alimentazione di emergenza e alla flessibilit\u00e0 delle fonti energetiche, pu\u00f2 contare su un'alimentazione affidabile, realizzare risparmi sui costi e ridurre l'impronta di carbonio. Scelga Blauhoff e prepari la sua casa alle esigenze energetiche del futuro.<\/p>\n<p><a href=\"https:\/\/blauhoff.nl\/wp-content\/uploads\/2024\/10\/Blauhoff-Power-Pack-HV-V1.4-1.pdf\" target=\"_blank\" rel=\"noopener\">Blauhoff Centralina HV V1.4 (1)<\/a><\/p>","protected":false},"excerpt":{"rendered":"<p>Blauhoff Home 20K\/30 kWh HV 3 Phase Sistema senza cobalto Powerpack IP65 Outdoor\/Indoor\/Cobalt free 100aH 1C Il sistema super robusto e facilmente espandibile Blauhoff Home BLH-20k\/30 kWh 3 Phase, [...]<\/p>","protected":false},"featured_media":194689,"template":"","meta":{"_seopress_robots_primary_cat":"none","_seopress_titles_title":"","_seopress_titles_desc":"","_seopress_robots_index":"","_kad_blocks_custom_css":"","_kad_blocks_head_custom_js":"","_kad_blocks_body_custom_js":"","_kad_blocks_footer_custom_js":""},"product_cat":[17,19],"product_tag":[],"class_list":{"0":"post-194686","1":"product","2":"type-product","3":"status-publish","4":"has-post-thumbnail","6":"product_cat-home-batteries","7":"product_cat-sets-with-inverters","9":"first","10":"instock","11":"taxable","12":"shipping-taxable","13":"purchasable","14":"product-type-simple"},"taxonomy_info":{"product_cat":[{"value":17,"label":"Home batteries"},{"value":19,"label":"Sets with inverters"}]},"featured_image_src_large":["https:\/\/ownpowr.com\/wp-content\/uploads\/2024\/11\/bh3_20k_30kwh-480x480-1.png",480,480,false],"author_info":[],"comment_info":"","_links":{"self":[{"href":"https:\/\/ownpowr.com\/it\/wp-json\/wp\/v2\/product\/194686","targetHints":{"allow":["GET"]}}],"collection":[{"href":"https:\/\/ownpowr.com\/it\/wp-json\/wp\/v2\/product"}],"about":[{"href":"https:\/\/ownpowr.com\/it\/wp-json\/wp\/v2\/types\/product"}],"wp:featuredmedia":[{"embeddable":true,"href":"https:\/\/ownpowr.com\/it\/wp-json\/wp\/v2\/media\/194689"}],"wp:attachment":[{"href":"https:\/\/ownpowr.com\/it\/wp-json\/wp\/v2\/media?parent=194686"}],"wp:term":[{"taxonomy":"product_cat","embeddable":true,"href":"https:\/\/ownpowr.com\/it\/wp-json\/wp\/v2\/product_cat?post=194686"},{"taxonomy":"product_tag","embeddable":true,"href":"https:\/\/ownpowr.com\/it\/wp-json\/wp\/v2\/product_tag?post=194686"}],"curies":[{"name":"wp","href":"https:\/\/api.w.org\/{rel}","templated":true}]}}