{"id":195834,"date":"2024-12-06T12:52:57","date_gmt":"2024-12-06T10:52:57","guid":{"rendered":"https:\/\/ownpowr.com\/?post_type=product&#038;p=195834"},"modified":"2025-01-30T10:21:45","modified_gmt":"2025-01-30T08:21:45","slug":"blauhoff-25k-304-kwh-slim-line-hv","status":"publish","type":"product","link":"https:\/\/ownpowr.com\/it\/product\/blauhoff-25k-304-kwh-slim-line-hv\/","title":{"rendered":"Blauhoff 25k\/30,4 kWh Slim Line HV"},"content":{"rendered":"<p>Blauhoff Home 25K\/30.4kWh 3 Phase Sistema Slim Line IP65 17 cm sottile Outdoor\/Indoor !<\/p>\n<p>Il sistema super sottile Blauhoff Home 25K\/30.4kWh 3 Phase, del rinomato marchio Blauhoff, offre una soluzione affidabile ed efficiente per l'accumulo di energia nelle abitazioni con consumi medi. Con questo potente sistema pu\u00f2 ottimizzare l'efficienza energetica della sua casa, ridurre la sua dipendenza dalla rete elettrica e beneficiare dell'alimentazione di emergenza in caso di interruzione di corrente. Inoltre, questo sistema viene fornito con un'installazione gratuita, che garantisce un'installazione senza preoccupazioni. Comunica con la potenza dinamica in base alle necessit\u00e0, senza abbonamento e con una scelta sempre libera del fornitore di energia!<\/p>\n<p>L'inverter ha una lunghezza di 780 mm e un peso di 33,6 kg. Con un cavo aggiuntivo di 300 mm tra l'inverter e la batteria, pu\u00f2 determinare il posizionamento ottimale per il suo sistema, che garantisce un trasferimento efficiente dell'energia e perdite minime di energia.<\/p>\n<p>Il sistema di batterie Blauhoff \u00e8 resistente e ultra compatto e piatto, misura 670 mm x 900 mm x 170 mm e pesa 150 kg. La batteria ha una capacit\u00e0 di 30,4 kWh, che le consente di immagazzinare l'energia in eccesso generata dai suoi pannelli solari o da altre fonti energetiche. Quando non c'\u00e8 produzione di energia, pu\u00f2 utilizzare l'energia immagazzinata per coprire il suo consumo energetico, rendendola meno dipendente dalla rete e riducendo ulteriormente i suoi costi energetici. Tutto questo avviene automaticamente, in combinazione con un contratto energetico dinamico, se disponibile. Pu\u00f2 quindi beneficiare di elettricit\u00e0 a basso costo durante la notte in inverno e utilizzarla per tutto il giorno, mentre in estate pu\u00f2 caricarla gratuitamente nel pomeriggio e nella sera e utilizzarla per ricaricare la sua auto al mattino o alla sera.<\/p>\n<p>Il Sistema Home 25K\/30.4kWh 3 Fasi \u00e8 consigliato per le famiglie con un consumo medio annuo di circa 11096 kWh. Con una capacit\u00e0 di 25 kW, pu\u00f2 coprire una parte significativa del suo fabbisogno energetico utilizzando l'energia solare generata e immagazzinata nella batteria. Inoltre, questo sistema fornisce energia di emergenza, in modo che i dispositivi importanti continuino a funzionare durante le interruzioni di corrente e le sue routine quotidiane possano continuare senza interruzioni.<\/p>\n<p>Il sistema Blauhoff Home 25K\/30.4kWh 3 Phase Slim Line \u00e8 stato progettato all'insegna della flessibilit\u00e0. \u00c8 dotato di una porta per generatore\/turbina eolica, che le offre la possibilit\u00e0 di aggiungere ulteriori fonti di energia e di aumentare ulteriormente la sua indipendenza energetica. Con una connessione minima di 3x50A e adatto a configurazioni trifase, questo sistema \u00e8 compatibile con la maggior parte delle reti elettriche domestiche.<\/p>\n<p>Grazie all'installazione gratuita, pu\u00f2 contare su un'installazione professionale, che assicura il funzionamento ottimale del suo sistema fin dal primo momento e le consente di vivere un'esperienza senza preoccupazioni.<\/p>\n<p>Passi a un'alimentazione energetica pi\u00f9 efficiente e sostenibile con il sistema trifase Blauhoff Home 25K\/30.4kWh. Grazie al potente accumulo di energia, all'alimentazione di emergenza e alla flessibilit\u00e0 delle fonti energetiche, pu\u00f2 contare su un'alimentazione affidabile, realizzare risparmi sui costi e ridurre la sua impronta ecologica. Scelga Blauhoff e prepari la sua casa alle esigenze energetiche del futuro.<\/p>\n<p><a href=\"https:\/\/blauhoff.nl\/wp-content\/uploads\/2024\/02\/Datasheet-Blauhoff-RESS-HV-Slim-Line.pdf\" target=\"_blank\" rel=\"noopener\">Scheda tecnica Blauhoff RESS HV Slim Line<\/a><\/p>","protected":false},"excerpt":{"rendered":"<p>Blauhoff Home 25K\/30.4kWh 3 Phase System Slim Line IP65 17 cm sottile Outdoor\/Indoor ! Il sistema super sottile Blauhoff Home 25K\/30.4kWh 3 Fasi, del rinomato marchio Blauhoff, offre una [...]<\/p>","protected":false},"featured_media":195838,"template":"","meta":{"_seopress_robots_primary_cat":"","_seopress_titles_title":"","_seopress_titles_desc":"","_seopress_robots_index":"","_kad_blocks_custom_css":"","_kad_blocks_head_custom_js":"","_kad_blocks_body_custom_js":"","_kad_blocks_footer_custom_js":""},"product_cat":[17,19],"product_tag":[],"class_list":{"0":"post-195834","1":"product","2":"type-product","3":"status-publish","4":"has-post-thumbnail","6":"product_cat-home-batteries","7":"product_cat-sets-with-inverters","9":"first","10":"instock","11":"taxable","12":"shipping-taxable","13":"purchasable","14":"product-type-simple"},"taxonomy_info":{"product_cat":[{"value":17,"label":"Home batteries"},{"value":19,"label":"Sets with inverters"}]},"featured_image_src_large":["https:\/\/ownpowr.com\/wp-content\/uploads\/2024\/12\/3-phase-25k-battery-304kwh-480x480-1.png",480,480,false],"author_info":[],"comment_info":"","_links":{"self":[{"href":"https:\/\/ownpowr.com\/it\/wp-json\/wp\/v2\/product\/195834","targetHints":{"allow":["GET"]}}],"collection":[{"href":"https:\/\/ownpowr.com\/it\/wp-json\/wp\/v2\/product"}],"about":[{"href":"https:\/\/ownpowr.com\/it\/wp-json\/wp\/v2\/types\/product"}],"wp:featuredmedia":[{"embeddable":true,"href":"https:\/\/ownpowr.com\/it\/wp-json\/wp\/v2\/media\/195838"}],"wp:attachment":[{"href":"https:\/\/ownpowr.com\/it\/wp-json\/wp\/v2\/media?parent=195834"}],"wp:term":[{"taxonomy":"product_cat","embeddable":true,"href":"https:\/\/ownpowr.com\/it\/wp-json\/wp\/v2\/product_cat?post=195834"},{"taxonomy":"product_tag","embeddable":true,"href":"https:\/\/ownpowr.com\/it\/wp-json\/wp\/v2\/product_tag?post=195834"}],"curies":[{"name":"wp","href":"https:\/\/api.w.org\/{rel}","templated":true}]}}