{"id":205857,"date":"2025-01-30T13:37:19","date_gmt":"2025-01-30T11:37:19","guid":{"rendered":"https:\/\/ownpowr.com\/?post_type=product&#038;p=205857"},"modified":"2025-01-31T10:08:34","modified_gmt":"2025-01-31T08:08:34","slug":"blauhoff-25k-50kwh-hv-3-phase-system-powerpack-ip55-100ah-1c-charge-discharge","status":"publish","type":"product","link":"https:\/\/ownpowr.com\/it\/product\/blauhoff-25k-50kwh-hv-3-phase-system-powerpack-ip55-100ah-1c-carica-scarica\/","title":{"rendered":"Blauhoff 25K\/50kWh HV 3 Phase Sistema Powerpack IP55 100aH 1C Carica\/Scarica"},"content":{"rendered":"<p>Blauhoff Home 25K\/50 kWh HV 3 Phase Sistema senza cobalto Powerpack IP55 Outdoor\/Indoor\/Cobalt-free 100aH 1C<\/p>\n<p>Il sistema Blauhoff Home BLH-25k\/50 kWh 3 Phase, super robusto e facilmente espandibile, del rinomato marchio Blauhoff, offre una soluzione di accumulo energetico affidabile ed efficiente per le famiglie con consumi elevati. Con questo potente sistema, pu\u00f2 ottimizzare l'efficienza energetica della sua casa, ridurre la sua dipendenza dalla rete e beneficiare dell'alimentazione di emergenza in caso di interruzioni di corrente. Inoltre, questo sistema viene fornito con un montaggio gratuito, che garantisce un'installazione senza problemi. Comunica in base alle necessit\u00e0 con la potenza dinamica senza abbonamento e con la scelta sempre libera del fornitore di energia!<\/p>\n<p>L'inverter ha una lunghezza di 780 mm e un peso di 33,6 kg. Con un cavo aggiuntivo di 300 mm tra l'inverter e la batteria, pu\u00f2 determinare il posizionamento ottimale per il suo sistema, garantendo un trasferimento di energia efficiente e una perdita di energia minima.<\/p>\n<p>Il Sistema Home BLH-25k\/50 kWh 3 Fasi \u00e8 consigliato per le famiglie con un consumo medio annuo di circa 18250 kWh. Con una potenza di 25 kW, pu\u00f2 coprire una parte significativa del suo fabbisogno energetico utilizzando l'energia solare generata e l'energia immagazzinata nella batteria. Inoltre, questo sistema fornisce energia di emergenza, in modo che i dispositivi importanti continuino a funzionare durante le interruzioni di corrente e le sue routine quotidiane possano continuare senza interruzioni. Il sistema \u00e8 anche espandibile fino a 600 kWh.<\/p>\n<p>Il Powerpack di sistema trifase Blauhoff Home BLH-25k\/50 kWh \u00e8 stato progettato all'insegna della flessibilit\u00e0. \u00c8 dotato di una porta per generatore\/mulino, che le consente di aggiungere ulteriori fonti di energia e di aumentare ulteriormente la sua indipendenza energetica. Con una connessione minima di 3x25A e adatto alle configurazioni trifase, questo sistema \u00e8 compatibile con la maggior parte delle reti elettriche domestiche.<\/p>\n<p>Con il montaggio gratuito, pu\u00f2 contare su un'installazione professionale, che le garantir\u00e0 un funzionamento ottimale del sistema fin dal primo momento e le permetter\u00e0 di vivere un'esperienza senza preoccupazioni.<\/p>\n<p>Passi a un'alimentazione energetica pi\u00f9 efficiente e sostenibile con il sistema trifase Blauhoff Home BLH-25k\/50 kWh. Grazie al potente accumulo di energia, all'alimentazione di riserva e alla flessibilit\u00e0 delle fonti energetiche, pu\u00f2 contare su un'alimentazione affidabile, realizzare risparmi sui costi e ridurre l'impronta di carbonio. Scelga Blauhoff e prepari la sua casa alle esigenze energetiche del futuro.<\/p>\n<p>Disponibile anche con riscaldamento per il montaggio in ambienti freddi o all'aperto, come opzione aggiuntiva!<\/p>\n<p><a href=\"https:\/\/blauhoff.nl\/wp-content\/uploads\/2024\/10\/Blauhoff-Power-Pack-HV-V1.4-1.pdf\" target=\"_blank\" rel=\"noopener\">Blauhoff Centralina HV V1.4 (1)<\/a><\/p>\n<div style=\"width: 640px;\" class=\"wp-video\"><video class=\"wp-video-shortcode\" id=\"video-205857-1\" width=\"640\" height=\"360\" preload=\"metadata\" controls=\"controls\"><source type=\"video\/mp4\" src=\"https:\/\/blauhoff.nl\/wp-content\/uploads\/2024\/12\/Blauhoff-PowerPack-Series.mp4?_=1\" \/><a href=\"https:\/\/blauhoff.nl\/wp-content\/uploads\/2024\/12\/Blauhoff-PowerPack-Series.mp4\">https:\/\/blauhoff.nl\/wp-content\/uploads\/2024\/12\/Blauhoff-PowerPack-Series.mp4<\/a><\/video><\/div>","protected":false},"excerpt":{"rendered":"<p>Blauhoff Home 25K\/50 kWh HV 3 Phase Sistema senza cobalto Powerpack IP55 Outdoor\/Indoor\/Cobalt-free 100aH 1C Il sistema Blauhoff Home BLH-25k\/50 kWh 3 Phase, super robusto e facilmente espandibile, della rinomata [...]<\/p>","protected":false},"featured_media":205860,"template":"","meta":{"_seopress_robots_primary_cat":"none","_seopress_titles_title":"","_seopress_titles_desc":"","_seopress_robots_index":"","_kad_blocks_custom_css":"","_kad_blocks_head_custom_js":"","_kad_blocks_body_custom_js":"","_kad_blocks_footer_custom_js":""},"product_cat":[17,19],"product_tag":[],"class_list":{"0":"post-205857","1":"product","2":"type-product","3":"status-publish","4":"has-post-thumbnail","6":"product_cat-home-batteries","7":"product_cat-sets-with-inverters","9":"first","10":"instock","11":"taxable","12":"shipping-taxable","13":"purchasable","14":"product-type-simple"},"taxonomy_info":{"product_cat":[{"value":17,"label":"Home batteries"},{"value":19,"label":"Sets with inverters"}]},"featured_image_src_large":["https:\/\/ownpowr.com\/wp-content\/uploads\/2025\/01\/bh3_12k_50kwh-480x480-2.png",480,480,false],"author_info":[],"comment_info":"","_links":{"self":[{"href":"https:\/\/ownpowr.com\/it\/wp-json\/wp\/v2\/product\/205857","targetHints":{"allow":["GET"]}}],"collection":[{"href":"https:\/\/ownpowr.com\/it\/wp-json\/wp\/v2\/product"}],"about":[{"href":"https:\/\/ownpowr.com\/it\/wp-json\/wp\/v2\/types\/product"}],"wp:featuredmedia":[{"embeddable":true,"href":"https:\/\/ownpowr.com\/it\/wp-json\/wp\/v2\/media\/205860"}],"wp:attachment":[{"href":"https:\/\/ownpowr.com\/it\/wp-json\/wp\/v2\/media?parent=205857"}],"wp:term":[{"taxonomy":"product_cat","embeddable":true,"href":"https:\/\/ownpowr.com\/it\/wp-json\/wp\/v2\/product_cat?post=205857"},{"taxonomy":"product_tag","embeddable":true,"href":"https:\/\/ownpowr.com\/it\/wp-json\/wp\/v2\/product_tag?post=205857"}],"curies":[{"name":"wp","href":"https:\/\/api.w.org\/{rel}","templated":true}]}}