{"id":205862,"date":"2025-01-30T13:47:48","date_gmt":"2025-01-30T11:47:48","guid":{"rendered":"https:\/\/ownpowr.com\/?post_type=product&#038;p=205862"},"modified":"2025-01-31T10:08:07","modified_gmt":"2025-01-31T08:08:07","slug":"blauhoff-home-10k-60-kwh-lv-3-phase-system-powerpack-ip55-100ah-1c-charge-discharge","status":"publish","type":"product","link":"https:\/\/ownpowr.com\/it\/product\/blauhoff-home-10k-60-kwh-lv-3-phase-system-powerpack-ip55-100ah-1c-carica-scarica\/","title":{"rendered":"Blauhoff Home 10K\/60 kWh LV Sistema trifase Powerpack IP55 100aH 1C Carica\/Scarica"},"content":{"rendered":"<p>Blauhoff Home 10K\/60 kWh 3 Phase System Cobalt free Powerpack IP55 Outdoor\/Indoor\/Cobalt free 100aH 1C<\/p>\n<p>Il sistema Blauhoff Home BLH-10k\/60kWh 3 Fase, super robusto e facilmente espandibile, del rinomato marchio Blauhoff, offre una soluzione di accumulo energetico affidabile ed efficiente per le famiglie con consumi elevati. Con questo potente sistema, pu\u00f2 ottimizzare l'efficienza energetica della sua casa, ridurre la sua dipendenza dalla rete e beneficiare dell'alimentazione di emergenza in caso di interruzioni di corrente. Inoltre, questo sistema viene fornito con montaggio gratuito, garantendo un'installazione senza problemi. Comunica con la potenza dinamica in base alle necessit\u00e0, senza abbonamento e sempre con la libera scelta del fornitore di energia!<\/p>\n<p>L'inverter ha una lunghezza di 780 mm e un peso di 33,6 kg. Con un cavo aggiuntivo di 300 mm tra l'inverter e la batteria, pu\u00f2 determinare il posizionamento ottimale per il suo sistema, garantendo un trasferimento efficiente dell'energia e perdite minime di energia.<\/p>\n<p>Il sistema di batterie Blauhoff \u00e8 resistente, privo di cobalto e compatto e piatto, con dimensioni di 734 mm x 400 mm per modulo e un peso di 831 kg. La batteria ha una capacit\u00e0 di 60 kWh, che le consente di immagazzinare l'energia in eccesso generata dai suoi pannelli solari o da altre fonti energetiche. Nei momenti in cui non c'\u00e8 produzione di energia, pu\u00f2 utilizzare l'energia immagazzinata per coprire il suo consumo energetico, riducendo la sua dipendenza dalla rete e riducendo ulteriormente i suoi costi energetici. Tutto questo avviene automaticamente in combinazione con il contratto energetico dinamico presente. Pu\u00f2 quindi approfittare dell'energia a basso costo durante la notte in inverno e utilizzarla per tutto il giorno e, in estate, caricarla gratuitamente nel pomeriggio e utilizzarla la sera e caricare l'auto con essa al mattino o alla sera.<\/p>\n<p>Appositamente realizzato per la carica\/scarica 1C (100aH), in modo da poter caricare e scaricare alla velocit\u00e0 della luce. 8000 cicli di garanzia di 10 anni e certificazione UL9540A, la pi\u00f9 alta categoria raggiungibile e a prova di incendio!<\/p>\n<p>Sempre consegnato con Smartlanhub Blauhoff gratuito, compresi app e hardware, in modo da poter negoziare in modo dinamico e automatico senza costi di abbonamento ed essere responsabile del proprio fornitore di energia. Pu\u00f2 cambiare ogni giorno il fornitore pi\u00f9 vantaggioso. Compatibile anche con la domotica Homeautomation e Homey Pro.<\/p>\n<p>Il Sistema Home BLH-10k\/60kWh 3 Fasi \u00e8 consigliato per le famiglie con un consumo medio annuo di circa 21900 kWh. Con una potenza di 10 kW, pu\u00f2 coprire una parte significativa del suo fabbisogno energetico utilizzando l'energia solare generata e l'energia immagazzinata nella batteria. Inoltre, questo sistema fornisce un'alimentazione di emergenza, in modo che i dispositivi importanti continuino a funzionare durante le interruzioni di corrente e le sue routine quotidiane possano continuare senza interruzioni. Il sistema \u00e8 anche espandibile fino a 600 kWh.<\/p>\n<p>Il Powerpack Blauhoff Home BLH-10k\/60 kWh 3 Fasi \u00e8 stato creato per garantire la flessibilit\u00e0. Si basa su una presa di corrente per generatori\/ventilatori, che le consente di avere la possibilit\u00e0 di utilizzare energia supplementare e di aumentare la sua disponibilit\u00e0 di energia. Con un'alimentazione minima di 3x25A e con una configurazione a 3 fasi, questo sistema \u00e8 compatibile con le reti elettriche pi\u00f9 diffuse.<\/p>\n<p>Grazie al montaggio gratuito, pu\u00f2 contare su un'installazione professionale, che garantisce un funzionamento ottimale del sistema fin dal primo momento e un'esperienza senza preoccupazioni.<\/p>\n<p>Passi a un'alimentazione energetica pi\u00f9 efficiente e sostenibile con il sistema trifase Blauhoff Home BLH-10k\/60 kWh. Grazie al potente accumulo di energia, all'alimentazione di emergenza e alla flessibilit\u00e0 delle fonti energetiche, pu\u00f2 contare su un'alimentazione affidabile, realizzare risparmi sui costi e ridurre l'impronta di carbonio. Scelga Blauhoff e prepari la sua casa alle esigenze energetiche del futuro.<\/p>\n<p>Disponibile anche con riscaldamento per il montaggio in ambienti freddi o all'aperto, come opzione aggiuntiva!<\/p>\n<p><a href=\"https:\/\/blauhoff.nl\/wp-content\/uploads\/2024\/03\/Blauhoff-Power-Pack-LV-V1.1.pdf\">Blauhoff Power Pack LV V1.1<\/a><\/p>\n<div style=\"width: 640px;\" class=\"wp-video\"><video class=\"wp-video-shortcode\" id=\"video-205862-1\" width=\"640\" height=\"360\" preload=\"metadata\" controls=\"controls\"><source type=\"video\/mp4\" src=\"https:\/\/blauhoff.nl\/wp-content\/uploads\/2024\/12\/Blauhoff-PowerPack-Series.mp4?_=1\" \/><a href=\"https:\/\/blauhoff.nl\/wp-content\/uploads\/2024\/12\/Blauhoff-PowerPack-Series.mp4\">https:\/\/blauhoff.nl\/wp-content\/uploads\/2024\/12\/Blauhoff-PowerPack-Series.mp4<\/a><\/video><\/div>\n<p>&nbsp;<\/p>\n<p>&nbsp;<\/p>","protected":false},"excerpt":{"rendered":"<p>Blauhoff Home 10K\/60 kWh 3 Phase System Cobalt free Powerpack IP55 Outdoor\/Indoor\/Cobalt free 100aH 1C Il sistema Blauhoff Home BLH-10k\/60kWh 3 Phase, super robusto e facilmente espandibile, della rinomata [...]<\/p>","protected":false},"featured_media":205866,"template":"","meta":{"_seopress_robots_primary_cat":"none","_seopress_titles_title":"","_seopress_titles_desc":"","_seopress_robots_index":"","_kad_blocks_custom_css":"","_kad_blocks_head_custom_js":"","_kad_blocks_body_custom_js":"","_kad_blocks_footer_custom_js":""},"product_cat":[17,19],"product_tag":[],"class_list":{"0":"post-205862","1":"product","2":"type-product","3":"status-publish","4":"has-post-thumbnail","6":"product_cat-home-batteries","7":"product_cat-sets-with-inverters","9":"first","10":"instock","11":"taxable","12":"shipping-taxable","13":"purchasable","14":"product-type-simple"},"taxonomy_info":{"product_cat":[{"value":17,"label":"Home batteries"},{"value":19,"label":"Sets with inverters"}]},"featured_image_src_large":["https:\/\/ownpowr.com\/wp-content\/uploads\/2025\/01\/bh3_10k_60kwh-480x480-1.png",480,480,false],"author_info":[],"comment_info":"","_links":{"self":[{"href":"https:\/\/ownpowr.com\/it\/wp-json\/wp\/v2\/product\/205862","targetHints":{"allow":["GET"]}}],"collection":[{"href":"https:\/\/ownpowr.com\/it\/wp-json\/wp\/v2\/product"}],"about":[{"href":"https:\/\/ownpowr.com\/it\/wp-json\/wp\/v2\/types\/product"}],"wp:featuredmedia":[{"embeddable":true,"href":"https:\/\/ownpowr.com\/it\/wp-json\/wp\/v2\/media\/205866"}],"wp:attachment":[{"href":"https:\/\/ownpowr.com\/it\/wp-json\/wp\/v2\/media?parent=205862"}],"wp:term":[{"taxonomy":"product_cat","embeddable":true,"href":"https:\/\/ownpowr.com\/it\/wp-json\/wp\/v2\/product_cat?post=205862"},{"taxonomy":"product_tag","embeddable":true,"href":"https:\/\/ownpowr.com\/it\/wp-json\/wp\/v2\/product_tag?post=205862"}],"curies":[{"name":"wp","href":"https:\/\/api.w.org\/{rel}","templated":true}]}}