{"id":206630,"date":"2025-02-06T11:32:24","date_gmt":"2025-02-06T09:32:24","guid":{"rendered":"https:\/\/ownpowr.com\/?post_type=product&#038;p=206630"},"modified":"2025-02-06T11:32:25","modified_gmt":"2025-02-06T09:32:25","slug":"blauhoff-15k-15-kwh-hv-3-phase-system-powerpack-ip55-100ah-1c-charge-discharge","status":"publish","type":"product","link":"https:\/\/ownpowr.com\/it\/product\/blauhoff-15k-15-kwh-hv-3-phase-system-powerpack-ip55-100ah-1c-carica-scarica\/","title":{"rendered":"Blauhoff 15K\/15 kWh HV 3 Phase Sistema Powerpack IP55 100aH 1C Carica\/Scarica"},"content":{"rendered":"<h2>Blauhoff Home 15K\/15 kWh HV 3 Phase System Cobalt free Powerpack IP55 Outdoor\/Indoor\/Cobalt free 100aH 1C<\/h2>\n<p>Il sistema Blauhoff Home BLH-15k\/15 kWh 3 Fasi, super robusto e facilmente espandibile, del rinomato marchio Blauhoff, offre una soluzione di accumulo energetico affidabile ed efficiente per le famiglie con consumi elevati. Con questo potente sistema, pu\u00f2 ottimizzare l'efficienza energetica della sua casa, ridurre la sua dipendenza dalla rete e beneficiare dell'alimentazione di emergenza in caso di interruzioni di corrente. Inoltre, questo sistema viene fornito con montaggio gratuito, assicurando un'installazione senza problemi. Comunica con la potenza dinamica in base alle necessit\u00e0, senza abbonamento e sempre con la libera scelta del fornitore di energia!<\/p>\n<p>L'inverter ha una lunghezza di 780 mm e un peso di 33,6 kg. Un cavo aggiuntivo di 300 mm tra l'inverter e la batteria le consente di determinare il posizionamento ottimale per il suo sistema, garantendo un trasferimento efficiente dell'energia e perdite minime di energia.<\/p>\n<p>Il sistema di batterie Blauhoff \u00e8 resistente, privo di cobalto e compatto e piatto, con dimensioni di 734 mm x 400 mm per modulo e un peso di 170 kg. La batteria ha una capacit\u00e0 di 15 kWh, che le consente di immagazzinare l'energia in eccesso generata dai suoi pannelli solari o da altre fonti energetiche. Nei momenti in cui non c'\u00e8 produzione di energia, pu\u00f2 utilizzare l'energia immagazzinata per coprire il suo consumo energetico, riducendo la sua dipendenza dalla rete e riducendo ulteriormente i suoi costi energetici. Tutto questo avviene automaticamente in combinazione con il contratto energetico dinamico presente. Potr\u00e0 quindi approfittare dell'energia a basso costo durante la notte in inverno e utilizzarla per tutto il giorno; in estate, potr\u00e0 caricarla gratuitamente nel pomeriggio, utilizzarla la sera e caricare l'auto con essa al mattino o alla sera.<\/p>\n<p><strong>Appositamente realizzato per la carica\/scarica 1C (100aH), in modo da poter caricare e scaricare alla velocit\u00e0 della luce. 8000 cicli di garanzia di 10 anni e certificazione UL9540A, la pi\u00f9 alta categoria raggiungibile e a prova di incendio!<\/strong><\/p>\n<p><strong>Sempre consegnato con Smartlanhub Blauhoff gratuito, compresi app e hardware, in modo da poter effettuare scambi dinamici in modo automatico e senza costi di abbonamento ed essere responsabile del proprio fornitore di energia. Pu\u00f2 cambiare ogni giorno il fornitore pi\u00f9 vantaggioso. Compatibile anche con la domotica Homeautomation e Homey Pro.<\/strong><\/p>\n<p>Il Sistema Home BLH-15k\/15 kWh 3 Fasi \u00e8 consigliato per le famiglie con un consumo medio annuo di circa 5475 kWh. Con una potenza di 15 kW, pu\u00f2 coprire una parte significativa del suo fabbisogno energetico utilizzando l'energia solare generata e l'energia immagazzinata nella batteria. Inoltre, questo sistema fornisce un'alimentazione di emergenza, in modo che i dispositivi importanti continuino a funzionare durante le interruzioni di corrente e le sue routine quotidiane possano continuare senza interruzioni. Il sistema \u00e8 anche espandibile fino a 600 kWh.<\/p>\n<p>Il sistema Powerpack Blauhoff Home BLH-15k\/15 kWh 3 Fasi \u00e8 stato progettato all'insegna della flessibilit\u00e0. \u00c8 dotato di una porta per generatore\/mulino, che le consente di aggiungere ulteriori fonti di energia e di aumentare ulteriormente la sua indipendenza energetica. Con una connessione minima di 3x25A e adatto alle configurazioni trifase, questo sistema \u00e8 compatibile con la maggior parte delle reti elettriche domestiche.<\/p>\n<p>Grazie al montaggio gratuito, pu\u00f2 contare su un'installazione professionale, che garantisce un funzionamento ottimale del sistema fin dal primo momento e un'esperienza senza preoccupazioni.<\/p>\n<p>Passi a un'alimentazione energetica pi\u00f9 efficiente e sostenibile con il sistema trifase Blauhoff Home BLH-15k\/15 kWh. Grazie al potente accumulo di energia, all'alimentazione di emergenza e alla flessibilit\u00e0 delle fonti energetiche, pu\u00f2 contare su un'alimentazione affidabile, realizzare risparmi sui costi e ridurre l'impronta di carbonio. Scelga Blauhoff e prepari la sua casa alle esigenze energetiche del futuro.<\/p>\n<p><strong>Disponibile anche con riscaldamento per il montaggio in ambienti freddi o all'aperto, come opzione aggiuntiva!<\/strong><\/p>\n<p><a href=\"https:\/\/blauhoff.nl\/wp-content\/uploads\/2024\/10\/Blauhoff-Power-Pack-HV-V1.4-1.pdf\" target=\"_blank\" rel=\"noopener\">Blauhoff Centralina HV V1.4 (1)<\/a><\/p>\n<div style=\"width: 640px;\" class=\"wp-video\"><video class=\"wp-video-shortcode\" id=\"video-206630-1\" width=\"640\" height=\"360\" preload=\"metadata\" controls=\"controls\"><source type=\"video\/mp4\" src=\"https:\/\/blauhoff.nl\/wp-content\/uploads\/2024\/12\/Blauhoff-PowerPack-Series.mp4?_=1\" \/><a href=\"https:\/\/blauhoff.nl\/wp-content\/uploads\/2024\/12\/Blauhoff-PowerPack-Series.mp4\">https:\/\/blauhoff.nl\/wp-content\/uploads\/2024\/12\/Blauhoff-PowerPack-Series.mp4<\/a><\/video><\/div>\n<p>&nbsp;<\/p>","protected":false},"excerpt":{"rendered":"<p>Blauhoff Home 15K\/15 kWh HV 3 Phase Sistema senza cobalto Powerpack IP55 Outdoor\/Indoor\/Cobalt free 100aH 1C Il sistema super robusto e facilmente espandibile Blauhoff Home BLH-15k\/15 kWh 3 Phase, [...]<\/p>","protected":false},"featured_media":206633,"template":"","meta":{"_seopress_robots_primary_cat":"none","_seopress_titles_title":"","_seopress_titles_desc":"","_seopress_robots_index":"","_kad_blocks_custom_css":"","_kad_blocks_head_custom_js":"","_kad_blocks_body_custom_js":"","_kad_blocks_footer_custom_js":""},"product_cat":[17,19],"product_tag":[],"class_list":{"0":"post-206630","1":"product","2":"type-product","3":"status-publish","4":"has-post-thumbnail","6":"product_cat-home-batteries","7":"product_cat-sets-with-inverters","9":"first","10":"instock","11":"taxable","12":"shipping-taxable","13":"purchasable","14":"product-type-simple"},"taxonomy_info":{"product_cat":[{"value":17,"label":"Home batteries"},{"value":19,"label":"Sets with inverters"}]},"featured_image_src_large":["https:\/\/ownpowr.com\/wp-content\/uploads\/2025\/02\/bh3_15k_15kwh.png",480,480,false],"author_info":[],"comment_info":"","_links":{"self":[{"href":"https:\/\/ownpowr.com\/it\/wp-json\/wp\/v2\/product\/206630","targetHints":{"allow":["GET"]}}],"collection":[{"href":"https:\/\/ownpowr.com\/it\/wp-json\/wp\/v2\/product"}],"about":[{"href":"https:\/\/ownpowr.com\/it\/wp-json\/wp\/v2\/types\/product"}],"wp:featuredmedia":[{"embeddable":true,"href":"https:\/\/ownpowr.com\/it\/wp-json\/wp\/v2\/media\/206633"}],"wp:attachment":[{"href":"https:\/\/ownpowr.com\/it\/wp-json\/wp\/v2\/media?parent=206630"}],"wp:term":[{"taxonomy":"product_cat","embeddable":true,"href":"https:\/\/ownpowr.com\/it\/wp-json\/wp\/v2\/product_cat?post=206630"},{"taxonomy":"product_tag","embeddable":true,"href":"https:\/\/ownpowr.com\/it\/wp-json\/wp\/v2\/product_tag?post=206630"}],"curies":[{"name":"wp","href":"https:\/\/api.w.org\/{rel}","templated":true}]}}