{"id":206803,"date":"2025-02-07T15:58:34","date_gmt":"2025-02-07T13:58:34","guid":{"rendered":"https:\/\/ownpowr.com\/?post_type=product&#038;p=206803"},"modified":"2025-02-14T16:28:57","modified_gmt":"2025-02-14T14:28:57","slug":"blauhoff-home-8k-20kwh-3-phase-system","status":"publish","type":"product","link":"https:\/\/ownpowr.com\/it\/product\/blauhoff-home-8k-20kwh-sistema-trifase\/","title":{"rendered":"Blauhoff Casa 8K\/20kWh Sistema a 1 o 3 fasi"},"content":{"rendered":"<p>Blauhoff Sistema di fase domestico 8K\/20kWh<\/p>\n<p>Il sistema di fase Blauhoff Home 8K\/20kWh, del marchio di fiducia Blauhoff, offre una soluzione avanzata per l'accumulo di energia in casa. Questo sistema \u00e8 stato progettato specificamente per soddisfare le esigenze energetiche delle famiglie con consumi significativi. Con questo potente sistema, pu\u00f2 ottimizzare l'efficienza del suo consumo energetico, ridurre la sua dipendenza dalla rete e persino beneficiare dell'alimentazione di emergenza in caso di interruzione di corrente. Inoltre, questo sistema viene fornito con un'installazione gratuita, che rende l'installazione semplice e senza problemi.<\/p>\n<p>L'inverter ha una lunghezza di 580 mm e pesa 33,6 kg. Con un cavo aggiuntivo di 300 mm tra l'inverter e la batteria, pu\u00f2 determinare il posizionamento ottimale per il suo sistema, garantendo un trasferimento di energia efficiente e perdite di energia minime.<\/p>\n<p>Il sistema di batterie Blauhoff \u00e8 robusto e durevole, misura 580 mm x 387 mm x 1300 mm e pesa 180 kg. La batteria ha un'impressionante capacit\u00e0 di 20 kWh, che le consente di immagazzinare l'energia in eccesso generata dai suoi pannelli solari. Quando non \u00e8 disponibile la luce del sole, pu\u00f2 utilizzare l'energia immagazzinata per coprire il suo consumo energetico, riducendo la sua dipendenza dalla rete e riducendo ulteriormente i suoi costi energetici.<\/p>\n<p>Il Sistema Fase Blauhoff Home 8K\/20kWh \u00e8 consigliato per le famiglie con un consumo medio annuo di circa 7000 kWh. Con una capacit\u00e0 di 8 kW, pu\u00f2 coprire una parte significativa del suo fabbisogno energetico utilizzando l'energia solare generata e l'energia immagazzinata nella batteria. Inoltre, questo sistema offre un'alimentazione di emergenza, consentendole di continuare a utilizzare elettrodomestici importanti durante le interruzioni di corrente, garantendo il suo comfort e la sua tranquillit\u00e0.<\/p>\n<p>Il sistema di fase Blauhoff Home 8K\/20kWh \u00e8 stato progettato all'insegna della flessibilit\u00e0. \u00c8 dotato di una porta per generatore\/mulino, che le offre la possibilit\u00e0 di aggiungere ulteriori fonti di energia e di aumentare ulteriormente la sua indipendenza energetica. Con una connessione minima di 1x40A e adatto a configurazioni monofase, questo sistema \u00e8 compatibile con la maggior parte delle reti elettriche domestiche.<\/p>\n<p>Grazie all'installazione gratuita, pu\u00f2 contare su un'installazione professionale, risparmiando tempo e fatica e garantendo un funzionamento ottimale del sistema fin dal primo momento.<\/p>\n<p>Passi a un approvvigionamento energetico pi\u00f9 efficiente e sostenibile con il Sistema Fase Blauhoff Home 8K\/20kWh. Grazie al potente accumulo di energia, all'alimentazione di emergenza e alla flessibilit\u00e0 delle fonti energetiche, pu\u00f2 godere di una gestione dell'energia affidabile ed economica nella sua casa. Scelga Blauhoff e prepari la sua casa alle esigenze energetiche del futuro.<\/p>\n<p><strong>Il sistema Blauhoff Home 8K\/20 kWh 1 Fase \u00e8 disponibile anche su richiesta!<\/strong><\/p>","protected":false},"excerpt":{"rendered":"<p>Sistema di Fase Blauhoff Home 8K\/20kWh Il Sistema di Fase Blauhoff Home 8K\/20kWh, del marchio di fiducia Blauhoff, offre una soluzione avanzata per l'accumulo energetico domestico. Questo sistema \u00e8 stato progettato specificamente per soddisfare [...]<\/p>","protected":false},"featured_media":206806,"template":"","meta":{"_seopress_robots_primary_cat":"none","_seopress_titles_title":"","_seopress_titles_desc":"","_seopress_robots_index":"","_kad_blocks_custom_css":"","_kad_blocks_head_custom_js":"","_kad_blocks_body_custom_js":"","_kad_blocks_footer_custom_js":""},"product_cat":[17,19],"product_tag":[],"class_list":{"0":"post-206803","1":"product","2":"type-product","3":"status-publish","4":"has-post-thumbnail","6":"product_cat-home-batteries","7":"product_cat-sets-with-inverters","9":"first","10":"instock","11":"taxable","12":"shipping-taxable","13":"purchasable","14":"product-type-simple"},"taxonomy_info":{"product_cat":[{"value":17,"label":"Home batteries"},{"value":19,"label":"Sets with inverters"}]},"featured_image_src_large":["https:\/\/ownpowr.com\/wp-content\/uploads\/2025\/02\/blh_8k_20kwh.jpg",480,480,false],"author_info":[],"comment_info":"","_links":{"self":[{"href":"https:\/\/ownpowr.com\/it\/wp-json\/wp\/v2\/product\/206803","targetHints":{"allow":["GET"]}}],"collection":[{"href":"https:\/\/ownpowr.com\/it\/wp-json\/wp\/v2\/product"}],"about":[{"href":"https:\/\/ownpowr.com\/it\/wp-json\/wp\/v2\/types\/product"}],"wp:featuredmedia":[{"embeddable":true,"href":"https:\/\/ownpowr.com\/it\/wp-json\/wp\/v2\/media\/206806"}],"wp:attachment":[{"href":"https:\/\/ownpowr.com\/it\/wp-json\/wp\/v2\/media?parent=206803"}],"wp:term":[{"taxonomy":"product_cat","embeddable":true,"href":"https:\/\/ownpowr.com\/it\/wp-json\/wp\/v2\/product_cat?post=206803"},{"taxonomy":"product_tag","embeddable":true,"href":"https:\/\/ownpowr.com\/it\/wp-json\/wp\/v2\/product_tag?post=206803"}],"curies":[{"name":"wp","href":"https:\/\/api.w.org\/{rel}","templated":true}]}}