{"id":207770,"date":"2025-02-14T12:09:30","date_gmt":"2025-02-14T10:09:30","guid":{"rendered":"https:\/\/ownpowr.com\/?post_type=product&#038;p=207770"},"modified":"2025-02-14T12:10:25","modified_gmt":"2025-02-14T10:10:25","slug":"blauhoff-home-3-6k-10kwh-1-phase-system","status":"publish","type":"product","link":"https:\/\/ownpowr.com\/it\/product\/sistema-blauhoff-home-3-6k-10kwh-1-fase\/","title":{"rendered":"Blauhoff Sistema domestico 3.6K\/10kWh 1 fase"},"content":{"rendered":"<p>Blauhoff Sistema domestico 3.6K\/10kWh 1 fase<\/p>\n<p>Il Sistema Blauhoff Home 3.6K\/10kWh 1 Fase \u00e8 un sistema di accumulo energetico rivoluzionario, progettato per soddisfare le esigenze delle famiglie moderne. Grazie a tecnologie avanzate e a una capacit\u00e0 impressionante, questo sistema offre una soluzione affidabile ed efficiente per gestire il suo consumo energetico.<\/p>\n<p>Questo sistema \u00e8 specificamente raccomandato per un consumo medio annuo di 3650 kWh, il che lo rende perfetto per la maggior parte delle famiglie. Se desidera alimentare i suoi elettrodomestici, alimentare la sua casa con l'energia solare o ottimizzare il suo consumo energetico, il sistema Blauhoff Home \u00e8 progettato per soddisfare le sue esigenze.<\/p>\n<p>Con una generosa capacit\u00e0 di 10 kWh, questo sistema offre un ampio immagazzinamento per l'energia in eccesso generata dai pannelli solari o da altre fonti rinnovabili. Ci\u00f2 significa che pu\u00f2 immagazzinare e utilizzare l'energia quando ne ha bisogno, anche nei momenti di picco o quando non \u00e8 disponibile un'alimentazione esterna. Inoltre, il sistema dispone di una funzione di alimentazione di emergenza, in modo da avere sempre energia, anche durante le interruzioni di corrente.<\/p>\n<p>Una delle caratteristiche notevoli del sistema Blauhoff Home \u00e8 la sua compatibilit\u00e0 con i generatori e le porte delle turbine eoliche. Questo le permette di integrare diverse fonti di energia rinnovabile e di ridurre ulteriormente la sua impronta di carbonio. Pu\u00f2 beneficiare della generazione di energia verde e rendere il suo consumo di elettricit\u00e0 pi\u00f9 sostenibile.<\/p>\n<p>Con una potenza di 3,6 kW, il sistema Blauhoff Home fornisce energia sufficiente per le sue esigenze quotidiane. Sia che voglia collegare le luci, il frigorifero, l'aria condizionata o altri apparecchi elettrici, questo sistema offre prestazioni affidabili e garantisce che non rimanga mai senza corrente.<\/p>\n<p>L'installazione del Sistema Blauhoff Home 3.6K\/10 kWh 1 Fase \u00e8 facile e richiede solo un collegamento minimo di 1x25A. Inoltre, il sistema viene fornito con l'installazione gratuita, per cui pu\u00f2 iniziare subito a godere dei vantaggi della sua nuova soluzione energetica.<\/p>\n<p>Scelga il Sistema Blauhoff Home 3.6K\/10 kWh 1 Fase e scopra un modo avanzato e affidabile di gestire il suo consumo energetico. Goda della libert\u00e0 di generare, immagazzinare e utilizzare la sua energia, risparmiando sui costi energetici e contribuendo a un futuro pi\u00f9 sostenibile. Con Blauhoff Home, ha il controllo della sua energia.<\/p>","protected":false},"excerpt":{"rendered":"<p>Sistema Blauhoff Home 3.6K\/10kWh 1 Fase Il Sistema Blauhoff Home 3.6K\/10kWh 1 Fase \u00e8 un sistema di accumulo energetico rivoluzionario, progettato per soddisfare le esigenze delle famiglie moderne. Con tecnologie avanzate [...]<\/p>","protected":false},"featured_media":207773,"template":"","meta":{"_seopress_robots_primary_cat":"none","_seopress_titles_title":"","_seopress_titles_desc":"","_seopress_robots_index":"","_kad_blocks_custom_css":"","_kad_blocks_head_custom_js":"","_kad_blocks_body_custom_js":"","_kad_blocks_footer_custom_js":""},"product_cat":[17,19],"product_tag":[],"class_list":{"0":"post-207770","1":"product","2":"type-product","3":"status-publish","4":"has-post-thumbnail","6":"product_cat-home-batteries","7":"product_cat-sets-with-inverters","9":"first","10":"instock","11":"taxable","12":"shipping-taxable","13":"purchasable","14":"product-type-simple"},"taxonomy_info":{"product_cat":[{"value":17,"label":"Home batteries"},{"value":19,"label":"Sets with inverters"}]},"featured_image_src_large":["https:\/\/ownpowr.com\/wp-content\/uploads\/2025\/02\/blh_1_phase_36_10.jpg",600,600,false],"author_info":[],"comment_info":"","_links":{"self":[{"href":"https:\/\/ownpowr.com\/it\/wp-json\/wp\/v2\/product\/207770","targetHints":{"allow":["GET"]}}],"collection":[{"href":"https:\/\/ownpowr.com\/it\/wp-json\/wp\/v2\/product"}],"about":[{"href":"https:\/\/ownpowr.com\/it\/wp-json\/wp\/v2\/types\/product"}],"wp:featuredmedia":[{"embeddable":true,"href":"https:\/\/ownpowr.com\/it\/wp-json\/wp\/v2\/media\/207773"}],"wp:attachment":[{"href":"https:\/\/ownpowr.com\/it\/wp-json\/wp\/v2\/media?parent=207770"}],"wp:term":[{"taxonomy":"product_cat","embeddable":true,"href":"https:\/\/ownpowr.com\/it\/wp-json\/wp\/v2\/product_cat?post=207770"},{"taxonomy":"product_tag","embeddable":true,"href":"https:\/\/ownpowr.com\/it\/wp-json\/wp\/v2\/product_tag?post=207770"}],"curies":[{"name":"wp","href":"https:\/\/api.w.org\/{rel}","templated":true}]}}