{"id":207863,"date":"2025-02-14T16:12:44","date_gmt":"2025-02-14T14:12:44","guid":{"rendered":"https:\/\/ownpowr.com\/?post_type=product&#038;p=207863"},"modified":"2025-02-14T16:12:45","modified_gmt":"2025-02-14T14:12:45","slug":"blauhoff-home-10k-20kwh-3-phase-system-hv-lv","status":"publish","type":"product","link":"https:\/\/ownpowr.com\/it\/product\/blauhoff-home-10k-20kwh-sistema-trifase-hv-lv\/","title":{"rendered":"Blauhoff Casa 10K\/20kWh Sistema trifase HV\/LV"},"content":{"rendered":"<p>Blauhoff Sistema domestico di fase 10K\/20kWh<\/p>\n<p>Il Sistema Fase Blauhoff Home 10K\/20kWh, del rinomato marchio Blauhoff, offre una soluzione potente e affidabile per l'accumulo di energia nelle famiglie con consumi significativi. Con questo sistema avanzato, pu\u00f2 ottimizzare la sua gestione energetica, ridurre la sua dipendenza dalla rete e beneficiare dell'alimentazione di emergenza in caso di interruzione di corrente. Inoltre, questo sistema viene fornito con installazione gratuita, rendendo l'installazione facile e senza problemi.<\/p>\n<p>L'inverter ha una lunghezza di 699,3 mm e pesa 33,6 kg. Con un cavo aggiuntivo di 300 mm tra l'inverter e la batteria, pu\u00f2 determinare il posizionamento ottimale per il suo sistema, garantendo un trasferimento di energia efficiente e perdite di energia minime.<\/p>\n<p>Il sistema di batterie Blauhoff \u00e8 durevole e robusto, con dimensioni di 586 mm x 387 mm x 1300 mm e un peso di 180 kg. La batteria ha un'impressionante capacit\u00e0 di 20 kWh, che le consente di immagazzinare l'energia in eccesso generata dai suoi pannelli solari o da altre fonti energetiche. Quando non c'\u00e8 produzione di energia, pu\u00f2 utilizzare l'energia immagazzinata per coprire il suo consumo energetico, rendendola meno dipendente dalla rete elettrica e riducendo ulteriormente i suoi costi energetici.<\/p>\n<p>Il Sistema Fase Blauhoff Home 10K\/20kWh \u00e8 consigliato per le famiglie con un consumo medio annuo di circa 7300 kWh. Con una capacit\u00e0 di 10 kW, pu\u00f2 coprire gran parte del suo fabbisogno energetico utilizzando l'energia solare generata e l'energia immagazzinata nella batteria. Inoltre, questo sistema fornisce energia di emergenza, in modo che i dispositivi importanti continuino a funzionare durante le interruzioni di corrente e le sue routine quotidiane possano continuare senza interruzioni.<\/p>\n<p>Il sistema di fase Blauhoff Home 10K\/20kWh \u00e8 stato progettato all'insegna della flessibilit\u00e0. \u00c8 dotato di una porta per generatore\/turbina eolica, che le offre la possibilit\u00e0 di aggiungere ulteriori fonti di energia e di aumentare ulteriormente la sua indipendenza energetica. Con una connessione minima di 3x25A e adatto alle configurazioni di fase, questo sistema \u00e8 compatibile con la maggior parte delle reti elettriche domestiche.<\/p>\n<p>Grazie all'installazione gratuita, pu\u00f2 contare su un'installazione professionale, che garantisce il funzionamento ottimale del suo sistema fin dal primo momento e le permette di vivere un'esperienza senza preoccupazioni.<\/p>\n<p>Passi a un'alimentazione energetica pi\u00f9 efficiente e sostenibile con il Sistema Fase Blauhoff Home 10K\/20kWh. Grazie al potente accumulo di energia, all'alimentazione di emergenza e alla flessibilit\u00e0 delle fonti energetiche, pu\u00f2 contare su un'alimentazione affidabile, realizzare risparmi sui costi e ridurre l'impronta di carbonio. Scelga Blauhoff e prepari la sua casa alle esigenze energetiche del futuro.<\/p>\n<p><strong>Il prezzo varia tra HV e LV!<\/strong><\/p>","protected":false},"excerpt":{"rendered":"<p>Sistema di Fase Blauhoff Home 10K\/20kWh Il Sistema di Fase Blauhoff Home 10K\/20kWh, del rinomato marchio Blauhoff, offre una soluzione potente e affidabile per l'accumulo di energia nelle famiglie con consumi significativi. [...]<\/p>","protected":false},"featured_media":207866,"template":"","meta":{"_seopress_robots_primary_cat":"","_seopress_titles_title":"","_seopress_titles_desc":"","_seopress_robots_index":"","_kad_blocks_custom_css":"","_kad_blocks_head_custom_js":"","_kad_blocks_body_custom_js":"","_kad_blocks_footer_custom_js":""},"product_cat":[17,19],"product_tag":[],"class_list":{"0":"post-207863","1":"product","2":"type-product","3":"status-publish","4":"has-post-thumbnail","6":"product_cat-home-batteries","7":"product_cat-sets-with-inverters","9":"first","10":"instock","11":"taxable","12":"shipping-taxable","13":"purchasable","14":"product-type-simple"},"taxonomy_info":{"product_cat":[{"value":17,"label":"Home batteries"},{"value":19,"label":"Sets with inverters"}]},"featured_image_src_large":["https:\/\/ownpowr.com\/wp-content\/uploads\/2025\/02\/blh_5100_10k_20kwh-600x600-1.jpg",600,600,false],"author_info":[],"comment_info":"","_links":{"self":[{"href":"https:\/\/ownpowr.com\/it\/wp-json\/wp\/v2\/product\/207863","targetHints":{"allow":["GET"]}}],"collection":[{"href":"https:\/\/ownpowr.com\/it\/wp-json\/wp\/v2\/product"}],"about":[{"href":"https:\/\/ownpowr.com\/it\/wp-json\/wp\/v2\/types\/product"}],"wp:featuredmedia":[{"embeddable":true,"href":"https:\/\/ownpowr.com\/it\/wp-json\/wp\/v2\/media\/207866"}],"wp:attachment":[{"href":"https:\/\/ownpowr.com\/it\/wp-json\/wp\/v2\/media?parent=207863"}],"wp:term":[{"taxonomy":"product_cat","embeddable":true,"href":"https:\/\/ownpowr.com\/it\/wp-json\/wp\/v2\/product_cat?post=207863"},{"taxonomy":"product_tag","embeddable":true,"href":"https:\/\/ownpowr.com\/it\/wp-json\/wp\/v2\/product_tag?post=207863"}],"curies":[{"name":"wp","href":"https:\/\/api.w.org\/{rel}","templated":true}]}}