{"id":207867,"date":"2025-02-14T16:18:18","date_gmt":"2025-02-14T14:18:18","guid":{"rendered":"https:\/\/ownpowr.com\/?post_type=product&#038;p=207867"},"modified":"2025-02-14T16:18:19","modified_gmt":"2025-02-14T14:18:19","slug":"blauhoff-home-5k-20-kwh-1-phase-system-lv","status":"publish","type":"product","link":"https:\/\/ownpowr.com\/it\/product\/blauhoff-home-5k-20-kwh-1-fase-sistema-lv\/","title":{"rendered":"Blauhoff Casa 5K\/20 kWh 1 Fase Sistema LV"},"content":{"rendered":"<p>Blauhoff Sistema domestico 5K\/20 kWh 1 fase<\/p>\n<p>Il Sistema Blauhoff Home 5K\/20 kWh 1 Fase \u00e8 un sistema di accumulo di energia compatto ed efficiente, progettato per soddisfare le esigenze energetiche delle famiglie e delle piccole imprese. Con un consumo medio annuo consigliato di 7300 kWh, questo sistema offre una soluzione sostenibile e affidabile per generare, immagazzinare e utilizzare la propria energia.<\/p>\n<p>Con una capacit\u00e0 di 20 kWh, questo sistema offre uno spazio di accumulo sufficiente per immagazzinare l'energia solare generata durante il giorno e utilizzarla la sera e la notte. Questo le permette di ridurre la sua dipendenza dalla rete elettrica e di ridurre i costi energetici. Inoltre, il sistema \u00e8 dotato di alimentazione di emergenza, in modo da poter continuare a usufruire dell'energia elettrica durante le interruzioni di corrente.<\/p>\n<p>Il sistema Blauhoff Home \u00e8 stato progettato tenendo conto della compatibilit\u00e0. Il sistema \u00e8 dotato di un generatore e di una porta per turbine eoliche, che le danno la possibilit\u00e0 di integrare fonti di energia alternative e di generare ancora pi\u00f9 energia verde. Questo le offre la flessibilit\u00e0 di diversificare ulteriormente la sua generazione di energia e di ridurre la sua impronta di carbonio.<\/p>\n<p>Con una capacit\u00e0 di 5 kW, il sistema Blauhoff Home \u00e8 adatto a un'ampia gamma di applicazioni. Sia che desideri alimentare gli elettrodomestici della sua casa, sia che abbia bisogno di energia per le sue attivit\u00e0 commerciali su piccola scala, questo sistema pu\u00f2 soddisfare le sue esigenze. Il sistema funziona su una connessione monofase con un requisito minimo di 1x40A, il che lo rende adatto alle applicazioni domestiche.<\/p>\n<p>Il sistema Blauhoff Home 5K\/20 kWh 1 Fase \u00e8 stato progettato pensando alla facilit\u00e0 d'uso e all'affidabilit\u00e0. Le dimensioni compatte e il design leggero dell'inverter consentono una facile installazione, mentre il robusto sistema di batterie assicura durata e prestazioni di lunga durata.<\/p>\n<p>Scelga il Sistema Blauhoff Home 5K\/20 kWh 1 Fase e si goda una soluzione affidabile ed efficiente per le sue esigenze energetiche. Questo sistema le consente di beneficiare dell'energia verde, di ridurre le bollette energetiche e di contribuire a un futuro sostenibile. Si affidi a Blauhoff per soluzioni di accumulo energetico di alta qualit\u00e0 che soddisfino le sue esigenze e le garantiscano la tranquillit\u00e0.<\/p>","protected":false},"excerpt":{"rendered":"<p>Blauhoff Home 5K\/20 kWh 1 Phase Il sistema Blauhoff Home 5K\/20 kWh 1 Phase \u00e8 un sistema di accumulo di energia compatto ed efficiente, progettato per soddisfare le esigenze energetiche di [...]<\/p>","protected":false},"featured_media":207870,"template":"","meta":{"_seopress_robots_primary_cat":"","_seopress_titles_title":"","_seopress_titles_desc":"","_seopress_robots_index":"","_kad_blocks_custom_css":"","_kad_blocks_head_custom_js":"","_kad_blocks_body_custom_js":"","_kad_blocks_footer_custom_js":""},"product_cat":[17,19],"product_tag":[],"class_list":{"0":"post-207867","1":"product","2":"type-product","3":"status-publish","4":"has-post-thumbnail","6":"product_cat-home-batteries","7":"product_cat-sets-with-inverters","9":"first","10":"instock","11":"taxable","12":"shipping-taxable","13":"purchasable","14":"product-type-simple"},"taxonomy_info":{"product_cat":[{"value":17,"label":"Home batteries"},{"value":19,"label":"Sets with inverters"}]},"featured_image_src_large":["https:\/\/ownpowr.com\/wp-content\/uploads\/2025\/02\/blh_5k_20kwh.jpg",480,480,false],"author_info":[],"comment_info":"","_links":{"self":[{"href":"https:\/\/ownpowr.com\/it\/wp-json\/wp\/v2\/product\/207867","targetHints":{"allow":["GET"]}}],"collection":[{"href":"https:\/\/ownpowr.com\/it\/wp-json\/wp\/v2\/product"}],"about":[{"href":"https:\/\/ownpowr.com\/it\/wp-json\/wp\/v2\/types\/product"}],"wp:featuredmedia":[{"embeddable":true,"href":"https:\/\/ownpowr.com\/it\/wp-json\/wp\/v2\/media\/207870"}],"wp:attachment":[{"href":"https:\/\/ownpowr.com\/it\/wp-json\/wp\/v2\/media?parent=207867"}],"wp:term":[{"taxonomy":"product_cat","embeddable":true,"href":"https:\/\/ownpowr.com\/it\/wp-json\/wp\/v2\/product_cat?post=207867"},{"taxonomy":"product_tag","embeddable":true,"href":"https:\/\/ownpowr.com\/it\/wp-json\/wp\/v2\/product_tag?post=207867"}],"curies":[{"name":"wp","href":"https:\/\/api.w.org\/{rel}","templated":true}]}}