{"id":265,"date":"2023-10-04T16:43:01","date_gmt":"2023-10-04T14:43:01","guid":{"rendered":"https:\/\/ownpowr.com\/product\/pylontech-force-l1-14-21\/"},"modified":"2025-12-30T14:50:46","modified_gmt":"2025-12-30T12:50:46","slug":"pylontech-force-l1-14-21","status":"publish","type":"product","link":"https:\/\/ownpowr.com\/it\/product\/pylontech-force-l1-14-21\/","title":{"rendered":"Forza Pylontech L1 14,21"},"content":{"rendered":"<p>Pylontech Force L1 14.21 \u00e8 composto da un'unit\u00e0 di gestione della batteria Pylontech BMU e da 4 moduli batteria Force L1 da 3,55 kWh.<\/p>\n<p>Possibilit\u00e0 di scalare aggiungendo successivamente fino a 3 moduli Force L1 supplementari<\/p>\n<div class=\"row\">\n<div class=\"col-lg-6\">\n<h3><strong>Pylontech Forza L1 14.21 - Bassa tensione<\/strong><\/h3>\n<p>Il <b>Forza L1<\/b> \u00e8 l'ultimo sistema di batterie HESS fornito da <strong>Pylontech<\/strong>. Il carattere di \"lunga durata\", la pi\u00f9 alta densit\u00e0 di energia e di potenza del settore, il design alla moda, la facilit\u00e0 di installazione e di espansione, riflettono le reali esigenze degli utenti finali e la pi\u00f9 forte capacit\u00e0 tecnica di <strong>Pylontech<\/strong>.<\/p>\n<p><strong>PylontechForceL1<\/strong>14.21 consiste in un <strong>Pylontech<\/strong> Unit\u00e0 di gestione della batteria BMU e 4 moduli batteria Force L1 da 3,55 kWh. Possibilit\u00e0 di scalare aggiungendo in seguito fino a 3 moduli Force L1 aggiuntivi in parallelo a questo stack per ottenere una potenza utile fino a 24,86 kWh.<\/p>\n<p><strong>L'integrazione verticale del settore garantisce oltre 6.000 cicli con 90% DoD<\/strong><\/p>\n<p><strong>Il design modulare consente ai clienti finali di scegliere la capacit\u00e0<\/strong><\/p>\n<p><strong>Compatibile con la maggior parte degli inverter ibridi disponibili<\/strong><\/p>\n<p><strong>Il connettore rapido riduce al minimo i tempi e i costi di installazione<\/strong><\/p>\n<p><strong>Bellissimo design - al di l\u00e0 dell'installazione all'interno e all'esterno<\/strong><\/p>\n<\/div>\n<\/div>","protected":false},"excerpt":{"rendered":"<p>Pylontech Force L1 14.21 \u00e8 composto da un'unit\u00e0 di gestione della batteria Pylontech BMU e da 4 moduli batteria Force L1 da 3,55 kWh. Possibilit\u00e0 di scalare aggiungendo successivamente fino a 3 moduli Force [...]<\/p>","protected":false},"featured_media":266,"template":"","meta":{"_seopress_robots_primary_cat":"none","_seopress_titles_title":"","_seopress_titles_desc":"","_seopress_robots_index":"","_kad_blocks_custom_css":"","_kad_blocks_head_custom_js":"","_kad_blocks_body_custom_js":"","_kad_blocks_footer_custom_js":""},"product_cat":[17],"product_tag":[],"class_list":{"0":"post-265","1":"product","2":"type-product","3":"status-publish","4":"has-post-thumbnail","6":"product_cat-home-batteries","8":"first","9":"outofstock","10":"sale","11":"taxable","12":"shipping-taxable","13":"purchasable","14":"product-type-simple"},"taxonomy_info":{"product_cat":[{"value":17,"label":"Home batteries"}]},"featured_image_src_large":["https:\/\/ownpowr.com\/wp-content\/uploads\/2022\/11\/SAM7623-0.jpeg",600,661,false],"author_info":[],"comment_info":"","_links":{"self":[{"href":"https:\/\/ownpowr.com\/it\/wp-json\/wp\/v2\/product\/265","targetHints":{"allow":["GET"]}}],"collection":[{"href":"https:\/\/ownpowr.com\/it\/wp-json\/wp\/v2\/product"}],"about":[{"href":"https:\/\/ownpowr.com\/it\/wp-json\/wp\/v2\/types\/product"}],"wp:featuredmedia":[{"embeddable":true,"href":"https:\/\/ownpowr.com\/it\/wp-json\/wp\/v2\/media\/266"}],"wp:attachment":[{"href":"https:\/\/ownpowr.com\/it\/wp-json\/wp\/v2\/media?parent=265"}],"wp:term":[{"taxonomy":"product_cat","embeddable":true,"href":"https:\/\/ownpowr.com\/it\/wp-json\/wp\/v2\/product_cat?post=265"},{"taxonomy":"product_tag","embeddable":true,"href":"https:\/\/ownpowr.com\/it\/wp-json\/wp\/v2\/product_tag?post=265"}],"curies":[{"name":"wp","href":"https:\/\/api.w.org\/{rel}","templated":true}]}}