{"id":286,"date":"2023-10-05T01:24:51","date_gmt":"2023-10-04T23:24:51","guid":{"rendered":"https:\/\/ownpowr.com\/product\/pylontech-force-l1-3-55\/"},"modified":"2025-10-15T13:54:02","modified_gmt":"2025-10-15T11:54:02","slug":"pylontech-force-l1-3-55","status":"publish","type":"product","link":"https:\/\/ownpowr.com\/it\/product\/pylontech-force-l1-3-55\/","title":{"rendered":"Forza Pylontech L1 3.55"},"content":{"rendered":"<h2><strong>Il modulo batteria al litio Pylontech Force L1 da 3,55 kWh forma un sistema di batterie impilabile tra 2 e 7 moduli con un BMS esterno.<\/strong><\/h2>\n<p>Pylontech Force L1 3.55 \u00e8 composto da un'unit\u00e0 di gestione della batteria BMU Pylontech e da un modulo batteria Force L1 3.55kWh. Possibilit\u00e0 di scalare aggiungendo successivamente fino a 6 moduli Force L1 aggiuntivi.<\/p>\n<p>&nbsp;<\/p>\n<div class=\"row\">\n<div class=\"col-lg-6\">\n<h3><strong>Pylontech Forza L1 3,55 <\/strong><strong>- Bassa tensione<\/strong><\/h3>\n<p>Force L1 \u00e8 l'ultimo sistema di batterie HESS fornito da Pylontech. Il carattere di \"lunga durata\", la densit\u00e0 di energia e di potenza pi\u00f9 elevata del settore, il design alla moda, la facilit\u00e0 di installazione e di espansione, riflettono le reali esigenze degli utenti finali e la pi\u00f9 forte capacit\u00e0 tecnica di Pylontech.<\/p>\n<p><strong>PylontechForceL1<\/strong>3,55 consiste in un <strong>Pylontech<\/strong> BMU Battery Management Unit e 1 modulo batteria Force L1 da 3,55 kWh. Possibilit\u00e0 di scalare aggiungendo in seguito fino a 6 moduli Force L1 aggiuntivi in parallelo a questo stack per ottenere una potenza utilizzabile fino a 24,86 kWh.<\/p>\n<p><strong>L'integrazione industriale verticale garantisce pi\u00f9 di 6.000 cicli con 90% DoD<\/strong><\/p>\n<p><strong>Il design modulare permette ai clienti finali di scegliere la capacit\u00e0<\/strong><\/p>\n<p><strong>Compatibile con la maggior parte degli inverter ibridi disponibili<\/strong><\/p>\n<p><strong>Lo scollegamento rapido riduce al minimo i tempi e i costi di installazione.<\/strong><\/p>\n<p><strong>Bellissimo design - si adatta sia all'interno che all'esterno<\/strong><\/p>\n<div id=\"ProductInfoTabs\" class=\"ui-tabs ui-widget ui-widget-content ui-corner-all epProductInfoTabs ep-js\" data-js=\"\">\n<div id=\"tab-product-description\" class=\"ui-tabs-panel ui-widget-content ui-corner-bottom\" role=\"tabpanel\" aria-labelledby=\"ui-id-1\" aria-hidden=\"false\">\n<div class=\"description\">\n<p>&nbsp;<\/p>\n<p>Il modulo batteria al litio Pylontech Force L1 viene utilizzato per avere un sistema di batterie impilabili Pylontech tra 2 e 7 moduli con un BMS esterno, in modo da potersi adattare a diversi sistemi di configurazione. Con una capacit\u00e0 nominale di 3,55 kWh e prodotto con litio ferrofosfato senza cobalto.<\/p>\n<p>Quest'ultima versione di HESS (sistema di accumulo energetico domestico), eredita il concetto di design modulare, unito alla facilit\u00e0 di installazione, alla semplicit\u00e0 dei connettori e alla compatibilit\u00e0 con l'esterno.<\/p>\n<p>Si tratta dell'ultima versione di HESS (sistema di accumulo energetico domestico), che eredita il concetto di design modulare, unito alla facilit\u00e0 di installazione, alla semplicit\u00e0 dei connettori e alla compatibilit\u00e0 con l'esterno.<\/p>\n<p>Questo sistema di accumulo pu\u00f2 essere installato senza la necessit\u00e0 di collegare i cavi tra le batterie ed \u00e8 impilabile, il che rende l'installazione pi\u00f9 facile e veloce. La nuova soluzione Pylontech per il settore residenziale a bassa tensione \u00e8 la serie L, che comprende i modelli Force L1 e L2.<\/p>\n<p>Questi prodotti sono costituiti da diverse batterie impilabili tra 2 e 7 con un BMS esterno, in modo da adattarsi a diversi sistemi di configurazione.<\/p>\n<p>\u00c8 particolarmente adatto a luoghi piccoli con spazio limitato, ma anche a installazioni con molta potenza e una lunga durata. Questo modulo viene installato insieme a un BMS FC0048M-100 con una tensione nominale di 48V e una capacit\u00e0 di 47Ah. Questi sistemi hanno anche una corrente di carica e scarica che pu\u00f2 raggiungere un totale di 60A e una protezione IP55.<\/p>\n<p>La semplicit\u00e0 e l'impilabilit\u00e0 del sistema lo rendono estremamente flessibile, con la possibilit\u00e0 di espandersi nel tempo con estrema facilit\u00e0. Un altro aspetto importante \u00e8 senza dubbio la profondit\u00e0 di scarica, con 90%. Inoltre, i dispositivi possono essere combinati con vari tipi di inverter, anche con la funzione EPS integrata.<\/p>\n<p>Le sue caratteristiche principali includono il design modulare che offre la massima flessibilit\u00e0, la cella LFP interna che consente una durata maggiore e una maggiore sicurezza, connessioni rapide per risparmiare tempo di installazione e un BMS collaudato con la pi\u00f9 ampia compatibilit\u00e0 con gli inverter.<\/p>\n<p>La batteria ha una garanzia legale di 3 anni e una garanzia del produttore di 10 anni.<\/p>\n<p>&nbsp;<\/p>\n<h3><strong>Dati tecnici del modulo batteria al litio Pylontech Force L1<\/strong><\/h3>\n<p>- Capacit\u00e0 della batteria: 3,55 kWh<br \/>\n- Intervallo di tensione: 44.5 -54h<br \/>\n- Capacit\u00e0 utile: 4600W<br \/>\n- Grado di protezione: IP55<br \/>\n- Porta di comunicazione: RS485<br \/>\n- Garanzia: 10 anni (in base ai requisiti del produttore).<\/p>\n<\/div>\n<\/div>\n<\/div>\n<\/div>\n<\/div>","protected":false},"excerpt":{"rendered":"<p>Il modulo batteria al litio Pylontech Force L1 3,55 kWh forma un sistema di batterie impilabili tra 2 e 7 moduli con un BMS esterno. Pylontech Force L1 3.55 \u00e8 composto da un BMU Pylontech [...]<\/p>","protected":false},"featured_media":287,"template":"","meta":{"_seopress_robots_primary_cat":"none","_seopress_titles_title":"","_seopress_titles_desc":"","_seopress_robots_index":"","_kad_blocks_custom_css":"","_kad_blocks_head_custom_js":"","_kad_blocks_body_custom_js":"","_kad_blocks_footer_custom_js":""},"product_cat":[17],"product_tag":[],"class_list":{"0":"post-286","1":"product","2":"type-product","3":"status-publish","4":"has-post-thumbnail","6":"product_cat-home-batteries","8":"first","9":"outofstock","10":"sale","11":"taxable","12":"shipping-taxable","13":"purchasable","14":"product-type-simple"},"taxonomy_info":{"product_cat":[{"value":17,"label":"Home batteries"}]},"featured_image_src_large":["https:\/\/ownpowr.com\/wp-content\/uploads\/2022\/11\/Schermafbeelding-2022-10-15-om-12.07.40.png",822,504,false],"author_info":[],"comment_info":"","_links":{"self":[{"href":"https:\/\/ownpowr.com\/it\/wp-json\/wp\/v2\/product\/286","targetHints":{"allow":["GET"]}}],"collection":[{"href":"https:\/\/ownpowr.com\/it\/wp-json\/wp\/v2\/product"}],"about":[{"href":"https:\/\/ownpowr.com\/it\/wp-json\/wp\/v2\/types\/product"}],"wp:featuredmedia":[{"embeddable":true,"href":"https:\/\/ownpowr.com\/it\/wp-json\/wp\/v2\/media\/287"}],"wp:attachment":[{"href":"https:\/\/ownpowr.com\/it\/wp-json\/wp\/v2\/media?parent=286"}],"wp:term":[{"taxonomy":"product_cat","embeddable":true,"href":"https:\/\/ownpowr.com\/it\/wp-json\/wp\/v2\/product_cat?post=286"},{"taxonomy":"product_tag","embeddable":true,"href":"https:\/\/ownpowr.com\/it\/wp-json\/wp\/v2\/product_tag?post=286"}],"curies":[{"name":"wp","href":"https:\/\/api.w.org\/{rel}","templated":true}]}}