{"id":405,"date":"2023-10-05T01:24:56","date_gmt":"2023-10-04T23:24:56","guid":{"rendered":"https:\/\/ownpowr.com\/product\/pytes-e-box-48100r\/"},"modified":"2024-10-16T15:58:23","modified_gmt":"2024-10-16T13:58:23","slug":"pytes-e-box-48100r","status":"publish","type":"product","link":"https:\/\/ownpowr.com\/it\/product\/pytes-e-box-48100r\/","title":{"rendered":"PYTES E-BOX 48100R"},"content":{"rendered":"<p>La batteria domestica Pytes per i pannelli solari \u00e8 la batteria al litio LFP di nuova generazione per l'accumulo di energia in casa.<\/p>\n<p>Questa batteria domestica \u00e8 una batteria standard LFP sicura, ben progettata e potente per la sua casa o la sua azienda.<br \/>\nLa batteria \u00e8 compatta e modulare e adatta ai suoi pannelli solari \u00e8 compatta, facile da installare, non richiede manutenzione e pu\u00f2 essere utilizzata come elemento costitutivo di un sistema di accumulo di energia quando viene montata in parallelo. \u00c8 ampiamente utilizzata nelle abitazioni per l'accumulo di energia, oppure in<br \/>\npiccoli sistemi di accumulo di energia commerciali e industriali, come le stazioni di telecomunicazione.<\/p>\n<p>Il massimo montabile in parallelo \u00e8 8 * 5,12kwh = 40,96 kwh, e con l'aggiunta di un HUB 56 * 5,12 kwh = 280 KwH.<\/p>\n<p>Caratteristiche della batteria domestica PYTES E-BOX 48100R:<\/p>\n<ol>\n<li><strong>Impressionante garanzia di 10 anni:<\/strong> Pu\u00f2 contare su questa batteria domestica a lungo termine, con una solida garanzia di 10 anni.<\/li>\n<li><strong>Gestione intelligente dell'energia:<\/strong> La PYTES E-BOX 48100R le consente una completa autogestione delle sue esigenze energetiche. Immagazzina in modo efficiente l'energia in eccesso generata dai suoi pannelli solari, misurando, monitorando e gestendo attentamente il processo. L'energia \u00e8 prontamente disponibile quando ne ha pi\u00f9 bisogno, grazie ad algoritmi intelligenti che ottimizzano la durata del sistema.<\/li>\n<li><strong>Alimentazione di backup e di emergenza:<\/strong> Si pu\u00f2 stare tranquilli sapendo che questa batteria domestica fornisce un'alimentazione di backup e di emergenza affidabile quando la rete elettrica si guasta o subisce pi\u00f9 di 6000 cicli, garantendo longevit\u00e0 e sicurezza.<\/li>\n<li><strong>Ampia compatibilit\u00e0:<\/strong> La batteria domestica PYTES E-BOX 48100R \u00e8 stata progettata tenendo conto dell'ampia compatibilit\u00e0, integrandosi perfettamente con diverse configurazioni.<\/li>\n<li><strong>Risparmio sulla bolletta energetica:<\/strong> Durante le ore non di punta, la batteria domestica si carica in modo intelligente utilizzando un inverter e si scarica durante i periodi di punta. Questa strategia porta a una riduzione significativa della sua bolletta energetica nel tempo.<\/li>\n<\/ol>\n<p>Specifiche tecniche:<\/p>\n<ul>\n<li><strong>Modello:<\/strong> 48100R<\/li>\n<li><strong>Chimica della batteria:<\/strong> Fosfato di litio e ferro (LFP)<\/li>\n<li><strong>Tensione nominale:<\/strong> 51.2V<\/li>\n<li><strong>Intervallo di tensione:<\/strong> 47,5-57,6 V<\/li>\n<li><strong>Capacit\u00e0 nominale:<\/strong> 100Ah<\/li>\n<li><strong>Energia nominale:<\/strong> 5,12kWh<\/li>\n<li><strong>Dimensioni dell'unit\u00e0:<\/strong> L440mm x B620mm x H117mm (2.6U)<\/li>\n<li><strong>Peso dell'unit\u00e0:<\/strong> 51 kg<\/li>\n<li><strong>Corrente di carica standard:<\/strong> 50A<\/li>\n<li><strong>Corrente di carica massima:<\/strong> 50A<\/li>\n<li><strong>Corrente di scarica standard:<\/strong> 50A<\/li>\n<li><strong>Velocit\u00e0 di scarica massima:<\/strong> 50A<\/li>\n<li><strong>Efficienza di andata e ritorno:<\/strong> \u226595%<\/li>\n<li><strong>Protocolli di comunicazione:<\/strong> RS232, RS485, CAN<\/li>\n<li><strong>Ciclo di vita:<\/strong> \u22656000 cicli<\/li>\n<li><strong>Calendario Vita:<\/strong> \u226510 anni<\/li>\n<li><strong>Temperatura di esercizio:<\/strong> Da -10\u00b0C a 50\u00b0C<\/li>\n<li><strong>Stile di connessione:<\/strong> Parallelo<\/li>\n<li><strong>Temperatura di conservazione:<\/strong> Entro 1 mese: Da -20\u00b0C a 55\u00b0C, 1-3 mesi: Da 0\u00b0C a 35\u00b0C, da 3 a 12 mesi: Da 20\u00b0C a 25\u00b0C<\/li>\n<li><strong>Pannello di controllo:<\/strong> Le opzioni di facile installazione includono il montaggio individuale a parete con le staffe in dotazione o l'abbinamento elegante con l'elegante homebox.<\/li>\n<\/ul>","protected":false},"excerpt":{"rendered":"<p>La batteria domestica Pytes per i suoi pannelli solari \u00e8 la batteria al litio LFP di nuova generazione per l'accumulo di energia in casa. Questa batteria domestica \u00e8 uno standard sicuro, ben progettato e potente [...]<\/p>","protected":false},"featured_media":406,"template":"","meta":{"_seopress_robots_primary_cat":"none","_seopress_titles_title":"The Pytes Home Battery: A Safe, Powerful LFP Lithium Battery for Solar Panels","_seopress_titles_desc":"Experience complete energy self-management with this compact, easy-to-install home battery. Store excess energy, reduce bills, and enjoy a 10-year warranty!","_seopress_robots_index":"","_kad_blocks_custom_css":"","_kad_blocks_head_custom_js":"","_kad_blocks_body_custom_js":"","_kad_blocks_footer_custom_js":""},"product_cat":[17],"product_tag":[],"class_list":{"0":"post-405","1":"product","2":"type-product","3":"status-publish","4":"has-post-thumbnail","6":"product_cat-home-batteries","8":"first","9":"instock","10":"sale","11":"taxable","12":"shipping-taxable","13":"purchasable","14":"product-type-simple"},"taxonomy_info":{"product_cat":[{"value":17,"label":"Home batteries"}]},"featured_image_src_large":["https:\/\/ownpowr.com\/wp-content\/uploads\/2022\/11\/48100R\u8be6\u60c5-920x640_08-420x420-1.jpeg",420,420,false],"author_info":[],"comment_info":"","_links":{"self":[{"href":"https:\/\/ownpowr.com\/it\/wp-json\/wp\/v2\/product\/405","targetHints":{"allow":["GET"]}}],"collection":[{"href":"https:\/\/ownpowr.com\/it\/wp-json\/wp\/v2\/product"}],"about":[{"href":"https:\/\/ownpowr.com\/it\/wp-json\/wp\/v2\/types\/product"}],"wp:featuredmedia":[{"embeddable":true,"href":"https:\/\/ownpowr.com\/it\/wp-json\/wp\/v2\/media\/406"}],"wp:attachment":[{"href":"https:\/\/ownpowr.com\/it\/wp-json\/wp\/v2\/media?parent=405"}],"wp:term":[{"taxonomy":"product_cat","embeddable":true,"href":"https:\/\/ownpowr.com\/it\/wp-json\/wp\/v2\/product_cat?post=405"},{"taxonomy":"product_tag","embeddable":true,"href":"https:\/\/ownpowr.com\/it\/wp-json\/wp\/v2\/product_tag?post=405"}],"curies":[{"name":"wp","href":"https:\/\/api.w.org\/{rel}","templated":true}]}}