{"id":4066,"date":"2023-10-27T15:05:46","date_gmt":"2023-10-27T13:05:46","guid":{"rendered":"https:\/\/ownpowr.com\/?post_type=product&#038;p=4066"},"modified":"2025-02-27T12:52:29","modified_gmt":"2025-02-27T10:52:29","slug":"deye-micro-inverter-sun600","status":"publish","type":"product","link":"https:\/\/ownpowr.com\/it\/product\/deye-micro-inverter-sun600-solo-per-scatola-4-pezzi\/","title":{"rendered":"Deye micro inverter-SUN600"},"content":{"rendered":"<div class=\"left column\">\n<h1>DEYE SUN600\/800\/1000G3-US-220\/EU-230 |600-1000W| Monofase | 2 MPPT | Micro-Inverter | Spegnimento rapido<\/h1>\n<p>Rendimenti pi\u00f9 elevati \/ Sicuro \/ Intelligente \/ Facile da usare<\/p>\n<div class=\"text\">\n<p>SUN 600\/800\/1000G3 \u00e8 un microinverter grid-tied di nuova generazione, con sistemi di rete e di monitoraggio intelligenti per garantire la massima efficienza. SUN 600\/800\/1000G3 \u00e8 ottimizzato per adattarsi efficacemente agli attuali moduli fotovoltaici ad alto rendimento, con una potenza fino a 500W e un doppio MPPT. Inoltre, supporta l'applicazione di spegnimento rapido, garantendo la sicurezza del suo investimento.<\/p>\n<\/div>\n<\/div>\n<div class=\"prodet-2\">\n<div class=\"ui container\">\n<div class=\"box grid-box\">\n<div class=\"right column\">\n<h2 class=\"titleBig\">Funzione di spegnimento a distanza<\/h2>\n<h4>Piattaforma di monitoraggio intelligente<\/h4>\n<p>Grazie alla piattaforma di monitoraggio intelligente, gli inverter della serie completa Deye supportano lo spegnimento immediato da remoto in caso di incidente. L'impostazione dei parametri e l'aggiornamento del FW avvengono da remoto, facilitando l'O&amp;M dell'impianto fotovoltaico.<\/p>\n<\/div>\n<\/div>\n<\/div>\n<\/div>\n<div class=\"prodet-3\">\n<div class=\"ui container\">\n<div class=\"box grid-box\">\n<div class=\"left column\">\n<div class=\"slick-list draggable\">\n<div class=\"slick-track\">\n<div class=\"slick-slide slick-cloned\" data-slick-index=\"-2\" aria-hidden=\"true\">\n<ul>\n<li>Monitoraggio del livello del modulo, pi\u00f9 sicuro e pi\u00f9 intelligente<\/li>\n<li>Corrente d'ingresso DC massima 13A. Corrente d'ingresso DC 13A, adatta al modulo fotovoltaico da 500W<\/li>\n<li>Funzione di spegnimento rapido<\/li>\n<li>Grado di protezione IP67, 10 anni di garanzia<\/li>\n<li>Comunicazione PLC, Zigbee o WIFI<\/li>\n<li>2 inseguitori MPP, monitoraggio a livello di modulo<\/li>\n<\/ul>\n<\/div>\n<div class=\"slick-slide slick-cloned\" data-slick-index=\"-1\" aria-hidden=\"true\">\n<div id=\"av_articleherstbezeichnung\">\n<h1 class=\"av_fontnormal\">DEYE SUN600<\/h1>\n<\/div>\n<div id=\"av_articletext\" class=\"clearfix\"><span class=\"artbesch\">Inverter piccolo con prestazioni elevate<br \/>\nMicro inverter intelligente per l'alimentazione della rete domestica. Questo inverter \u00e8 facile da installare e configurare. Si possono montare pannelli solari di quasi tutti i produttori. Ideale per piccoli impianti solari, ad esempio su balconi, case con giardino, garage o aree con ombreggiatura.<\/span><b>La consegna avviene attualmente senza il giunto e il tappo Betteri! Si prega di ordinare direttamente<\/b><\/p>\n<ul type=\"disc\">\n<li>Interfacce: WiFi<\/li>\n<li>design compatto<\/li>\n<li>Montaggio all'aperto, direttamente sul modulo solare<\/li>\n<li>Raffreddamento per convezione<\/li>\n<li>Inseguimento del punto di massima potenza (MPPT)<\/li>\n<li>funzione di avvio rapido fino a 12 secondi<\/li>\n<li>sicuro grazie alla funzione di spegnimento rapido<\/li>\n<li>Monitoraggio dei guasti a terra<\/li>\n<li>Monitoraggio della rete elettrica<\/li>\n<li>monitoraggio della corrente residua<\/li>\n<li>Classe di protezione IP 67<\/li>\n<\/ul>\n<p>&nbsp;<\/p>\n<p><b>Monitoraggio intelligente:<\/b><br \/>\nSegua i suoi successi in qualsiasi momento! L'interfaccia WLAN integrata le consente di integrare questo inverter nella sua rete.<br \/>\nL'accesso tramite l'applicazione SOLARMAN \u00e8 possibile con il suo smartphone o tablet. Inoltre, l'accesso via browser \u00e8 possibile con il suo dispositivo finale.<\/p>\n<p><b>Inseguimento MPPT:<\/b><br \/>\nMassima resa in qualsiasi condizione climatica. Sia in caso di maltempo che di ombra parziale, la moderna tecnologia e la pi\u00f9 recente tecnologia di stringa dell'inverter assicurano rendimenti ottimali.<\/p>\n<p><b>Facilmente espandibile:<\/b><br \/>\nUn sistema con questo microinverter pu\u00f2 essere ampliato con altri microinverter in qualsiasi momento. L'inverter aggiuntivo viene semplicemente collegato al microinverter esistente con la spina Betteri.<\/p>\n<p><b>Certificato secondo VDE:<\/b><br \/>\nIl microinverter \u00e8 certificato secondo la norma VDE-AR-N-4105:2018 e pu\u00f2 funzionare in Germania. Include una protezione NA, si spegne immediatamente quando viene scollegato dalla rete elettrica.<\/p>\n<p><b>WLAN:<\/b><br \/>\nUn modulo WLAN \u00e8 integrato nel microinverter. Ci\u00f2 significa che non \u00e8 necessario alcun hardware aggiuntivo per stabilire una connessione. Con l'app SOLARMAN pu\u00f2 seguire i suoi rendimenti in diretta e visualizzarli e analizzarli graficamente. La password WLAN per l'inverter Deye \u00e8 \"12345678\" e deve essere inserita una sola volta durante l'integrazione nell'App Solarman. Non sono necessari altri dispositivi per la misurazione dell'energia!<\/p>\n<p><b>Montaggio:<\/b><br \/>\nL'inverter ha un grado di protezione IP 67 ed \u00e8 estremamente robusto e durevole. L'inverter va semplicemente montato all'esterno insieme al modulo solare.<\/p>\n<p><b>Connessione CA:<\/b><br \/>\nPer il collegamento alla rete domestica, sul lato del dispositivo \u00e8 inclusa una spina Betteri per il montaggio gratuito.<\/p>\n<p><b>Ingresso DC - lato solare:<\/b><br \/>\nPotenza di ingresso: 210 Watt - 400 Watt<br \/>\nMax. Tensione di ingresso: 60 V DC<br \/>\nMassima corrente d'ingresso: 16 A. Corrente di ingresso: 16 A<br \/>\nControllo MPP: S\u00ec<br \/>\nConnessioni CC: S\u00ec<br \/>\nConnessione: MC4<\/p>\n<p><b>Uscita AC - Uscita di rete:<\/b><br \/>\nPotenza nominale: 600 watt (230 V\/50 Hz)<br \/>\nTensione nominale di uscita: 230 V<br \/>\nCorrente di uscita: max. 2.9 A<br \/>\nConnessione: Betteri<\/p>\n<p><b>Dispositivo:<\/b><br \/>\nDimensioni (HxLxP): 229 x 212 x 40 mm<br \/>\nPeso: 3,5 kg<br \/>\nConsumo notturno: &lt; 50 mW<\/p>\n<p><b>Ambito di consegna:<\/b><br \/>\n1x SUN600<br \/>\n1 antenna WLAN<br \/>\n1x manuale (inglese)<\/p>\n<p><b>Importante:<\/b><br \/>\nPer la configurazione e l'adattamento delle linee elettriche\/di collegamento alla casa, le consigliamo di rivolgersi sempre a personale qualificato. La societ\u00e0 reichelt elektronik GmbH &amp; Co. KG non si assume alcuna responsabilit\u00e0. Si informi prima dell'acquisto e del collegamento.<\/p>\n<div id=\"clipvideo\"><strong>Maggiori informazioni:<\/strong><\/div>\n<div><a href=\"https:\/\/storeyourownpower.com\/wp-content\/uploads\/2022\/12\/Datasheet-English-microinverter.pdf\" target=\"_blank\" rel=\"noopener\">Scheda tecnica Microinverter in inglese<\/a><\/div>\n<div><a href=\"https:\/\/storeyourownpower.com\/wp-content\/uploads\/2022\/12\/User-Manual-Deye-microinverter.pdf\" target=\"_blank\" rel=\"noopener\">Manuale d'uso del microinverter Deye<\/a><\/div>\n<\/div>\n<\/div>\n<\/div>\n<\/div>\n<\/div>\n<\/div>\n<\/div>\n<\/div>","protected":false},"excerpt":{"rendered":"<p>DEYE SUN600\/800\/1000G3-US-220\/EU-230 |600-1000W| Monofase | 2 MPPT | Microinverter | Spegnimento rapido Rendimenti pi\u00f9 elevati \/ Sicuro \/ Intelligente \/ Facile da usare Il SUN 600\/800\/1000G3 \u00e8 un microinverter grid-tied di nuova generazione con [...]<\/p>","protected":false},"featured_media":4069,"template":"","meta":{"_seopress_robots_primary_cat":"none","_seopress_titles_title":"DEYE SUN600\/800\/1000G3-US-220\/EU-230 |600-1000W| Single Phase | 2 MPPT | Micro-Inverter | Rapid Shutdown","_seopress_titles_desc":"Get the DEYE SUN600\/800\/1000G3 microinverter for maximum efficiency and safe solar energy production. Supports rapid shutdown and smart monitoring.","_seopress_robots_index":"","_kad_blocks_custom_css":"","_kad_blocks_head_custom_js":"","_kad_blocks_body_custom_js":"","_kad_blocks_footer_custom_js":""},"product_cat":[18],"product_tag":[],"class_list":{"0":"post-4066","1":"product","2":"type-product","3":"status-publish","4":"has-post-thumbnail","6":"product_cat-hybrid-inverters","8":"first","9":"instock","10":"sale","11":"taxable","12":"shipping-taxable","13":"purchasable","14":"product-type-simple"},"taxonomy_info":{"product_cat":[{"value":18,"label":"Hybrid inverters"}]},"featured_image_src_large":["https:\/\/ownpowr.com\/wp-content\/uploads\/2023\/10\/deye-microinveretr.webp",420,420,false],"author_info":[],"comment_info":"","_links":{"self":[{"href":"https:\/\/ownpowr.com\/it\/wp-json\/wp\/v2\/product\/4066","targetHints":{"allow":["GET"]}}],"collection":[{"href":"https:\/\/ownpowr.com\/it\/wp-json\/wp\/v2\/product"}],"about":[{"href":"https:\/\/ownpowr.com\/it\/wp-json\/wp\/v2\/types\/product"}],"wp:featuredmedia":[{"embeddable":true,"href":"https:\/\/ownpowr.com\/it\/wp-json\/wp\/v2\/media\/4069"}],"wp:attachment":[{"href":"https:\/\/ownpowr.com\/it\/wp-json\/wp\/v2\/media?parent=4066"}],"wp:term":[{"taxonomy":"product_cat","embeddable":true,"href":"https:\/\/ownpowr.com\/it\/wp-json\/wp\/v2\/product_cat?post=4066"},{"taxonomy":"product_tag","embeddable":true,"href":"https:\/\/ownpowr.com\/it\/wp-json\/wp\/v2\/product_tag?post=4066"}],"curies":[{"name":"wp","href":"https:\/\/api.w.org\/{rel}","templated":true}]}}