{"id":418,"date":"2023-10-04T16:42:57","date_gmt":"2023-10-04T14:42:57","guid":{"rendered":"https:\/\/ownpowr.com\/product\/pylontech-force-h1-21-31\/"},"modified":"2025-06-03T11:10:17","modified_gmt":"2025-06-03T09:10:17","slug":"pylontech-force-h1-21-31","status":"publish","type":"product","link":"https:\/\/ownpowr.com\/it\/product\/pylontech-force-h1-21-31\/","title":{"rendered":"Pylontech Force H1 21,31 V2"},"content":{"rendered":"<p>Vi presentiamo il modulo batteria ad alta tensione Pylontech Force H1 da 21,31 kWh:<\/p>\n<p><strong>Caratteristiche principali:<\/strong><\/p>\n<ul>\n<li><strong>Configurazione della batteria:<\/strong> 6 x Moduli Force H1 3,55 kWh + 1 x BMU Force H1 Base<\/li>\n<li><strong>Capacit\u00e0 totale utilizzabile:<\/strong> 21,31 kWh<\/li>\n<li><strong>Integrazione industriale verticale:<\/strong> Offre oltre 6000 cicli con 90% Depth of Discharge (DoD), garantendo prestazioni di lunga durata.<\/li>\n<li><strong>Design modulare:<\/strong> Consente ai clienti finali di scegliere la capacit\u00e0 desiderata, rendendo flessibile la scalabilit\u00e0.<\/li>\n<li><strong>Compatibilit\u00e0:<\/strong> \u00c8 compatibile con la maggior parte degli inverter ibridi disponibili, garantendo un'integrazione perfetta con i sistemi esistenti.<\/li>\n<li><strong>Installazione di scorciatoie:<\/strong> Riduce al minimo i tempi e i costi di installazione, semplificando il processo di allestimento.<\/li>\n<li><strong>Design versatile:<\/strong> Adatto sia per installazioni interne che esterne, offre flessibilit\u00e0 di posizionamento.<\/li>\n<\/ul>\n<p><strong>Descrizione del prodotto:<\/strong><\/p>\n<p>La batteria Pylontech Force H1 \u00e8 l'ultimo modulo di batteria High Energy Storage System (HESS), progettato per soddisfare le esigenze in evoluzione degli utenti finali. Incorpora diverse caratteristiche chiave che lo distinguono:<\/p>\n<ul>\n<li><strong>Lunga durata:<\/strong> Il carattere \"long life\" garantisce la durata del sistema, rendendolo una scelta affidabile per le esigenze di accumulo di energia a lungo termine.<\/li>\n<li><strong>Alta energia e densit\u00e0 di potenza:<\/strong> La Force H1 vanta la pi\u00f9 alta densit\u00e0 di energia e potenza del settore, massimizzando la capacit\u00e0 di accumulo di energia in un design compatto.<\/li>\n<li><strong>Facilit\u00e0 di installazione:<\/strong> Il sistema \u00e8 progettato per una facile installazione ed espansione, semplificando il processo di configurazione per gli utenti finali.<\/li>\n<li><strong>Scalabilit\u00e0:<\/strong> Gli utenti possono iniziare con un minimo di 2 moduli batteria Force H1 ed espandersi aggiungendo altri moduli in un secondo momento, offrendo una scalabilit\u00e0 per soddisfare le mutevoli esigenze energetiche.<\/li>\n<li><strong>Garanzia del produttore:<\/strong> Il prodotto viene fornito con una garanzia del produttore di 10 anni, che assicura la tranquillit\u00e0 e l'affidabilit\u00e0 del prodotto. Per l'attivazione della garanzia \u00e8 necessaria la registrazione e i dettagli sono disponibili sul sito web del produttore.<\/li>\n<\/ul>\n<p>L'Pylontech Force H1 \u00e8 la scelta ideale per le soluzioni di accumulo energetico residenziali e commerciali. Il suo design versatile, le sue prestazioni elevate e la sua scalabilit\u00e0 la rendono un'aggiunta preziosa a qualsiasi sistema di gestione energetica. Sia per l'alimentazione di riserva durante le interruzioni, sia per l'ottimizzazione del consumo energetico, Force H1 offre una soluzione di accumulo energetico affidabile ed efficiente.<\/p>\n<p><a href=\"https:\/\/storeyourownpower.com\/wp-content\/uploads\/2022\/10\/Datasheet-English-2.pdf\" target=\"_blank\" rel=\"noopener\">Scheda tecnica in inglese<\/a><br \/>\n<a href=\"https:\/\/storeyourownpower.com\/wp-content\/uploads\/2022\/10\/Compatibility-list-English.pdf\" target=\"_blank\" rel=\"noopener\">Elenco di compatibilit\u00e0 Inglese<\/a><br \/>\n<a href=\"https:\/\/storeyourownpower.com\/wp-content\/uploads\/2022\/10\/Operation-manual-English.pdf\" target=\"_blank\" rel=\"noopener\">Manuale operativo in inglese<\/a><br \/>\n<a href=\"https:\/\/storeyourownpower.com\/wp-content\/uploads\/2022\/10\/Consumer-Warranty.pdf\" target=\"_blank\" rel=\"noopener\">Garanzia per i consumatori<\/a><\/p>","protected":false},"excerpt":{"rendered":"<p>Vi presentiamo il modulo batteria ad alta tensione Pylontech Force H1 21,31 kWh: Caratteristiche principali: Configurazione della batteria: 6 Moduli Force H1 3,55 kWh + 1 BMU Force H1 Base Totale [...]<\/p>","protected":false},"featured_media":419,"template":"","meta":{"_seopress_robots_primary_cat":"none","_seopress_titles_title":"Pylontech Force H1 21.31kWh Battery Module - High Voltage","_seopress_titles_desc":"The latest HESS battery system with long life, highest energy density, easy installation, and compatibility with most hybrid inverters.","_seopress_robots_index":"","_kad_blocks_custom_css":"","_kad_blocks_head_custom_js":"","_kad_blocks_body_custom_js":"","_kad_blocks_footer_custom_js":""},"product_cat":[17],"product_tag":[],"class_list":{"0":"post-418","1":"product","2":"type-product","3":"status-publish","4":"has-post-thumbnail","6":"product_cat-home-batteries","8":"first","9":"instock","10":"sale","11":"taxable","12":"shipping-taxable","13":"purchasable","14":"product-type-simple"},"taxonomy_info":{"product_cat":[{"value":17,"label":"Home batteries"}]},"featured_image_src_large":["https:\/\/ownpowr.com\/wp-content\/uploads\/2022\/11\/Pylontech-Force-H1-10501-img-1.jpg",553,371,false],"author_info":[],"comment_info":"","_links":{"self":[{"href":"https:\/\/ownpowr.com\/it\/wp-json\/wp\/v2\/product\/418","targetHints":{"allow":["GET"]}}],"collection":[{"href":"https:\/\/ownpowr.com\/it\/wp-json\/wp\/v2\/product"}],"about":[{"href":"https:\/\/ownpowr.com\/it\/wp-json\/wp\/v2\/types\/product"}],"wp:featuredmedia":[{"embeddable":true,"href":"https:\/\/ownpowr.com\/it\/wp-json\/wp\/v2\/media\/419"}],"wp:attachment":[{"href":"https:\/\/ownpowr.com\/it\/wp-json\/wp\/v2\/media?parent=418"}],"wp:term":[{"taxonomy":"product_cat","embeddable":true,"href":"https:\/\/ownpowr.com\/it\/wp-json\/wp\/v2\/product_cat?post=418"},{"taxonomy":"product_tag","embeddable":true,"href":"https:\/\/ownpowr.com\/it\/wp-json\/wp\/v2\/product_tag?post=418"}],"curies":[{"name":"wp","href":"https:\/\/api.w.org\/{rel}","templated":true}]}}