{"id":429,"date":"2023-10-04T16:42:58","date_gmt":"2023-10-04T14:42:58","guid":{"rendered":"https:\/\/ownpowr.com\/product\/pylontech-force-h1-3-55kwh-battery\/"},"modified":"2025-03-27T12:51:37","modified_gmt":"2025-03-27T10:51:37","slug":"pylontech-force-h1-3-55kwh-battery","status":"publish","type":"product","link":"https:\/\/ownpowr.com\/it\/product\/batteria-pylontech-force-h1-3-55kwh\/","title":{"rendered":"Pylontech force H1 Batteria da 3,55 kWh V2"},"content":{"rendered":"<h3>Modulo batteria Pylontech Force H1 3,55kWh - Alta tensione<\/h3>\n<p>Force H1 \u00e8 l'ultimo sistema di batterie HESS fornito da Pylontech. Il carattere di \"lunga durata\", la pi\u00f9 alta densit\u00e0 di energia e di potenza del settore, il design alla moda, la facilit\u00e0 di installazione e di espansione, riflettono le reali esigenze degli utenti finali e la pi\u00f9 forte capacit\u00e0 tecnica di Pylontech.<\/p>\n<p>Modulo batteria Pylontech Force H1 3,55kWh per assemblare 1 stack Force H1 da 2 a 7 moduli batteria Force H1 in serie per ottenere una capacit\u00e0 utile da 7,1 a 24,86 kWh. Possibilit\u00e0 di scalare aggiungendo moduli Force H1 in un secondo momento.<\/p>\n<p>\u2714 L'integrazione industriale verticale garantisce oltre 6000 cicli con 90% DoD<\/p>\n<p>Il design modulare consente ai clienti finali di scegliere la capacit\u00e0.<\/p>\n<p>\u2714 Compatibile con la maggior parte degli inverter ibridi disponibili.<\/p>\n<p>\u2714 Lo scollegamento rapido riduce al minimo i tempi e i costi di installazione.<\/p>\n<p>\u2714 Bel design - si adatta all'installazione sia in interni che in esterni<\/p>\n<p>*10 anni di garanzia del produttore dopo la registrazione con successo a <a href=\"http:\/\/en.pylontech.com.cn\/service\/support\">http:\/\/en.pylontech.com.cn\/service\/support<\/a> e secondo le condizioni indicate nel documento \"Garanzia limitata\" collegato a questo articolo.<\/p>\n<p><a href=\"https:\/\/storeyourownpower.com\/wp-content\/uploads\/2022\/10\/Datasheet-English-2.pdf\" target=\"_blank\" rel=\"noopener\">Scheda tecnica in inglese<\/a><br \/>\n<a href=\"https:\/\/storeyourownpower.com\/wp-content\/uploads\/2022\/10\/Compatibility-list-English.pdf\" target=\"_blank\" rel=\"noopener\">Elenco di compatibilit\u00e0 Inglese<\/a><br \/>\n<a href=\"https:\/\/storeyourownpower.com\/wp-content\/uploads\/2022\/10\/Operation-manual-English.pdf\" target=\"_blank\" rel=\"noopener\">Manuale operativo in inglese<\/a><br \/>\n<a href=\"https:\/\/storeyourownpower.com\/wp-content\/uploads\/2022\/10\/Consumer-Warranty.pdf\" target=\"_blank\" rel=\"noopener\">Garanzia per i consumatori<\/a><\/p>","protected":false},"excerpt":{"rendered":"<p>Pylontech Force H1 3,55kWh Modulo batteria - Alta tensione L'Force H1 \u00e8 l'ultimo sistema di batterie HESS fornito da Pylontech. Il carattere di \"lunga durata\", la massima energia e potenza [...]<\/p>","protected":false},"featured_media":430,"template":"","meta":{"_seopress_robots_primary_cat":"none","_seopress_titles_title":"Pylontech Force H1 3.55kWh Battery Module - High Voltage","_seopress_titles_desc":"The latest HESS battery system with industry-leading features. Easily expandable, high energy density, and compatible with most hybrid inverters. 10-year warranty.","_seopress_robots_index":"","_kad_blocks_custom_css":"","_kad_blocks_head_custom_js":"","_kad_blocks_body_custom_js":"","_kad_blocks_footer_custom_js":""},"product_cat":[17],"product_tag":[],"class_list":{"0":"post-429","1":"product","2":"type-product","3":"status-publish","4":"has-post-thumbnail","6":"product_cat-home-batteries","8":"first","9":"instock","10":"sale","11":"taxable","12":"shipping-taxable","13":"purchasable","14":"product-type-simple"},"taxonomy_info":{"product_cat":[{"value":17,"label":"Home batteries"}]},"featured_image_src_large":["https:\/\/ownpowr.com\/wp-content\/uploads\/2022\/11\/Pylontech-Force-H1-3.55kWh-Battery-Module-10484-img.png",553,347,false],"author_info":[],"comment_info":"","_links":{"self":[{"href":"https:\/\/ownpowr.com\/it\/wp-json\/wp\/v2\/product\/429","targetHints":{"allow":["GET"]}}],"collection":[{"href":"https:\/\/ownpowr.com\/it\/wp-json\/wp\/v2\/product"}],"about":[{"href":"https:\/\/ownpowr.com\/it\/wp-json\/wp\/v2\/types\/product"}],"wp:featuredmedia":[{"embeddable":true,"href":"https:\/\/ownpowr.com\/it\/wp-json\/wp\/v2\/media\/430"}],"wp:attachment":[{"href":"https:\/\/ownpowr.com\/it\/wp-json\/wp\/v2\/media?parent=429"}],"wp:term":[{"taxonomy":"product_cat","embeddable":true,"href":"https:\/\/ownpowr.com\/it\/wp-json\/wp\/v2\/product_cat?post=429"},{"taxonomy":"product_tag","embeddable":true,"href":"https:\/\/ownpowr.com\/it\/wp-json\/wp\/v2\/product_tag?post=429"}],"curies":[{"name":"wp","href":"https:\/\/api.w.org\/{rel}","templated":true}]}}