{"id":48386,"date":"2024-03-29T11:33:07","date_gmt":"2024-03-29T09:33:07","guid":{"rendered":"https:\/\/ownpowr.com\/?post_type=product&#038;p=48386"},"modified":"2025-01-31T10:47:14","modified_gmt":"2025-01-31T08:47:14","slug":"blauhoff-home-6k-11-4-kwh-3-fase-systeem-slim-line-ip65","status":"publish","type":"product","link":"https:\/\/ownpowr.com\/it\/product\/blauhoff-home-6k-11-4-kwh-3-fasi-sistema-slim-line-ip65\/","title":{"rendered":"Blauhoff Home 6K\/11,4 kWh 3 Fase Sistema Slim Line IP65"},"content":{"rendered":"<p>Blauhoff Home 6K\/11.4kWh 3 Phase Sistema Slim Line IP65 17 cm sottile Outdoor\/Indoor !<\/p>\n<p>Il sistema super sottile Blauhoff Home 6K\/11kWh 3 Phase, del rinomato marchio Blauhoff, offre una soluzione affidabile ed efficiente per l'accumulo di energia nelle abitazioni a medio consumo. Con questo potente sistema, pu\u00f2 ottimizzare l'efficienza energetica della sua casa, ridurre la sua dipendenza dalla rete e beneficiare dell'alimentazione di emergenza in caso di interruzioni di corrente. Inoltre, questo sistema viene fornito con un montaggio gratuito, che assicura un'installazione senza problemi.<\/p>\n<p>L'inverter ha una lunghezza di 780 mm e un peso di 33,6 kg. Un cavo aggiuntivo di 300 mm tra l'inverter e la batteria le consente di determinare il posizionamento ottimale per il suo sistema, garantendo un trasferimento efficiente dell'energia e perdite minime di energia.<\/p>\n<p>Il sistema di batterie Blauhoff \u00e8 resistente e ultra compatto e piatto, con dimensioni di 670 mm x 900 mm x 170 mm e un peso di 90 kg. La batteria ha una capacit\u00e0 di 11 kWh, che le consente di immagazzinare l'energia in eccesso generata dai suoi pannelli solari o da altre fonti energetiche. Nei momenti in cui non c'\u00e8 produzione di energia, pu\u00f2 utilizzare l'energia immagazzinata per coprire il suo consumo energetico, riducendo la sua dipendenza dalla rete e riducendo ulteriormente i suoi costi energetici. Tutto questo avviene automaticamente in combinazione con il contratto di energia dinamica presente. Pu\u00f2 quindi approfittare dell'energia a basso costo durante la notte in inverno e utilizzarla per tutto il giorno, mentre in estate pu\u00f2 utilizzare la ricarica gratuita nel pomeriggio e utilizzarla la sera, ricaricando l'auto al mattino o alla sera.<\/p>\n<p>Il Sistema Home 6K\/11kWh 3 Fasi \u00e8 consigliato per le famiglie con un consumo medio annuo di circa 3000 kWh. Con una potenza di 6 kW, pu\u00f2 coprire una parte significativa del suo fabbisogno energetico utilizzando l'energia solare generata e l'energia immagazzinata nella batteria. Inoltre, questo sistema fornisce energia di emergenza, in modo che i dispositivi importanti continuino a funzionare durante le interruzioni di corrente e le sue routine quotidiane possano continuare senza interruzioni.<\/p>\n<p>Il sistema Blauhoff Home 6K\/11kWh 3 Phase Slim Line \u00e8 stato progettato all'insegna della flessibilit\u00e0. \u00c8 dotato di una porta per generatore\/mulino, che le d\u00e0 la possibilit\u00e0 di aggiungere ulteriori fonti di energia e di aumentare ulteriormente la sua indipendenza energetica. Con una connessione minima di 3x25A e adatto alle configurazioni trifase, questo sistema \u00e8 compatibile con la maggior parte delle reti elettriche domestiche.<\/p>\n<p>Con il montaggio gratuito, pu\u00f2 contare su un'installazione professionale, che le garantir\u00e0 un funzionamento ottimale del sistema fin dal primo momento e un'esperienza senza preoccupazioni.<\/p>\n<p>Passi a un'alimentazione energetica pi\u00f9 efficiente e sostenibile con il sistema trifase Blauhoff Home 6K\/11kWh. Grazie al potente accumulo di energia, alla potenza di backup e alla flessibilit\u00e0 delle fonti energetiche, pu\u00f2 contare su un'alimentazione affidabile, realizzare risparmi sui costi e ridurre l'impronta di carbonio. Scelga Blauhoff e prepari la sua casa alle esigenze energetiche del futuro.<\/p>\n<p>&nbsp;<\/p>\n<p><a href=\"https:\/\/blauhoff.nl\/wp-content\/uploads\/2024\/02\/Datasheet-Blauhoff-RESS-HV-Slim-Line.pdf\" target=\"_blank\" rel=\"noopener\">Scheda tecnica Blauhoff RESS HV Slim Line<\/a><\/p>\n<p>&nbsp;<\/p>\n<p>&nbsp;<\/p>","protected":false},"excerpt":{"rendered":"<p>Blauhoff Home 6K\/11.4kWh 3 Phase Sistema Slim Line IP65 17 cm sottile Outdoor\/Indoor ! Il sistema super sottile Blauhoff Home 6K\/11kWh 3 Fasi, del rinomato marchio Blauhoff, offre [...]<\/p>","protected":false},"featured_media":48389,"template":"","meta":{"_seopress_robots_primary_cat":"none","_seopress_titles_title":"Blauhoff Home 6K\/11kWh 3 Phase Slim line","_seopress_titles_desc":"Ease your energy concerns with Blauhoff Home 6K\/11.4kWh 3 Phase System. Amplify your home efficiency, cut costs and boost reliability. Enjoy free assembly for effortless installation.","_seopress_robots_index":"","_kad_blocks_custom_css":"","_kad_blocks_head_custom_js":"","_kad_blocks_body_custom_js":"","_kad_blocks_footer_custom_js":""},"product_cat":[17,19],"product_tag":[],"class_list":{"0":"post-48386","1":"product","2":"type-product","3":"status-publish","4":"has-post-thumbnail","6":"product_cat-home-batteries","7":"product_cat-sets-with-inverters","9":"first","10":"instock","11":"taxable","12":"shipping-taxable","13":"purchasable","14":"product-type-simple"},"taxonomy_info":{"product_cat":[{"value":17,"label":"Home batteries"},{"value":19,"label":"Sets with inverters"}]},"featured_image_src_large":["https:\/\/ownpowr.com\/wp-content\/uploads\/2024\/03\/3-phase-6k-battery-11kwh-480x480-1.png",480,480,false],"author_info":[],"comment_info":"","_links":{"self":[{"href":"https:\/\/ownpowr.com\/it\/wp-json\/wp\/v2\/product\/48386","targetHints":{"allow":["GET"]}}],"collection":[{"href":"https:\/\/ownpowr.com\/it\/wp-json\/wp\/v2\/product"}],"about":[{"href":"https:\/\/ownpowr.com\/it\/wp-json\/wp\/v2\/types\/product"}],"wp:featuredmedia":[{"embeddable":true,"href":"https:\/\/ownpowr.com\/it\/wp-json\/wp\/v2\/media\/48389"}],"wp:attachment":[{"href":"https:\/\/ownpowr.com\/it\/wp-json\/wp\/v2\/media?parent=48386"}],"wp:term":[{"taxonomy":"product_cat","embeddable":true,"href":"https:\/\/ownpowr.com\/it\/wp-json\/wp\/v2\/product_cat?post=48386"},{"taxonomy":"product_tag","embeddable":true,"href":"https:\/\/ownpowr.com\/it\/wp-json\/wp\/v2\/product_tag?post=48386"}],"curies":[{"name":"wp","href":"https:\/\/api.w.org\/{rel}","templated":true}]}}