{"id":48421,"date":"2024-03-29T14:22:36","date_gmt":"2024-03-29T12:22:36","guid":{"rendered":"https:\/\/ownpowr.com\/?post_type=product&#038;p=48421"},"modified":"2025-01-31T10:54:45","modified_gmt":"2025-01-31T08:54:45","slug":"blauhoff-home-15k-15-2-kwh-3-fase-systeem-slim-line-ip65","status":"publish","type":"product","link":"https:\/\/ownpowr.com\/it\/product\/blauhoff-home-15k-15-2-kwh-3-fasi-sistema-slim-line-ip65\/","title":{"rendered":"Blauhoff Home 15K\/15,2 kWh 3 Fase Systeem Slim Line IP65"},"content":{"rendered":"<p>Blauhoff Home 15K\/15.2kWh 3 Phase Sistema Slim Line IP65 17 cm sottile Outdoor\/Indoor !<br \/>\nIl sistema super sottile Blauhoff Home 15K\/15kWh 3 Fase, del rinomato marchio Blauhoff, offre una soluzione affidabile ed efficiente per l'accumulo di energia nelle abitazioni a medio consumo.<br \/>\nCon questo potente sistema, pu\u00f2 ottimizzare l'efficienza energetica della sua casa, ridurre la sua dipendenza dalla rete e beneficiare dell'alimentazione di emergenza in caso di interruzioni di corrente.<br \/>\nInoltre, questo sistema viene fornito con un montaggio gratuito, che assicura un'installazione senza problemi. Comunica con la potenza dinamica secondo le necessit\u00e0, senza abbonamento e sempre con la libera scelta del fornitore di energia!<br \/>\nL'inverter ha una lunghezza di 780 mm e un peso di 33,6 kg. Un cavo aggiuntivo di 300 mm tra l'inverter e la batteria le consente di determinare il posizionamento ottimale per il suo sistema, garantendo un trasferimento efficiente dell'energia e perdite minime di energia.<br \/>\nIl sistema di batterie Blauhoff \u00e8 resistente e ultra compatto e piatto, con dimensioni di 670 mm x 900 mm x 170 mm e un peso di 90 kg.La batteria ha una capacit\u00e0 di 15kWh, consentendole di immagazzinare l'energia in eccesso generata dai suoi pannelli solari o da altre fonti energetiche.Nei periodi in cui non c'\u00e8 produzione di energia, pu\u00f2 utilizzare l'energia immagazzinata per coprire il suo consumo energetico, riducendo la sua dipendenza dalla rete e riducendo ulteriormente i suoi costi energetici.Pu\u00f2 quindi approfittare dell'energia a basso costo durante la notte in inverno e utilizzarla per tutto il giorno, mentre in estate pu\u00f2 utilizzare la ricarica gratuita nel pomeriggio e utilizzarla la sera, ricaricando l'auto al mattino o alla sera.<br \/>\nIl Sistema Home 15K\/15kWh 3 Fasi \u00e8 consigliato per le famiglie con un consumo medio annuo di circa 5500 kWh. Con una potenza di 15 kW, pu\u00f2 coprire una parte significativa del suo fabbisogno energetico utilizzando l'energia solare generata e l'energia immagazzinata nella batteria. Inoltre, questo sistema fornisce energia di emergenza, in modo che gli elettrodomestici importanti continuino a funzionare durante le interruzioni di corrente e le sue routine quotidiane possano continuare senza interruzioni.<br \/>\nIl sistema Blauhoff Home 15K\/15kWh 3 Phase Slim Line \u00e8 stato progettato all'insegna della flessibilit\u00e0. \u00c8 dotato di una porta per generatore\/mulino, che le consente di aggiungere ulteriori fonti di energia e di aumentare ulteriormente la sua indipendenza energetica. Con una connessione minima di 3x25A e adatto a configurazioni trifase, questo sistema \u00e8 compatibile con la maggior parte delle reti elettriche domestiche.<br \/>\nCon il montaggio gratuito, pu\u00f2 contare su un'installazione professionale, che le garantir\u00e0 un funzionamento ottimale del sistema fin dal primo momento e un'esperienza senza preoccupazioni.<br \/>\nPassi a un'alimentazione energetica pi\u00f9 efficiente e sostenibile con il sistema trifase Blauhoff Home 15K\/15kWh. Grazie al potente accumulo di energia, alla potenza di backup e alla flessibilit\u00e0 delle fonti energetiche, pu\u00f2 contare su un'alimentazione affidabile, realizzare risparmi sui costi e ridurre l'impronta di carbonio. Scelga Blauhoff e prepari la sua casa alle esigenze energetiche del futuro.<\/p>\n<p>Passa a un approvvigionamento energetico pi\u00f9 efficiente e sostenibile con il sistema trifase Blauhoff Home 10K\/19kWh.<\/p>\n<p><a href=\"https:\/\/blauhoff.nl\/wp-content\/uploads\/2024\/02\/Datasheet-Blauhoff-RESS-HV-Slim-Line.pdf\" target=\"_blank\" rel=\"noopener\">Scheda tecnica Blauhoff RESS HV Slim Line<\/a><\/p>\n<p>&nbsp;<\/p>","protected":false},"excerpt":{"rendered":"<p>Blauhoff Home 15K\/15.2kWh 3 Phase Sistema Slim Line IP65 17 cm sottile Outdoor\/Indoor ! Il sistema super sottile Blauhoff Home 15K\/15kWh 3 Fasi, del rinomato marchio Blauhoff, offre [...]<\/p>","protected":false},"featured_media":48426,"template":"","meta":{"_seopress_robots_primary_cat":"none","_seopress_titles_title":"Upgrade Your Home With Blauhoff Slim Line 15K\/15.2kWh System","_seopress_titles_desc":"Maximize efficiency with the Blauhoff Home 15K Slim Line System. Gain grid independence, secure emergency power, and enjoy free professional assembly. Optimize your home energy today.","_seopress_robots_index":"","_kad_blocks_custom_css":"","_kad_blocks_head_custom_js":"","_kad_blocks_body_custom_js":"","_kad_blocks_footer_custom_js":""},"product_cat":[17,19],"product_tag":[],"class_list":{"0":"post-48421","1":"product","2":"type-product","3":"status-publish","4":"has-post-thumbnail","6":"product_cat-home-batteries","7":"product_cat-sets-with-inverters","9":"first","10":"instock","11":"taxable","12":"shipping-taxable","13":"purchasable","14":"product-type-simple"},"taxonomy_info":{"product_cat":[{"value":17,"label":"Home batteries"},{"value":19,"label":"Sets with inverters"}]},"featured_image_src_large":["https:\/\/ownpowr.com\/wp-content\/uploads\/2024\/03\/3-phase-15k-battery-15.2kwh-1-1-480x480-1.png",480,480,false],"author_info":[],"comment_info":"","_links":{"self":[{"href":"https:\/\/ownpowr.com\/it\/wp-json\/wp\/v2\/product\/48421","targetHints":{"allow":["GET"]}}],"collection":[{"href":"https:\/\/ownpowr.com\/it\/wp-json\/wp\/v2\/product"}],"about":[{"href":"https:\/\/ownpowr.com\/it\/wp-json\/wp\/v2\/types\/product"}],"wp:featuredmedia":[{"embeddable":true,"href":"https:\/\/ownpowr.com\/it\/wp-json\/wp\/v2\/media\/48426"}],"wp:attachment":[{"href":"https:\/\/ownpowr.com\/it\/wp-json\/wp\/v2\/media?parent=48421"}],"wp:term":[{"taxonomy":"product_cat","embeddable":true,"href":"https:\/\/ownpowr.com\/it\/wp-json\/wp\/v2\/product_cat?post=48421"},{"taxonomy":"product_tag","embeddable":true,"href":"https:\/\/ownpowr.com\/it\/wp-json\/wp\/v2\/product_tag?post=48421"}],"curies":[{"name":"wp","href":"https:\/\/api.w.org\/{rel}","templated":true}]}}