{"id":48431,"date":"2024-03-29T14:22:35","date_gmt":"2024-03-29T12:22:35","guid":{"rendered":"https:\/\/ownpowr.com\/?post_type=product&#038;p=48431"},"modified":"2025-01-31T10:14:44","modified_gmt":"2025-01-31T08:14:44","slug":"blauhoff-home-15k-19-kwh-3-phase-systeem-slim-line-ip65","status":"publish","type":"product","link":"https:\/\/ownpowr.com\/it\/product\/blauhoff-home-15k-19-kwh-3-fasi-sistema-slim-line-ip65\/","title":{"rendered":"Blauhoff Casa 15K\/19 kWh 3 Fase Systeem Slim Line IP65"},"content":{"rendered":"<p>Blauhoff Home 15K\/19kWh 3 Phase Sistema Slim Line IP65 17 cm sottile Outdoor\/Indoor !<br \/>\nIl sistema super sottile Blauhoff Home 15K\/19kWh 3 Fase, del rinomato marchio Blauhoff, offre una soluzione di accumulo energetico affidabile ed efficiente per le famiglie a medio consumo.<br \/>\nCon questo potente sistema, pu\u00f2 ottimizzare l'efficienza energetica della sua casa, ridurre la sua dipendenza dalla rete e beneficiare dell'alimentazione di emergenza in caso di interruzioni di corrente.<br \/>\nInoltre, questo sistema viene fornito con un montaggio gratuito, che assicura un'installazione senza problemi.<br \/>\nComunica con la potenza dinamica in base alle esigenze, senza abbonamento e sempre con la libera scelta del fornitore di energia!<br \/>\nL'inverter ha una lunghezza di 780 mm e un peso di 33,6 kg.<br \/>\nUn cavo aggiuntivo di 300 mm tra l'inverter e la batteria le consente di determinare il posizionamento ottimale per il suo sistema, garantendo un trasferimento efficiente dell'energia e perdite minime di energia.<br \/>\nIl sistema di batterie Blauhoff \u00e8 resistente e ultra compatto e piatto, con dimensioni di 670 mm x 900 mm x 170 mm e un peso di 90 kg.La batteria ha una capacit\u00e0 di 19 kWh, che le consente di immagazzinare l'energia in eccesso generata dai suoi pannelli solari o da altre fonti energetiche.Nei momenti in cui non c'\u00e8 produzione di energia, pu\u00f2 utilizzare l'energia immagazzinata per coprire il suo consumo energetico, riducendo la sua dipendenza dalla rete e riducendo ulteriormente i suoi costi energetici.Pu\u00f2 quindi approfittare dell'energia a basso costo durante la notte in inverno e utilizzarla durante il giorno, mentre in estate pu\u00f2 utilizzare la ricarica gratuita nel pomeriggio e utilizzarla la sera, caricando l'auto al mattino o alla sera.<br \/>\nIl Sistema Home 15K\/19kWh 3 Fasi \u00e8 consigliato per le famiglie con un consumo medio annuo di circa 7300 kWh. Con una potenza di 15 kW, pu\u00f2 coprire una parte significativa del suo fabbisogno energetico utilizzando l'energia solare generata e l'energia immagazzinata nella batteria. Inoltre, questo sistema fornisce energia di emergenza, in modo che i dispositivi importanti continuino a funzionare durante le interruzioni di corrente e le sue routine quotidiane possano continuare senza interruzioni.<br \/>\nIl sistema Blauhoff Home 15K\/19kWh 3 Phase Slim Line \u00e8 stato progettato all'insegna della flessibilit\u00e0. \u00c8 dotato di una porta per generatore\/mulino, che le consente di aggiungere ulteriori fonti di energia e di aumentare ulteriormente la sua indipendenza energetica. Con una connessione minima di 3x25A e adatto a configurazioni trifase, questo sistema \u00e8 compatibile con la maggior parte delle reti elettriche domestiche.<br \/>\nCon il montaggio gratuito, pu\u00f2 contare su un'installazione professionale, che le garantir\u00e0 un funzionamento ottimale del sistema fin dal primo momento e un'esperienza senza preoccupazioni.<br \/>\nPassi a un'alimentazione energetica pi\u00f9 efficiente e sostenibile con il sistema trifase Blauhoff Home 15K\/19kWh. Grazie al potente accumulo di energia, alla potenza di backup e alla flessibilit\u00e0 delle fonti energetiche, pu\u00f2 contare su un'alimentazione affidabile, realizzare risparmi sui costi e ridurre l'impronta di carbonio. Scelga Blauhoff e prepari la sua casa alle esigenze energetiche del futuro.<\/p>\n<p><a href=\"https:\/\/blauhoff.nl\/wp-content\/uploads\/2024\/02\/Datasheet-Blauhoff-RESS-HV-Slim-Line.pdf\" target=\"_blank\" rel=\"noopener\">Scheda tecnica Blauhoff RESS HV Slim Line<\/a><\/p>\n<p>&nbsp;<\/p>","protected":false},"excerpt":{"rendered":"<p>Blauhoff Home 15K\/19kWh 3 Phase Sistema Slim Line IP65 17 cm sottile Outdoor\/Indoor ! Il sistema super sottile Blauhoff Home 15K\/19kWh 3 Fasi, del rinomato marchio Blauhoff, offre [...]<\/p>","protected":false},"featured_media":48437,"template":"","meta":{"_seopress_robots_primary_cat":"none","_seopress_titles_title":"Slim Line Blauhoff Home 15K\/19kWh 3 Phase System for Efficient Homes","_seopress_titles_desc":"Upgrade your home with Blauhoff powerful and slim 3-phase system. Maximize energy efficiency, reduce grid dependence, and enjoy emergency power. Free assembly included!","_seopress_robots_index":"","_kad_blocks_custom_css":"","_kad_blocks_head_custom_js":"","_kad_blocks_body_custom_js":"","_kad_blocks_footer_custom_js":""},"product_cat":[17,19],"product_tag":[],"class_list":{"0":"post-48431","1":"product","2":"type-product","3":"status-publish","4":"has-post-thumbnail","6":"product_cat-home-batteries","7":"product_cat-sets-with-inverters","9":"first","10":"instock","11":"taxable","12":"shipping-taxable","13":"purchasable","14":"product-type-simple"},"taxonomy_info":{"product_cat":[{"value":17,"label":"Home batteries"},{"value":19,"label":"Sets with inverters"}]},"featured_image_src_large":["https:\/\/ownpowr.com\/wp-content\/uploads\/2024\/03\/3-phase-15k-battery-19kwh-1-480x480-1.png",480,480,false],"author_info":[],"comment_info":"","_links":{"self":[{"href":"https:\/\/ownpowr.com\/it\/wp-json\/wp\/v2\/product\/48431","targetHints":{"allow":["GET"]}}],"collection":[{"href":"https:\/\/ownpowr.com\/it\/wp-json\/wp\/v2\/product"}],"about":[{"href":"https:\/\/ownpowr.com\/it\/wp-json\/wp\/v2\/types\/product"}],"wp:featuredmedia":[{"embeddable":true,"href":"https:\/\/ownpowr.com\/it\/wp-json\/wp\/v2\/media\/48437"}],"wp:attachment":[{"href":"https:\/\/ownpowr.com\/it\/wp-json\/wp\/v2\/media?parent=48431"}],"wp:term":[{"taxonomy":"product_cat","embeddable":true,"href":"https:\/\/ownpowr.com\/it\/wp-json\/wp\/v2\/product_cat?post=48431"},{"taxonomy":"product_tag","embeddable":true,"href":"https:\/\/ownpowr.com\/it\/wp-json\/wp\/v2\/product_tag?post=48431"}],"curies":[{"name":"wp","href":"https:\/\/api.w.org\/{rel}","templated":true}]}}