{"id":49941,"date":"2024-04-05T08:59:30","date_gmt":"2024-04-05T06:59:30","guid":{"rendered":"https:\/\/ownpowr.com\/?post_type=product&#038;p=49941"},"modified":"2025-03-28T13:11:33","modified_gmt":"2025-03-28T11:11:33","slug":"blauhoff-megapack-container-ess-3-85mwh","status":"publish","type":"product","link":"https:\/\/ownpowr.com\/it\/product\/blauhoff-megapack-container-ess-3-85mwh\/","title":{"rendered":"Blauhoff MegaPack Container ESS 3,85MWh"},"content":{"rendered":"<p>Blauhoff Megapack Container ESS 3.85 \u00e8 un sistema di batterie chiavi in mano in un container (prezzo senza IVA e senza montaggio).<\/p>\n<p><strong>Costo inferiore<\/strong><\/p>\n<p>Facile da installare e a bassa manutenzione<\/p>\n<p>Celle pi\u00f9 grandi, molti kWh, quindi 50% pi\u00f9 forte rispetto alle soluzioni normali e pi\u00f9 compatto<\/p>\n<p><strong>Efficienza migliorata<\/strong><\/p>\n<p>Sulla base della piattaforma da 1500 V, il lato DC ha un'efficienza di 93%.<\/p>\n<p>Il contenitore anticorrosione standard C4H ha una durata di almeno 15 anni.<\/p>\n<p><strong>Sicuro<\/strong><\/p>\n<p>Il bilanciamento multiplo assicura una sicura e lunga durata della batteria.<\/p>\n<p>I sistemi di estinzione a gas e ad acqua integrati garantiscono la sicurezza in condizioni estreme<\/p>\n<p><strong>Intelligente<\/strong><\/p>\n<p>Monitoraggio in tempo reale di Icloud AI<\/p>\n<p><strong>Approvazioni<\/strong><\/p>\n<p>CE-LVD:EN IEC62477-1, CE-EMC:EN IEC61000-6-2 , EN IEC 61000-6-4, UKCA: EN IEC 62477-1<\/p>\n<p>IEC62619-2022 (Sicurezza delle funzioni IEC UL 60730-1 Allegato H, compresa la cella)<\/p>\n<p>IEC 63056:2020<\/p>\n<p>NFPA855, Fcc-ID, UL1973:2022, Unit\u00e0 UL9540A<\/p>\n<p>VDE4100<\/p>\n<p>&nbsp;<\/p>","protected":false},"excerpt":{"rendered":"<p>Blauhoff Megapack Container ESS 3.85 \u00e8 un sistema di batterie chiavi in mano in un container (prezzo senza IVA e senza montaggio). Costo inferiore Facile da installare e bassa manutenzione Celle pi\u00f9 grandi [...]<\/p>","protected":false},"featured_media":214720,"template":"","meta":{"_seopress_robots_primary_cat":"none","_seopress_titles_title":"Blauhoff Megapack ESS 3.85MWh: High-Efficiency, Low-Cost, Battery System","_seopress_titles_desc":"Discover Blauhoff Megapack ESS 3.85 MWh container system - 50% stronger, efficient, safe, and smart with AI monitoring. Easy to install, low maintenance.","_seopress_robots_index":"","_kad_blocks_custom_css":"","_kad_blocks_head_custom_js":"","_kad_blocks_body_custom_js":"","_kad_blocks_footer_custom_js":""},"product_cat":[17],"product_tag":[],"class_list":{"0":"post-49941","1":"product","2":"type-product","3":"status-publish","4":"has-post-thumbnail","6":"product_cat-home-batteries","8":"first","9":"instock","10":"sale","11":"taxable","12":"shipping-taxable","13":"purchasable","14":"product-type-simple"},"taxonomy_info":{"product_cat":[{"value":17,"label":"Home batteries"}]},"featured_image_src_large":["https:\/\/ownpowr.com\/wp-content\/uploads\/2024\/04\/blauhoff-megawatt-420x420-1.jpg",420,420,false],"author_info":[],"comment_info":"","_links":{"self":[{"href":"https:\/\/ownpowr.com\/it\/wp-json\/wp\/v2\/product\/49941","targetHints":{"allow":["GET"]}}],"collection":[{"href":"https:\/\/ownpowr.com\/it\/wp-json\/wp\/v2\/product"}],"about":[{"href":"https:\/\/ownpowr.com\/it\/wp-json\/wp\/v2\/types\/product"}],"wp:featuredmedia":[{"embeddable":true,"href":"https:\/\/ownpowr.com\/it\/wp-json\/wp\/v2\/media\/214720"}],"wp:attachment":[{"href":"https:\/\/ownpowr.com\/it\/wp-json\/wp\/v2\/media?parent=49941"}],"wp:term":[{"taxonomy":"product_cat","embeddable":true,"href":"https:\/\/ownpowr.com\/it\/wp-json\/wp\/v2\/product_cat?post=49941"},{"taxonomy":"product_tag","embeddable":true,"href":"https:\/\/ownpowr.com\/it\/wp-json\/wp\/v2\/product_tag?post=49941"}],"curies":[{"name":"wp","href":"https:\/\/api.w.org\/{rel}","templated":true}]}}