{"id":506,"date":"2023-10-04T16:37:56","date_gmt":"2023-10-04T14:37:56","guid":{"rendered":"https:\/\/ownpowr.com\/product\/growatt-1ph-hybrid-inverter-sph6000\/"},"modified":"2025-03-27T13:31:36","modified_gmt":"2025-03-27T11:31:36","slug":"growatt-1ph-hybrid-inverter-sph6000","status":"publish","type":"product","link":"https:\/\/ownpowr.com\/it\/product\/inverter-ibrido-growatt-1ph-sph6000\/","title":{"rendered":"Growatt 1PH inverter ibrido SPH6000 non per la Germania"},"content":{"rendered":"<p>L'inverter Growatt SPH6000 Hybrid \u00e8 compatibile con impianti fotovoltaici fino a 4000Wp. L'inverter ibrido \u00e8 destinato all'accumulo di energia nelle batterie. Le batterie possono essere ordinate separatamente e non sono fornite di serie. Con questo comodo sistema, l'impianto fotovoltaico non dipende dalla rete e pu\u00f2 badare a se stesso. Il sistema pu\u00f2 funzionare senza batteria ed \u00e8 possibile collegarsi alla rete.<\/p>\n<p>L'inverter per batterie contiene 2 MPPT, in modo da poter collegare un totale di 2 stringhe.<\/p>\n<p><strong>Inverter silenzioso<\/strong><br \/>\nL'inverter Growatt SPH6000 non contiene ventola e trasformatore, il che lo rende molto silenzioso. Questo rende l'inverter ibrido perfetto per le installazioni residenziali. L'inverter utilizza un raffreddamento naturale che gli conferisce una durata extra.<\/p>\n<p><strong>Rendimento<\/strong><br \/>\nL'SPH6000 ha un tasso di efficienza massima del 97,5% Questo permette all'inverter di ottenere il massimo rendimento energetico. L'inverter \u00e8 uno dei pi\u00f9 venduti al mondo.<\/p>\n<p><strong>Servizio online Growatt<\/strong><br \/>\nL'inverter include mezzi di monitoraggio stabili come LAN, WiFi o una combinazione di RF\/UTP (Shinelink). Growatt offre un servizio intelligente online per eseguire problemi tecnici e aggiornamenti da remoto. Questo migliora la facilit\u00e0 d'uso e l'efficienza dell'inverter. Queste caratteristiche e servizi rendono l'inverter una scelta migliore per il suo impianto fotovoltaico.<\/p>\n<p><a href=\"https:\/\/storeyourownpower.com\/wp-content\/uploads\/2022\/11\/Datasheet-Growatt-SPH6000.pdf\" target=\"_blank\" rel=\"noopener\">Scheda tecnica Growatt SPH6000<\/a><\/p>","protected":false},"excerpt":{"rendered":"<p>L'inverter Growatt SPH6000 Hybrid \u00e8 compatibile con impianti fotovoltaici fino a 4000Wp. L'inverter ibrido \u00e8 destinato all'accumulo di energia nelle batterie. Le batterie possono essere ordinate separatamente e [...]<\/p>","protected":false},"featured_media":507,"template":"","meta":{"_seopress_robots_primary_cat":"none","_seopress_titles_title":"Growatt SPH6000 Hybrid Inverter: Efficient and Silent with Battery Compatibility","_seopress_titles_desc":"Maximize your energy yield with this silent, efficient inverter. Connect to the grid or store power in batteries for a self-sufficient system. Enjoy reliable monitoring and remote updates with Growatt's online service.","_seopress_robots_index":"","_kad_blocks_custom_css":"","_kad_blocks_head_custom_js":"","_kad_blocks_body_custom_js":"","_kad_blocks_footer_custom_js":""},"product_cat":[18],"product_tag":[],"class_list":{"0":"post-506","1":"product","2":"type-product","3":"status-publish","4":"has-post-thumbnail","6":"product_cat-hybrid-inverters","8":"first","9":"instock","10":"sale","11":"taxable","12":"shipping-taxable","13":"purchasable","14":"product-type-simple"},"taxonomy_info":{"product_cat":[{"value":18,"label":"Hybrid inverters"}]},"featured_image_src_large":["https:\/\/ownpowr.com\/wp-content\/uploads\/2022\/11\/Growatt_SPH_3000_6000_d63d-1024x1024.webp",1024,1024,true],"author_info":[],"comment_info":"","_links":{"self":[{"href":"https:\/\/ownpowr.com\/it\/wp-json\/wp\/v2\/product\/506","targetHints":{"allow":["GET"]}}],"collection":[{"href":"https:\/\/ownpowr.com\/it\/wp-json\/wp\/v2\/product"}],"about":[{"href":"https:\/\/ownpowr.com\/it\/wp-json\/wp\/v2\/types\/product"}],"wp:featuredmedia":[{"embeddable":true,"href":"https:\/\/ownpowr.com\/it\/wp-json\/wp\/v2\/media\/507"}],"wp:attachment":[{"href":"https:\/\/ownpowr.com\/it\/wp-json\/wp\/v2\/media?parent=506"}],"wp:term":[{"taxonomy":"product_cat","embeddable":true,"href":"https:\/\/ownpowr.com\/it\/wp-json\/wp\/v2\/product_cat?post=506"},{"taxonomy":"product_tag","embeddable":true,"href":"https:\/\/ownpowr.com\/it\/wp-json\/wp\/v2\/product_tag?post=506"}],"curies":[{"name":"wp","href":"https:\/\/api.w.org\/{rel}","templated":true}]}}