{"id":533,"date":"2023-10-05T01:24:52","date_gmt":"2023-10-04T23:24:52","guid":{"rendered":"https:\/\/ownpowr.com\/product\/pylontech-force-l1-bmu\/"},"modified":"2025-12-02T13:00:29","modified_gmt":"2025-12-02T11:00:29","slug":"pylontech-force-l1-bmu","status":"publish","type":"product","link":"https:\/\/ownpowr.com\/it\/product\/pylontech-force-l1-bmu\/","title":{"rendered":"Pylontech forza L1 BMU"},"content":{"rendered":"<div class=\"details-description\">\n<p>Pylontech force L1 BMU . Unit\u00e0 di comunicazione tra la batteria Force L1 e l'inverter. \u00c8 necessario 1 BMU per ogni pila<\/p>\n<\/div>\n<p><b>Pylontech<\/b>\u00a0Force L1 BMU Unit\u00e0 di gestione della batteria di base per le batterie Force L1<\/p>\n<p><strong>\u2714 Unit\u00e0 di comunicazione tra la batteria Force L1 e l'inverter<\/strong><\/p>\n<ul>\n<li><a title=\"Scheda tecnica Pylontech Force L1 ua49cnkhfdzvjfaf4qu0 doc link\" href=\"https:\/\/res.cloudinary.com\/gpceurope\/image\/upload\/v1620308234\/ua49cnkhfdzvjfaf4qu0.pdf\" target=\"_blank\" rel=\"noopener\">\u00a0Scheda tecnica Pylontech Forza L1<\/a><\/li>\n<li><a title=\"Elenco degli inverter Pylontech compatibili sqj3mzwd9xmrghgwvzcr doc link\" href=\"https:\/\/res.cloudinary.com\/gpceurope\/image\/upload\/v1631621929\/sqj3mzwd9xmrghgwvzcr.pdf\" target=\"_blank\" rel=\"noopener\">\u00a0Elenco degli inverter compatibili Pylontech<\/a><\/li>\n<li><a title=\"Manuale di installazione Pylontech Force L1 ugma3ove23eodsicsvj5 doc link\" href=\"https:\/\/res.cloudinary.com\/gpceurope\/image\/upload\/v1620308257\/ugma3ove23eodsicsvj5.pdf\" target=\"_blank\" rel=\"noopener\">\u00a0Manuale di installazione Pylontech Force L1<\/a><\/li>\n<li><a title=\"Garanzia limitata rj7tx3hkrhlsy5uxnq9p doc link\" href=\"https:\/\/res.cloudinary.com\/gpceurope\/image\/upload\/v1645347306\/rj7tx3hkrhlsy5uxnq9p.pdf\" target=\"_blank\" rel=\"noopener\">\u00a0Garanzia limitata<\/a><\/li>\n<\/ul>","protected":false},"excerpt":{"rendered":"<p>Pylontech force L1 BMU . Unit\u00e0 di comunicazione tra la batteria Force L1 e l'inverter. \u00c8 necessario 1 BMU per pila Pylontech Force L1 BMU Unit\u00e0 di gestione della batteria di base per Force L1 [...]<\/p>","protected":false},"featured_media":534,"template":"","meta":{"_seopress_robots_primary_cat":"none","_seopress_titles_title":"Pylontech Force L1 BMU: Communication unit for battery and inverter","_seopress_titles_desc":"Get the Pylontech Force L1 BMU, the communication unit between your Force L1 battery and inverter. Check out the datasheet, compatible inverters, installation manual, and limited warranty.","_seopress_robots_index":"","_kad_blocks_custom_css":"","_kad_blocks_head_custom_js":"","_kad_blocks_body_custom_js":"","_kad_blocks_footer_custom_js":""},"product_cat":[17],"product_tag":[],"class_list":{"0":"post-533","1":"product","2":"type-product","3":"status-publish","4":"has-post-thumbnail","6":"product_cat-home-batteries","8":"first","9":"instock","10":"taxable","11":"shipping-taxable","12":"purchasable","13":"product-type-simple"},"taxonomy_info":{"product_cat":[{"value":17,"label":"Home batteries"}]},"featured_image_src_large":["https:\/\/ownpowr.com\/wp-content\/uploads\/2022\/11\/Pylontech-Force-L1-10467-img.jpeg",414,122,false],"author_info":[],"comment_info":"","_links":{"self":[{"href":"https:\/\/ownpowr.com\/it\/wp-json\/wp\/v2\/product\/533","targetHints":{"allow":["GET"]}}],"collection":[{"href":"https:\/\/ownpowr.com\/it\/wp-json\/wp\/v2\/product"}],"about":[{"href":"https:\/\/ownpowr.com\/it\/wp-json\/wp\/v2\/types\/product"}],"wp:featuredmedia":[{"embeddable":true,"href":"https:\/\/ownpowr.com\/it\/wp-json\/wp\/v2\/media\/534"}],"wp:attachment":[{"href":"https:\/\/ownpowr.com\/it\/wp-json\/wp\/v2\/media?parent=533"}],"wp:term":[{"taxonomy":"product_cat","embeddable":true,"href":"https:\/\/ownpowr.com\/it\/wp-json\/wp\/v2\/product_cat?post=533"},{"taxonomy":"product_tag","embeddable":true,"href":"https:\/\/ownpowr.com\/it\/wp-json\/wp\/v2\/product_tag?post=533"}],"curies":[{"name":"wp","href":"https:\/\/api.w.org\/{rel}","templated":true}]}}