{"id":620,"date":"2023-10-04T16:36:05","date_gmt":"2023-10-04T14:36:05","guid":{"rendered":"https:\/\/ownpowr.com\/product\/byd-premium-lvs-pdu-base\/"},"modified":"2025-10-15T14:01:34","modified_gmt":"2025-10-15T12:01:34","slug":"byd-premium-lvs-pdu-base","status":"publish","type":"product","link":"https:\/\/ownpowr.com\/it\/product\/byd-premium-lvs-pdu-base\/","title":{"rendered":"BYD premium LVS PDU + base"},"content":{"rendered":"<p>BYD Sistema di controllo della batteria LVS Premium con base<\/p>\n<p>La PDU (Power Distribution Unit) LVS Premium BYD con base \u00e8 un'unit\u00e0 di controllo progettata per il set di batterie LVS. Ogni pila di batterie richiede una PDU per un funzionamento ottimale.<\/p>\n<p>Caratteristiche principali:<\/p>\n<ul>\n<li>Capacit\u00e0 scalabile da 4 kWh a 256 kWh<\/li>\n<li>Massima flessibilit\u00e0 con il supporto di un massimo di 64 moduli batteria.<\/li>\n<li>Capacit\u00e0 di collegamento in parallelo<\/li>\n<li>Compatibile con i principali inverter monofase e trifase<\/li>\n<li>Utilizza la tecnologia delle batterie al litio-ferro-fosfato (LFP) senza cobalto, per una maggiore sicurezza, cicli di vita pi\u00f9 lunghi e prestazioni di potenza superiori.<\/li>\n<li>Capace di backup di emergenza ad alta potenza e di funzionalit\u00e0 off-grid.<\/li>\n<li>Il design brevettato della spina interna elimina la necessit\u00e0 di un cablaggio aggiuntivo.<\/li>\n<li>Ottimizzazione dell'autoconsumo adatta ad applicazioni residenziali e commerciali<\/li>\n<\/ul>\n<p>SCATOLA DELLA BATTERIA PREMIUM LVS<\/p>\n<p>Modulo da 4 kWh Trasporto e installazione semplificati grazie al design modulare.<\/p>\n<p>Il Battery-Box Premium LVS BYD \u00e8 un versatile pacco batterie al litio ferro fosfato (LFP) progettato per essere utilizzato con un inverter esterno. Ogni Battery-Box Premium LVS comprende da 1 a 6 moduli batteria impilati in parallelo, che forniscono capacit\u00e0 utilizzabili da 4 a 24,0 kWh in una singola torre. Le configurazioni disponibili includono:<\/p>\n<ul>\n<li>Battery-Box LVS 4.0 (4 kWh)<\/li>\n<li>Battery-Box LVS 8.0 (8 kWh)<\/li>\n<li>Battery-Box LVS 12.0 (12 kWh)<\/li>\n<li>Battery-Box LVS 16.0 (16 kWh)<\/li>\n<li>Battery-Box LVS 20.0 (20 kWh - solo torre singola)<\/li>\n<li>Battery-Box LVS 24.0 (24 kWh - solo torre singola)<\/li>\n<\/ul>\n<p>Per esigenze di accumulo di energia pi\u00f9 grandi, \u00e8 possibile collegare in parallelo fino a 16 unit\u00e0 Battery-Box LVS 16.0, ottenendo una capacit\u00e0 massima di 256 kWh. Inoltre, il sistema offre una scalabilit\u00e0 consentendo l'aggiunta di moduli LVS o torri parallele contenenti da 1 a 4 moduli in una fase successiva.<\/p>\n<h2><strong style=\"font-size: 16px\">Maggiori informazioni:<\/strong><\/h2>\n<ul>\n<li><a href=\"https:\/\/storeyourownpower.com\/wp-content\/uploads\/2023\/01\/Datasheet-English-LVS.pdf\" target=\"_blank\" rel=\"noopener\">Scheda tecnica in inglese LVS<\/a><\/li>\n<li><a href=\"https:\/\/storeyourownpower.com\/wp-content\/uploads\/2023\/01\/Datenblatt-German-LVS.pdf\" target=\"_blank\" rel=\"noopener\">Datenblatt tedesco LVS<\/a><\/li>\n<li><a href=\"https:\/\/storeyourownpower.com\/wp-content\/uploads\/2023\/01\/Mounting-instructions-English-LVS.pdf\" target=\"_blank\" rel=\"noopener\">Istruzioni di montaggio Inglese LVS<\/a><\/li>\n<li><a href=\"https:\/\/storeyourownpower.com\/wp-content\/uploads\/2023\/01\/Mounting-instructions-German-LVS.pdf\" target=\"_blank\" rel=\"noopener\">Istruzioni di montaggio LVS tedesco<\/a><\/li>\n<li><a href=\"https:\/\/storeyourownpower.com\/wp-content\/uploads\/2023\/01\/Warranty-terms-English.pdf\" target=\"_blank\" rel=\"noopener\">Termini di garanzia Inglese<\/a><\/li>\n<li><a href=\"https:\/\/storeyourownpower.com\/wp-content\/uploads\/2023\/01\/Warranty-terms-German-LVS.pdf\" target=\"_blank\" rel=\"noopener\">Termini di garanzia LVS tedesco<\/a><\/li>\n<\/ul>","protected":false},"excerpt":{"rendered":"<p>Sistema di controllo delle batterie LVS Premium BYD con base La PDU (Power Distribution Unit) LVS Premium BYD con base \u00e8 un'unit\u00e0 di controllo progettata per il set di batterie LVS. Ogni pila [...]<\/p>","protected":false},"featured_media":621,"template":"","meta":{"_seopress_robots_primary_cat":"none","_seopress_titles_title":"BYD Premium LVS PDU + base | Maximum Flexibility for any Application","_seopress_titles_desc":"The BYD Battery-Box Premium LVS offers scalable power storage from 4 kWh to 256 kWh with safety, flexibility, and high-powered capabilities for residential and commercial applications.","_seopress_robots_index":"","_kad_blocks_custom_css":"","_kad_blocks_head_custom_js":"","_kad_blocks_body_custom_js":"","_kad_blocks_footer_custom_js":""},"product_cat":[17],"product_tag":[],"class_list":{"0":"post-620","1":"product","2":"type-product","3":"status-publish","4":"has-post-thumbnail","6":"product_cat-home-batteries","8":"first","9":"instock","10":"sale","11":"taxable","12":"shipping-taxable","13":"purchasable","14":"product-type-simple"},"taxonomy_info":{"product_cat":[{"value":17,"label":"Home batteries"}]},"featured_image_src_large":["https:\/\/ownpowr.com\/wp-content\/uploads\/2023\/01\/BYD-LVS-BMU.jpeg",600,540,false],"author_info":[],"comment_info":"","_links":{"self":[{"href":"https:\/\/ownpowr.com\/it\/wp-json\/wp\/v2\/product\/620","targetHints":{"allow":["GET"]}}],"collection":[{"href":"https:\/\/ownpowr.com\/it\/wp-json\/wp\/v2\/product"}],"about":[{"href":"https:\/\/ownpowr.com\/it\/wp-json\/wp\/v2\/types\/product"}],"wp:featuredmedia":[{"embeddable":true,"href":"https:\/\/ownpowr.com\/it\/wp-json\/wp\/v2\/media\/621"}],"wp:attachment":[{"href":"https:\/\/ownpowr.com\/it\/wp-json\/wp\/v2\/media?parent=620"}],"wp:term":[{"taxonomy":"product_cat","embeddable":true,"href":"https:\/\/ownpowr.com\/it\/wp-json\/wp\/v2\/product_cat?post=620"},{"taxonomy":"product_tag","embeddable":true,"href":"https:\/\/ownpowr.com\/it\/wp-json\/wp\/v2\/product_tag?post=620"}],"curies":[{"name":"wp","href":"https:\/\/api.w.org\/{rel}","templated":true}]}}