{"id":8075,"date":"2024-04-04T12:26:30","date_gmt":"2024-04-04T10:26:30","guid":{"rendered":"https:\/\/ownpowr.com\/?post_type=product&#038;p=8075"},"modified":"2025-02-27T11:42:05","modified_gmt":"2025-02-27T09:42:05","slug":"deye-ai-w15-3-battery-module","status":"publish","type":"product","link":"https:\/\/ownpowr.com\/it\/product\/deye-ai-w15-3-modulo-batteria\/","title":{"rendered":"Deye AI-W5.1-B 15,36kWh Accumulo di energia LiFePO 4"},"content":{"rendered":"<p class=\"product_title entry-title\">Deye AI-W15.3(LV)<\/p>\n<p>Il set contiene:<\/p>\n<p>3 x AI-W5.1<\/p>\n<p>1x AI-W5.1-PDU.1<\/p>\n<p>1x AI-W5.1-Base<\/p>\n<p>&nbsp;<\/p>\n<p class=\"price\">Deye introduce una soluzione di batterie ad energia solare al litio ferro fosfato (LFP) pi\u00f9 sicura, affidabile e flessibile, che offre una soluzione di accumulo energetico sicura e affidabile, ottimizzata per le applicazioni residenziali e commerciali che richiedono energia in spazi ristretti o con limitazioni di carico.<\/p>\n<p class=\"price\">La batteria al litio ferro fosfato Deye ad energia solare offre una soluzione di accumulo di energia sicura e affidabile per le applicazioni residenziali e commerciali che richiedono energia in spazi ristretti o con limitazioni di carico. Compatto e leggero, \u00e8 adatto alle apparecchiature ad alta potenza che operano in spazi limitati, offrendo prestazioni di lunga durata grazie a una vita di ciclo estesa.<\/p>\n<p class=\"price\">La chimica LFP senza cobalto della batteria offre un'elevata densit\u00e0 di potenza senza compromettere la sicurezza. Un sistema intelligente di gestione della batteria (BMS) monitora i dati critici della cella, come tensione, corrente e temperatura, bilanciando la carica e la scarica per massimizzare la durata della batteria.<\/p>\n<p class=\"price\">La capacit\u00e0 e la potenza possono essere scalate attraverso collegamenti in parallelo di pi\u00f9 batterie, in base alle esigenze. Le configurazioni di banchi pi\u00f9 grandi offrono una maggiore capacit\u00e0 energetica e tempi di funzionamento pi\u00f9 lunghi. Costruita per l'affidabilit\u00e0, la batteria supporta elevate capacit\u00e0 di scarica, mantenendo il funzionamento da -20\u00b0C a 55\u00b0C con una classificazione IP55 e un raffreddamento naturale.<\/p>\n<p class=\"price\">Modulari e flessibili, le batterie espandono facilmente la capacit\u00e0 fino a 184 kWh, combinando gruppi di 36 unit\u00e0.<\/p>\n<p class=\"price\">Questo pacco batteria ad energia solare \u00e8 un design ecologico che utilizza materiali non tossici e non inquinanti. L'installazione \u00e8 semplificata da un design impilabile, montato a pavimento, senza cablaggi o fissaggi aggiuntivi. L'installazione e l'impiego sono rapidi e senza sforzo.<\/p>\n<p class=\"price\">La comodit\u00e0 \u00e8 garantita dal collegamento in rete automatico dei moduli per il monitoraggio remoto, la manutenzione e gli aggiornamenti del firmware.<\/p>\n<p><a href=\"https:\/\/ownpowr.com\/wp-content\/uploads\/2023\/12\/ai-w5.1-v1.7.pdf\" target=\"_blank\" rel=\"noopener\">Scheda tecnica Deye AI-W5.1<\/a><\/p>","protected":false},"excerpt":{"rendered":"<p>Deye AI-W15.3(LV) Il set contiene: 3 x AI-W5.1 1x AI-W5.1-PDU.1 1x AI-W5.1-Base Deye introduce una soluzione di batteria ad energia solare al litio ferro fosfato (LFP) pi\u00f9 sicura, affidabile e flessibile che [...]<\/p>","protected":false},"featured_media":10107,"template":"","meta":{"_seopress_robots_primary_cat":"none","_seopress_titles_title":"Deye AI-W15.3 LV: Reliable Compact LFP Solar Powered Battery Pack","_seopress_titles_desc":"Discover Deye AI-W15.3 Lithium Iron Phosphate (LFP) solar powered battery pack. Reliable, scalable, efficient, ideal for residential and commercial applications.","_seopress_robots_index":"","_kad_blocks_custom_css":"","_kad_blocks_head_custom_js":"","_kad_blocks_body_custom_js":"","_kad_blocks_footer_custom_js":""},"product_cat":[17],"product_tag":[],"class_list":{"0":"post-8075","1":"product","2":"type-product","3":"status-publish","4":"has-post-thumbnail","6":"product_cat-home-batteries","8":"first","9":"instock","10":"taxable","11":"shipping-taxable","12":"purchasable","13":"product-type-simple"},"taxonomy_info":{"product_cat":[{"value":17,"label":"Home batteries"}]},"featured_image_src_large":["https:\/\/ownpowr.com\/wp-content\/uploads\/2023\/12\/image-2.png",1000,1000,false],"author_info":[],"comment_info":"","_links":{"self":[{"href":"https:\/\/ownpowr.com\/it\/wp-json\/wp\/v2\/product\/8075","targetHints":{"allow":["GET"]}}],"collection":[{"href":"https:\/\/ownpowr.com\/it\/wp-json\/wp\/v2\/product"}],"about":[{"href":"https:\/\/ownpowr.com\/it\/wp-json\/wp\/v2\/types\/product"}],"wp:featuredmedia":[{"embeddable":true,"href":"https:\/\/ownpowr.com\/it\/wp-json\/wp\/v2\/media\/10107"}],"wp:attachment":[{"href":"https:\/\/ownpowr.com\/it\/wp-json\/wp\/v2\/media?parent=8075"}],"wp:term":[{"taxonomy":"product_cat","embeddable":true,"href":"https:\/\/ownpowr.com\/it\/wp-json\/wp\/v2\/product_cat?post=8075"},{"taxonomy":"product_tag","embeddable":true,"href":"https:\/\/ownpowr.com\/it\/wp-json\/wp\/v2\/product_tag?post=8075"}],"curies":[{"name":"wp","href":"https:\/\/api.w.org\/{rel}","templated":true}]}}