{"id":82540,"date":"2024-05-30T16:43:42","date_gmt":"2024-05-30T14:43:42","guid":{"rendered":"https:\/\/ownpowr.com\/?post_type=product&#038;p=82540"},"modified":"2025-08-25T14:37:23","modified_gmt":"2025-08-25T12:37:23","slug":"blauhoff-maxus-60k-192kwh-energy-storage-cabinet-liquid-cooling-with-ev-charger","status":"publish","type":"product","link":"https:\/\/ownpowr.com\/it\/product\/blauhoff-maxus-60k-192kwh-armadio-di-accumulo-di-energia-con-raffreddamento-a-liquido-e-caricatore-ev\/","title":{"rendered":"Blauhoff Maxus Cabinet di accumulo energetico da 60K\/192KWh Raffreddamento a liquido con caricatore EV"},"content":{"rendered":"<p>ATTENZIONE!<\/p>\n<p>Il montaggio viene effettuato dal suo installatore locale con l'aiuto del nostro personale tecnico.<\/p>\n<p>Blauhoff Maxus Armadio di accumulo di energia da 96 Kwh Raffreddato a liquido Garanzia 10 anni 8000 cicli con caricatore EV<\/p>\n<p>Possibilit\u00e0 di sovvenzione<\/p>\n<p>Celle prismatiche per la massima qualit\u00e0 e durata, 8000 cicli e 10 anni di garanzia sulle celle senza costi aggiuntivi e 5 anni sull'insieme.<\/p>\n<p>La maggior parte degli altri fornitori prevede 3-5 anni su celle e interi e poi bisogna pagare un extra, questo vale anche per l'EMS di Dijkman che utilizziamo, senza costi mensili e in grado di lavorare con il mercato dello squilibrio.<\/p>\n<p>ESS completamente integrato per facilitare il trasporto e l'O&amp;M.<\/p>\n<p>La batteria integrata con caricabatterie EV e il design modulare la rendono veloce da configurare e utilizzare per un massimo di 3 ore di lavoro.<\/p>\n<p>Blauhoff BLH-96kWh-Maxus, un ESS commerciale e industriale all-in-one con raffreddamento a liquido, \u00e8 integrato con convertitore di accumulo di energia, batteria, BMS, EMS, gestione termica, distribuzione di energia, protezione antincendio, caricatore Ev, ecc.<\/p>\n<p>Il design all-in-one \u00e8 facile da installare e O&amp;M e si interfaccia con tutti gli altri prodotti Maxus e commercia automaticamente con i prezzi dinamici dell'energia attraverso vari sistemi EMS.<\/p>\n<p>Il design di sicurezza del sistema garantisce migliori prestazioni della batteria e una maggiore durata della stessa.<br \/>\nvita. I set di armadietti multipli possono essere messi in parallelo fino a 30 unit\u00e0 per realizzare l'accumulo di energia.<br \/>\nespansione del sistema. \u00c8 super facilmente scalabile e portatile.<\/p>\n<p>Raffreddamento a liquido :<br \/>\nLa deriva termica delle celle della batteria<br \/>\nnell'intero sistema \u00e8 entro \u00b11,5\u00b0C grazie a<br \/>\nsistema di raffreddamento a liquido intelligente. Pu\u00f2<br \/>\nprolunga la durata del sistema fino a<br \/>\n30%, aumenta l'efficienza del sistema a lungo termine.<br \/>\nfino a 88,5%.<\/p>\n<p>Possibili extra<\/p>\n<p>Alimentazione di emergenza STS- 2 caricatori EV 20kw - inverter ibrido per collegamento pannelli ipv AC accoppiato<\/p>\n<p>Sicuro<br \/>\nIl sistema ha quattro livelli di gestione<br \/>\nstruttura che pu\u00f2 fornire un'accurata<br \/>\nprotezione da cortocircuito, sovracorrente<br \/>\nprotezione, protezione da sovratensione,<br \/>\nprotezione da sottotensione, sovratemperatura<br \/>\nprotezione, ecc.<\/p>\n<p>Certificati di sicurezza ed europei obbligatori, inverter e batterie:<\/p>\n<p>EN 50549-1 per l'inverter dell'Maxus ed \u00e8 applicabile alle unit\u00e0 di generazione di energia collegate a reti a bassa tensione e la EN 50549-2 \u00e8 applicabile alle unit\u00e0 di generazione di energia collegate a reti a media tensione.<\/p>\n<p>NEN-EN-IEC 62619:2022 - Pile e batterie secondarie contenenti elettroliti alcalini o altri elettroliti non acidi - Requisiti di sicurezza per pile e batterie secondarie al litio, per l'uso in applicazioni industriali<\/p>\n<p>NEN-EN-IEC 61000-6-2\u3001EN IEC 61000-6-4<\/p>\n<p>UL 9540A:2019 edizione 4 - Standard per il metodo di prova per la valutazione della propagazione termica dell'incendio di emergenza nei sistemi di accumulo di energia a batteria<\/p>\n<p>UN38.3<\/p>\n<p>VDE4100<\/p>","protected":false},"excerpt":{"rendered":"<p>ATTENZIONE ! L'assemblaggio viene eseguito dall'installatore locale con l'aiuto del nostro personale tecnico. Blauhoff Maxus Armadio di accumulo di energia da 96Kwh Raffreddato a liquido Garanzia 10Y 8000 cicli con EV [...]<\/p>","protected":false},"featured_media":82535,"template":"","meta":{"_seopress_robots_primary_cat":"none","_seopress_titles_title":"","_seopress_titles_desc":"","_seopress_robots_index":"","_kad_blocks_custom_css":"","_kad_blocks_head_custom_js":"","_kad_blocks_body_custom_js":"","_kad_blocks_footer_custom_js":""},"product_cat":[17,18,19],"product_tag":[],"class_list":{"0":"post-82540","1":"product","2":"type-product","3":"status-publish","4":"has-post-thumbnail","6":"product_cat-home-batteries","7":"product_cat-hybrid-inverters","8":"product_cat-sets-with-inverters","10":"first","11":"instock","12":"taxable","13":"shipping-taxable","14":"purchasable","15":"product-type-simple"},"taxonomy_info":{"product_cat":[{"value":17,"label":"Home batteries"},{"value":18,"label":"Hybrid inverters"},{"value":19,"label":"Sets with inverters"}]},"featured_image_src_large":["https:\/\/ownpowr.com\/wp-content\/uploads\/2024\/05\/photo-2024-02-21-15-07-10.jpg",800,800,false],"author_info":[],"comment_info":"","_links":{"self":[{"href":"https:\/\/ownpowr.com\/it\/wp-json\/wp\/v2\/product\/82540","targetHints":{"allow":["GET"]}}],"collection":[{"href":"https:\/\/ownpowr.com\/it\/wp-json\/wp\/v2\/product"}],"about":[{"href":"https:\/\/ownpowr.com\/it\/wp-json\/wp\/v2\/types\/product"}],"wp:featuredmedia":[{"embeddable":true,"href":"https:\/\/ownpowr.com\/it\/wp-json\/wp\/v2\/media\/82535"}],"wp:attachment":[{"href":"https:\/\/ownpowr.com\/it\/wp-json\/wp\/v2\/media?parent=82540"}],"wp:term":[{"taxonomy":"product_cat","embeddable":true,"href":"https:\/\/ownpowr.com\/it\/wp-json\/wp\/v2\/product_cat?post=82540"},{"taxonomy":"product_tag","embeddable":true,"href":"https:\/\/ownpowr.com\/it\/wp-json\/wp\/v2\/product_tag?post=82540"}],"curies":[{"name":"wp","href":"https:\/\/api.w.org\/{rel}","templated":true}]}}