{"id":1761,"date":"2023-08-31T23:36:30","date_gmt":"2023-08-31T21:36:30","guid":{"rendered":"https:\/\/ownpowr.com\/?page_id=1761"},"modified":"2023-09-11T14:41:36","modified_gmt":"2023-09-11T12:41:36","slug":"privacy-policy","status":"publish","type":"page","link":"https:\/\/ownpowr.com\/pl\/polityka-prywatnosci\/","title":{"rendered":"Polityka prywatno\u015bci"},"content":{"rendered":"<p>W Ownpowr, dost\u0119pnym pod adresem https:\/\/ownpowr.com, jednym z naszych g\u0142\u00f3wnych priorytet\u00f3w jest prywatno\u015b\u0107 naszych go\u015bci. Niniejsza Polityka prywatno\u015bci zawiera rodzaje informacji, kt\u00f3re s\u0105 gromadzone i rejestrowane przez Ownpowr oraz spos\u00f3b, w jaki je wykorzystujemy.<\/p><p>Je\u015bli maj\u0105 Pa\u0144stwo dodatkowe pytania lub potrzebuj\u0105 wi\u0119cej informacji na temat naszej Polityki prywatno\u015bci, prosimy o kontakt. Nasza Polityka prywatno\u015bci zosta\u0142a opracowana przy pomocy <a href=\"https:\/\/www.gdprprivacynotice.com\/\">Generator polityki prywatno\u015bci RODO<\/a><\/p><h3 class=\"wp-block-heading\">Og\u00f3lne rozporz\u0105dzenie o ochronie danych (RODO)<\/h3><p>Jeste\u015bmy administratorem Pa\u0144stwa danych.<\/p><p>Podstawa prawna gromadzenia i wykorzystywania przez Blauhoff danych osobowych opisanych w niniejszej Polityce prywatno\u015bci zale\u017cy od gromadzonych przez nas danych osobowych i konkretnego kontekstu, w kt\u00f3rym gromadzimy te informacje:<\/p><ul class=\"wp-block-list\"><li>Blauhoff musi zawrze\u0107 z Pa\u0144stwem umow\u0119<\/li>\n\n<li>Udzieli\u0142(a) Pan(i) firmie Blauhoff pozwolenia na takie dzia\u0142anie<\/li>\n\n<li>Przetwarzanie Pa\u0144stwa danych osobowych le\u017cy w uzasadnionym interesie Blauhoff<\/li>\n\n<li>Blauhoff musi przestrzega\u0107 prawa<\/li><\/ul><p>Blauhoff b\u0119dzie przechowywa\u0107 Pa\u0144stwa dane osobowe tylko tak d\u0142ugo, jak b\u0119dzie to konieczne do cel\u00f3w okre\u015blonych w niniejszej Polityce prywatno\u015bci. B\u0119dziemy przechowywa\u0107 i wykorzystywa\u0107 Pa\u0144stwa dane w zakresie niezb\u0119dnym do wype\u0142nienia naszych zobowi\u0105za\u0144 prawnych, rozstrzygania spor\u00f3w i egzekwowania naszych zasad.<\/p><p>Je\u015bli jest Pan\/Pani mieszka\u0144cem Europejskiego Obszaru Gospodarczego (EOG), przys\u0142uguj\u0105 Panu\/Pani pewne prawa do ochrony danych. Je\u015bli chc\u0105 Pa\u0144stwo uzyska\u0107 informacje o tym, jakie Pa\u0144stwa dane osobowe przechowujemy i je\u015bli chc\u0105 Pa\u0144stwo, aby zosta\u0142y one usuni\u0119te z naszych system\u00f3w, prosimy o kontakt.<\/p><p>W pewnych okoliczno\u015bciach przys\u0142uguj\u0105 Pa\u0144stwu nast\u0119puj\u0105ce prawa do ochrony danych:<\/p><ul class=\"wp-block-list\"><li>Prawo dost\u0119pu, aktualizacji lub usuni\u0119cia informacji, kt\u00f3re posiadamy na Pa\u0144stwa temat.<\/li>\n\n<li>Prawo do sprostowania.<\/li>\n\n<li>Prawo do sprzeciwu.<\/li>\n\n<li>Prawo do ogranicze\u0144.<\/li>\n\n<li>Prawo do przenoszenia danych<\/li>\n\n<li>Prawo do wycofania zgody<\/li><\/ul><h3 class=\"wp-block-heading\">Pliki dziennika<\/h3><p>Ownpowr stosuje standardow\u0105 procedur\u0119 korzystania z plik\u00f3w dziennika. Pliki te rejestruj\u0105 odwiedzaj\u0105cych, gdy odwiedzaj\u0105 strony internetowe. Robi\u0105 to wszystkie firmy hostingowe i jest to cz\u0119\u015b\u0107 analityki us\u0142ug hostingowych. Informacje gromadzone przez pliki dziennika obejmuj\u0105 adresy protoko\u0142u internetowego (IP), typ przegl\u0105darki, dostawc\u0119 us\u0142ug internetowych (ISP), znacznik daty i godziny, strony odsy\u0142aj\u0105ce \/ wyj\u015bciowe i ewentualnie liczb\u0119 klikni\u0119\u0107. Nie s\u0105 one powi\u0105zane z \u017cadnymi informacjami umo\u017cliwiaj\u0105cymi identyfikacj\u0119 osoby. Celem tych informacji jest analiza trend\u00f3w, administrowanie stron\u0105, \u015bledzenie ruchu u\u017cytkownik\u00f3w na stronie oraz gromadzenie informacji demograficznych.<\/p><h3 class=\"wp-block-heading\">Pliki cookie i sygna\u0142y nawigacyjne w sieci Web<\/h3><p>Jak ka\u017cda inna strona internetowa, Ownpowr u\u017cywa plik\u00f3w \"cookies\". Te pliki cookie s\u0142u\u017c\u0105 do przechowywania informacji, w tym preferencji odwiedzaj\u0105cych oraz stron w witrynie, do kt\u00f3rych odwiedzaj\u0105cy uzyska\u0142 dost\u0119p lub kt\u00f3re odwiedzi\u0142. Informacje te s\u0105 wykorzystywane do optymalizacji do\u015bwiadcze\u0144 u\u017cytkownik\u00f3w poprzez dostosowywanie zawarto\u015bci naszej strony internetowej w oparciu o typ przegl\u0105darki odwiedzaj\u0105cych i\/lub inne informacje.<\/p><h3 class=\"wp-block-heading\">Polityka prywatno\u015bci<\/h3><p>Mog\u0105 Pa\u0144stwo zapozna\u0107 si\u0119 z t\u0105 list\u0105, aby znale\u017a\u0107 polityk\u0119 prywatno\u015bci ka\u017cdego z partner\u00f3w reklamowych Ownpowr.<\/p><p>Zewn\u0119trzne serwery reklamowe lub sieci reklamowe wykorzystuj\u0105 technologie, takie jak pliki cookie, JavaScript lub sygna\u0142y nawigacyjne w sieci Web, kt\u00f3re s\u0105 u\u017cywane w odpowiednich reklamach i linkach wy\u015bwietlanych na Ownpowr, kt\u00f3re s\u0105 wysy\u0142ane bezpo\u015brednio do przegl\u0105darki u\u017cytkownika. W takim przypadku automatycznie otrzymuj\u0105 Pa\u0144stwa adres IP. Technologie te s\u0105 wykorzystywane do pomiaru skuteczno\u015bci kampanii reklamowych i\/lub personalizacji tre\u015bci reklamowych wy\u015bwietlanych na odwiedzanych przez Pa\u0144stwa stronach internetowych.<\/p><p>Prosz\u0119 zauwa\u017cy\u0107, \u017ce Ownpowr nie ma dost\u0119pu ani kontroli nad tymi plikami cookie, kt\u00f3re s\u0105 wykorzystywane przez zewn\u0119trznych reklamodawc\u00f3w.<\/p><h3 class=\"wp-block-heading\">Polityka prywatno\u015bci stron trzecich<\/h3><p>Polityka prywatno\u015bci Ownpowr nie ma zastosowania do innych reklamodawc\u00f3w lub stron internetowych. W zwi\u0105zku z tym zalecamy zapoznanie si\u0119 z odpowiednimi politykami prywatno\u015bci serwer\u00f3w reklamowych stron trzecich w celu uzyskania bardziej szczeg\u00f3\u0142owych informacji. Mo\u017ce to obejmowa\u0107 ich praktyki i instrukcje dotycz\u0105ce sposobu rezygnacji z niekt\u00f3rych opcji.<\/p><p>Mog\u0105 Pa\u0144stwo zdecydowa\u0107 si\u0119 na wy\u0142\u0105czenie plik\u00f3w cookie za pomoc\u0105 indywidualnych opcji przegl\u0105darki. Wi\u0119cej szczeg\u00f3\u0142owych informacji na temat zarz\u0105dzania plikami cookie w poszczeg\u00f3lnych przegl\u0105darkach internetowych mo\u017cna znale\u017a\u0107 na stronach internetowych tych przegl\u0105darek.<\/p><h3 class=\"wp-block-heading\">Informacje dla dzieci<\/h3><p>Kolejn\u0105 cz\u0119\u015bci\u0105 naszego priorytetu jest zapewnienie ochrony dzieciom podczas korzystania z Internetu. Zach\u0119camy rodzic\u00f3w i opiekun\u00f3w do obserwowania, uczestniczenia i\/lub monitorowania i kierowania ich aktywno\u015bci\u0105 online.<\/p><p>Ownpowr nie gromadzi \u015bwiadomie \u017cadnych danych osobowych od dzieci poni\u017cej 13 roku \u017cycia. Je\u015bli uwa\u017caj\u0105 Pa\u0144stwo, \u017ce Pa\u0144stwa dziecko poda\u0142o tego rodzaju informacje na naszej stronie internetowej, gor\u0105co zach\u0119camy do natychmiastowego skontaktowania si\u0119 z nami, a my do\u0142o\u017cymy wszelkich stara\u0144, aby niezw\u0142ocznie usun\u0105\u0107 takie informacje z naszych rejestr\u00f3w.<\/p><h3 class=\"wp-block-heading\">Tylko polityka prywatno\u015bci online<\/h3><p>Nasza Polityka prywatno\u015bci ma zastosowanie wy\u0142\u0105cznie do naszych dzia\u0142a\u0144 online i obowi\u0105zuje odwiedzaj\u0105cych nasz\u0105 stron\u0119 internetow\u0105 w odniesieniu do informacji, kt\u00f3re udost\u0119pniaj\u0105 i\/lub gromadz\u0105 w Ownpowr. Niniejsza polityka nie ma zastosowania do \u017cadnych informacji gromadzonych offline lub za po\u015brednictwem kana\u0142\u00f3w innych ni\u017c ta strona internetowa.<\/p><h3 class=\"wp-block-heading\">Zgoda<\/h3><p>Korzystaj\u0105c z naszej strony internetowej, niniejszym wyra\u017caj\u0105 Pa\u0144stwo zgod\u0119 na nasz\u0105 Polityk\u0119 prywatno\u015bci i akceptuj\u0105 jej warunki.<\/p>","protected":false},"excerpt":{"rendered":"<p>Na stronie Ownpowr, dost\u0119pnej pod adresem https:\/\/ownpowr.com, jednym z naszych g\u0142\u00f3wnych priorytet\u00f3w jest prywatno\u015b\u0107 odwiedzaj\u0105cych. Niniejszy dokument Polityki prywatno\u015bci zawiera rodzaje informacji, kt\u00f3re s\u0105 gromadzone i rejestrowane przez [...]<\/p>","protected":false},"author":1,"featured_media":0,"parent":0,"menu_order":0,"comment_status":"closed","ping_status":"closed","template":"","meta":{"_seopress_robots_primary_cat":"","_seopress_titles_title":"","_seopress_titles_desc":"","_seopress_robots_index":"","_kad_blocks_custom_css":"","_kad_blocks_head_custom_js":"","_kad_blocks_body_custom_js":"","_kad_blocks_footer_custom_js":"","footnotes":""},"class_list":["post-1761","page","type-page","status-publish"],"taxonomy_info":[],"featured_image_src_large":false,"author_info":{"display_name":"job-39sj@s9jal019","author_link":"https:\/\/ownpowr.com\/pl\/author\/job-39sjs9jal019\/"},"comment_info":0,"_links":{"self":[{"href":"https:\/\/ownpowr.com\/pl\/wp-json\/wp\/v2\/pages\/1761","targetHints":{"allow":["GET"]}}],"collection":[{"href":"https:\/\/ownpowr.com\/pl\/wp-json\/wp\/v2\/pages"}],"about":[{"href":"https:\/\/ownpowr.com\/pl\/wp-json\/wp\/v2\/types\/page"}],"author":[{"embeddable":true,"href":"https:\/\/ownpowr.com\/pl\/wp-json\/wp\/v2\/users\/1"}],"replies":[{"embeddable":true,"href":"https:\/\/ownpowr.com\/pl\/wp-json\/wp\/v2\/comments?post=1761"}],"version-history":[{"count":0,"href":"https:\/\/ownpowr.com\/pl\/wp-json\/wp\/v2\/pages\/1761\/revisions"}],"wp:attachment":[{"href":"https:\/\/ownpowr.com\/pl\/wp-json\/wp\/v2\/media?parent=1761"}],"curies":[{"name":"wp","href":"https:\/\/api.w.org\/{rel}","templated":true}]}}