{"id":22,"date":"2023-08-25T18:52:26","date_gmt":"2023-08-25T16:52:26","guid":{"rendered":"https:\/\/ownpowr.com\/?page_id=22"},"modified":"2023-09-11T14:43:48","modified_gmt":"2023-09-11T12:43:48","slug":"refund-returns","status":"publish","type":"page","link":"https:\/\/ownpowr.com\/pl\/zwrot-zwroty\/","title":{"rendered":"Polityka zwrot\u00f3w i refundacji"},"content":{"rendered":"<p>Czas dostawy produkt\u00f3w jest podany przy ka\u017cdym produkcie.<br>Ma\u0142e materia\u0142y, kt\u00f3re mog\u0105 by\u0107 wys\u0142ane paczk\u0105 pocztow\u0105, zazwyczaj dostarczamy w ci\u0105gu 1-2 dni.<br><br>Je\u015bli waga lub rozmiar nie s\u0105 odpowiednie dla paczki pocztowej, materia\u0142y zostan\u0105 dostarczone ci\u0119\u017car\u00f3wk\u0105. Um\u00f3wimy si\u0119 z Pa\u0144stwem z wyprzedzeniem na dzie\u0144, w kt\u00f3rym mog\u0105 Pa\u0144stwo otrzyma\u0107 materia\u0142y.<br><br>W dniu dostawy otrzymaj\u0105 Pa\u0144stwo rano przewidywany czas dostawy, jest to czas orientacyjny.<\/p><h3 class=\"wp-block-heading\"><strong>Czas dostawy<\/strong><\/h3><ul class=\"wp-block-list\"><li>Przesy\u0142ki pocztowe 1-2 dni<\/li>\n\n<li>Panele i materia\u0142y monta\u017cowe 1-4 dni Koszty wysy\u0142ki s\u0105 obliczane na podstawie zawarto\u015bci koszyka. Po umieszczeniu wszystkich materia\u0142\u00f3w w koszyku mog\u0105 Pa\u0144stwo zobaczy\u0107, ile wynosz\u0105 koszty wysy\u0142ki. Rzeczywiste koszty wysy\u0142ki s\u0105 znacznie wy\u017csze.<\/li><\/ul><ul class=\"wp-block-list\"><li>Paczka pocztowa do 23 kg \u20ac8.95<\/li>\n\n<li>Paczka pocztowa do 30 kg \u20ac12.50<\/li>\n\n<li>Dostawa ci\u0119\u017car\u00f3wk\u0105, od 25 do 85 euro, zostanie wskazana w koszyku. <strong>Zwroty \/ Prawo do odst\u0105pienia od umowy<\/strong> Maj\u0105 Pa\u0144stwo prawo do anulowania zam\u00f3wienia do 14 dni po jego otrzymaniu bez podania przyczyny. Je\u015bli zam\u00f3wili Pa\u0144stwo us\u0142ug\u0119, tak\u0105 jak instalacja paneli s\u0142onecznych. Prawo do odst\u0105pienia od umowy wygasa 14 dni po potwierdzeniu zam\u00f3wienia. Maj\u0105 Pa\u0144stwo kolejne 14 dni od anulowania zam\u00f3wienia na zwrot produktu. W\u00f3wczas zostanie Pa\u0144stwu zwr\u00f3cona pe\u0142na kwota zam\u00f3wienia, w tym koszty wysy\u0142ki. Jedynie koszty zwrotu z domu do sklepu internetowego s\u0105 ponoszone przez Pa\u0144stwa. Je\u015bli skorzystaj\u0105 Pa\u0144stwo z prawa do odst\u0105pienia od umowy, produkt zostanie zwr\u00f3cony przedsi\u0119biorcy wraz ze wszystkimi dostarczonymi akcesoriami oraz w oryginalnym stanie i opakowaniu. Aby skorzysta\u0107 z tego prawa, prosimy skontaktowa\u0107 si\u0119 z nami pod adresem info@ownpowr.com. Nast\u0119pnie zwr\u00f3cimy nale\u017cn\u0105 kwot\u0119 zam\u00f3wienia w ci\u0105gu 14 dni od powiadomienia Pa\u0144stwa o zwrocie, pod warunkiem, \u017ce produkt zosta\u0142 ju\u017c otrzymany w dobrym stanie. Adres zwrotu:<br>Licznik zwrotny Blauhoff BV, Heemstraweg 123, 6651 KH, Druten<\/li><\/ul><h3 class=\"wp-block-heading\"><strong>P\u0142atno\u015b\u0107 zwrotna<\/strong><\/h3><p>Po skorzystaniu z prawa do odst\u0105pienia od umowy otrzymaj\u0105 Pa\u0144stwo zwrot wszystkich p\u0142atno\u015bci, w tym koszt\u00f3w dostawy, w ci\u0105gu czternastu dni. Koszty przesy\u0142ki zwrotnej ponosz\u0105 Pa\u0144stwo we w\u0142asnym zakresie.<\/p><h3 class=\"wp-block-heading\"><strong>Wy\u0142\u0105czenie prawa do odst\u0105pienia od umowy<\/strong><\/h3><ul class=\"wp-block-list\"><li>Produkty niestandardowe lub z\u0142o\u017cone<\/li>\n\n<li>Akcesoria i materia\u0142y monta\u017cowe.<\/li>\n\n<li>Prace instalacyjne zosta\u0142y ju\u017c wykonane<\/li>\n\n<li>Klienci korporacyjni <strong>Kolekcja<\/strong> Sk\u0142adaj\u0105 Pa\u0144stwo zam\u00f3wienie z wyprzedzeniem w naszym sklepie internetowym i wybieraj\u0105 opcj\u0119 odbioru. Po przetworzeniu zam\u00f3wienia otrzymaj\u0105 Pa\u0144stwo wiadomo\u015b\u0107 e-mail z potwierdzeniem. Poinformuje on Pa\u0144stwa, kiedy b\u0119dzie mo\u017cna odebra\u0107 zam\u00f3wienie. Odbi\u00f3r jest mo\u017cliwy od poniedzia\u0142ku do pi\u0105tku w godzinach od 9 do 16. Musz\u0105 Pa\u0144stwo zap\u0142aci\u0107 z g\u00f3ry w sklepie internetowym.<\/li><\/ul>","protected":false},"excerpt":{"rendered":"<p>Czas dostawy produkt\u00f3w jest wymieniony przy ka\u017cdym produkcie. Ma\u0142e materia\u0142y, kt\u00f3re mo\u017cna wys\u0142a\u0107 paczk\u0105 pocztow\u0105, zwykle dostarczamy w ci\u0105gu 1-2 dni. Je\u015bli waga lub rozmiar [...]<\/p>","protected":false},"author":1,"featured_media":0,"parent":0,"menu_order":0,"comment_status":"closed","ping_status":"closed","template":"","meta":{"_seopress_robots_primary_cat":"","_seopress_titles_title":"","_seopress_titles_desc":"","_seopress_robots_index":"","_kad_blocks_custom_css":"","_kad_blocks_head_custom_js":"","_kad_blocks_body_custom_js":"","_kad_blocks_footer_custom_js":"","footnotes":""},"class_list":["post-22","page","type-page","status-publish"],"taxonomy_info":[],"featured_image_src_large":false,"author_info":{"display_name":"job-39sj@s9jal019","author_link":"https:\/\/ownpowr.com\/pl\/author\/job-39sjs9jal019\/"},"comment_info":0,"_links":{"self":[{"href":"https:\/\/ownpowr.com\/pl\/wp-json\/wp\/v2\/pages\/22","targetHints":{"allow":["GET"]}}],"collection":[{"href":"https:\/\/ownpowr.com\/pl\/wp-json\/wp\/v2\/pages"}],"about":[{"href":"https:\/\/ownpowr.com\/pl\/wp-json\/wp\/v2\/types\/page"}],"author":[{"embeddable":true,"href":"https:\/\/ownpowr.com\/pl\/wp-json\/wp\/v2\/users\/1"}],"replies":[{"embeddable":true,"href":"https:\/\/ownpowr.com\/pl\/wp-json\/wp\/v2\/comments?post=22"}],"version-history":[{"count":0,"href":"https:\/\/ownpowr.com\/pl\/wp-json\/wp\/v2\/pages\/22\/revisions"}],"wp:attachment":[{"href":"https:\/\/ownpowr.com\/pl\/wp-json\/wp\/v2\/media?parent=22"}],"curies":[{"name":"wp","href":"https:\/\/api.w.org\/{rel}","templated":true}]}}