{"id":10084,"date":"2024-04-04T12:26:29","date_gmt":"2024-04-04T10:26:29","guid":{"rendered":"https:\/\/ownpowr.com\/?post_type=product&#038;p=10084"},"modified":"2025-02-27T11:41:37","modified_gmt":"2025-02-27T09:41:37","slug":"deye-ai-w25-5-battery-module","status":"publish","type":"product","link":"https:\/\/ownpowr.com\/pl\/product\/modul-baterii-deye-ai-w25-5\/","title":{"rendered":"Deye AI-W5.1-B 25,6 kWh Magazyn energii LiFePO 4"},"content":{"rendered":"<p class=\"product_title entry-title\">Deye AI-W25.5(LV)<\/p>\n<p>Zestaw zawiera:<\/p>\n<p>5 x AI-W5.1<\/p>\n<p>1x AI-W5.1-PDU.1<\/p>\n<p>1x AI-W5.1-Base<\/p>\n<p>&nbsp;<\/p>\n<p class=\"price\">Deye wprowadza bezpieczniejsze, bardziej niezawodne i elastyczne rozwi\u0105zanie w postaci akumulatora litowo-\u017celazowo-fosforanowego (LFP) zasilanego energi\u0105 s\u0142oneczn\u0105, kt\u00f3re oferuje bezpieczne i niezawodne rozwi\u0105zanie do magazynowania energii zoptymalizowane do zastosowa\u0144 domowych i komercyjnych wymagaj\u0105cych zasilania w ciasnych przestrzeniach lub z ograniczeniami obci\u0105\u017cenia.<\/p>\n<p class=\"price\">Akumulator litowo-\u017celazowo-fosforanowy Deye zasilany energi\u0105 s\u0142oneczn\u0105 zapewnia bezpieczne i niezawodne rozwi\u0105zanie do magazynowania energii w zastosowaniach domowych i komercyjnych wymagaj\u0105cych zasilania w ciasnych przestrzeniach lub przy ograniczonym obci\u0105\u017ceniu. Kompaktowy i lekki, doskonale nadaje si\u0119 do urz\u0105dze\u0144 o du\u017cej mocy dzia\u0142aj\u0105cych w ograniczonych przestrzeniach, zapewniaj\u0105c d\u0142ugotrwa\u0142\u0105 wydajno\u015b\u0107 dzi\u0119ki wyd\u0142u\u017conemu cyklowi \u017cycia.<\/p>\n<p class=\"price\">Bezkobaltowy akumulator LFP oferuje wysok\u0105 g\u0119sto\u015b\u0107 mocy bez uszczerbku dla bezpiecze\u0144stwa. Inteligentny system zarz\u0105dzania bateri\u0105 (BMS) monitoruje krytyczne punkty danych ogniw, takie jak napi\u0119cie, pr\u0105d i temperatura, r\u00f3wnowa\u017c\u0105c \u0142adowanie i roz\u0142adowywanie, aby zmaksymalizowa\u0107 \u017cywotno\u015b\u0107 baterii.<\/p>\n<p class=\"price\">Pojemno\u015b\u0107 i moc wyj\u015bciow\u0105 mo\u017cna skalowa\u0107 poprzez r\u00f3wnoleg\u0142e po\u0142\u0105czenie wielu akumulator\u00f3w w zale\u017cno\u015bci od potrzeb. Wi\u0119ksze konfiguracje bank\u00f3w zapewniaj\u0105 wi\u0119ksz\u0105 pojemno\u015b\u0107 energetyczn\u0105 i d\u0142u\u017cszy czas pracy. Zbudowany z my\u015bl\u0105 o niezawodno\u015bci, akumulator obs\u0142uguje wysokie mo\u017cliwo\u015bci roz\u0142adowania, utrzymuj\u0105c dzia\u0142anie w temperaturach od -20\u00b0C do 55\u00b0C dzi\u0119ki klasie ochrony IP55 i naturalnemu ch\u0142odzeniu.<\/p>\n<p class=\"price\">Modu\u0142owe i elastyczne baterie z \u0142atwo\u015bci\u0105 zwi\u0119kszaj\u0105 pojemno\u015b\u0107 do 184 kWh poprzez \u0142\u0105czenie klastr\u00f3w po 36 jednostek.<\/p>\n<p class=\"price\">Ten zasilany energi\u0105 s\u0142oneczn\u0105 zestaw akumulator\u00f3w to przyjazna dla \u015brodowiska konstrukcja, kt\u00f3ra wykorzystuje nietoksyczne, wolne od zanieczyszcze\u0144 materia\u0142y. Instalacja jest uproszczona dzi\u0119ki mo\u017cliwo\u015bci uk\u0142adania w stosy, montowania na pod\u0142odze bez dodatkowego okablowania lub element\u00f3w mocuj\u0105cych. Konfiguracja i wdro\u017cenie s\u0105 szybkie i \u0142atwe.<\/p>\n<p class=\"price\">Wygod\u0119 zapewnia automatyczne \u0142\u0105czenie modu\u0142\u00f3w w sie\u0107 w celu zdalnego monitorowania, konserwacji i aktualizacji oprogramowania uk\u0142adowego.<\/p>\n<p><a href=\"https:\/\/ownpowr.com\/wp-content\/uploads\/2023\/12\/ai-w5.1-v1.7.pdf\" target=\"_blank\" rel=\"noopener\">Karta katalogowa Deye AI-W5.1<\/a><\/p>","protected":false},"excerpt":{"rendered":"<p>Deye AI-W25.5(LV) Zestaw zawiera: 5 x AI-W5.1 1x AI-W5.1-PDU.1 1x AI-W5.1-Base Deye wprowadza bezpieczniejsze, bardziej niezawodne i elastyczne rozwi\u0105zanie akumulator\u00f3w litowo-\u017celazowo-fosforanowych (LFP) zasilanych energi\u0105 s\u0142oneczn\u0105, kt\u00f3re [...]<\/p>","protected":false},"featured_media":10105,"template":"","meta":{"_seopress_robots_primary_cat":"none","_seopress_titles_title":"Deye AI-W25.5(LV): High Power, Eco-Friendly Solar Battery Pack","_seopress_titles_desc":"Introducing Deye AI-W25.5(LV) Set, an innovative LFP solar battery pack. Compact, efficient and reliable for residential and commercial usage. A safer energy solution!","_seopress_robots_index":"","_kad_blocks_custom_css":"","_kad_blocks_head_custom_js":"","_kad_blocks_body_custom_js":"","_kad_blocks_footer_custom_js":""},"product_cat":[17],"product_tag":[],"class_list":{"0":"post-10084","1":"product","2":"type-product","3":"status-publish","4":"has-post-thumbnail","6":"product_cat-home-batteries","8":"first","9":"instock","10":"taxable","11":"shipping-taxable","12":"purchasable","13":"product-type-simple"},"taxonomy_info":{"product_cat":[{"value":17,"label":"Home batteries"}]},"featured_image_src_large":["https:\/\/ownpowr.com\/wp-content\/uploads\/2023\/12\/image-4.png",1000,1000,false],"author_info":[],"comment_info":"","_links":{"self":[{"href":"https:\/\/ownpowr.com\/pl\/wp-json\/wp\/v2\/product\/10084","targetHints":{"allow":["GET"]}}],"collection":[{"href":"https:\/\/ownpowr.com\/pl\/wp-json\/wp\/v2\/product"}],"about":[{"href":"https:\/\/ownpowr.com\/pl\/wp-json\/wp\/v2\/types\/product"}],"wp:featuredmedia":[{"embeddable":true,"href":"https:\/\/ownpowr.com\/pl\/wp-json\/wp\/v2\/media\/10105"}],"wp:attachment":[{"href":"https:\/\/ownpowr.com\/pl\/wp-json\/wp\/v2\/media?parent=10084"}],"wp:term":[{"taxonomy":"product_cat","embeddable":true,"href":"https:\/\/ownpowr.com\/pl\/wp-json\/wp\/v2\/product_cat?post=10084"},{"taxonomy":"product_tag","embeddable":true,"href":"https:\/\/ownpowr.com\/pl\/wp-json\/wp\/v2\/product_tag?post=10084"}],"curies":[{"name":"wp","href":"https:\/\/api.w.org\/{rel}","templated":true}]}}