{"id":1090,"date":"2023-10-04T16:42:23","date_gmt":"2023-10-04T14:42:23","guid":{"rendered":"https:\/\/ownpowr.com\/product\/lg-chem-resu-6-5-prime\/"},"modified":"2025-02-27T12:49:47","modified_gmt":"2025-02-27T10:49:47","slug":"lg-chem-resu-6-5-prime","status":"publish","type":"product","link":"https:\/\/ownpowr.com\/pl\/product\/lg-chem-resu-6-5-prime\/","title":{"rendered":"LG Chem Resu 6.5 PRIME"},"content":{"rendered":"<p>&nbsp;<\/p>\n<p>LG CHEM RESU 6.5 LI-IO 6.5 kWh Bateria akumulator\u00f3w<\/p>\n<p>LG Chem ESS Residential Energy Storage System Kompatybilny z Sunny Island 3.0M, Sunny Island 4.4M, Sunny Island 6.0 H, SolaX, Sungrow, Schneider, Ingeteam, GoodWe, Redback, Victron Energy.<\/p>\n<p>RESU stanowi inteligentne rozwi\u0105zanie energetyczne dla gospodarstw domowych, skutecznie zmniejszaj\u0105c Pa\u0144stwa wydatki na energi\u0119 elektryczn\u0105 poprzez zarz\u0105dzanie szczytami. W po\u0142\u0105czeniu z systemami fotowoltaicznymi, RESU optymalizuje wykorzystanie samodzielnie wytworzonej energii elektrycznej, dodatkowo przyczyniaj\u0105c si\u0119 do oszcz\u0119dno\u015bci koszt\u00f3w. Co wi\u0119cej, RESU s\u0142u\u017cy jako niezawodne \u017ar\u00f3d\u0142o zasilania podczas nieoczekiwanych przerw w dostawie pr\u0105du.<\/p>\n<p>Specyfikacje techniczne dla RESU 6.5 ESS Storage:<\/p>\n<ul>\n<li>Oszcz\u0119dno\u015bci na rachunkach za energi\u0119 elektryczn\u0105: Efektywne zarz\u0105dzanie szczytami<\/li>\n<li>Wykorzystanie czystej energii z system\u00f3w fotowoltaicznych<\/li>\n<li>Niezawodne zasilanie<\/li>\n<li>Materia\u0142y przyjazne dla \u015brodowiska<\/li>\n<li>Niskie koszty utrzymania<\/li>\n<\/ul>\n<p>Kluczowe dane techniczne:<\/p>\n<ul>\n<li>Model: RESU 6.5<\/li>\n<li>Pojemno\u015b\u0107 energetyczna (kWh): 6.5<\/li>\n<li>Napi\u0119cie (V): 48<\/li>\n<li>Pojemno\u015b\u0107 (Ah): 126<\/li>\n<li>System zarz\u0105dzania akumulatorem (BMS): Zintegrowany<\/li>\n<li>Waga (kg): 52<\/li>\n<li>Wymiary (mm): Szeroko\u015b\u0107 452, Wysoko\u015b\u0107 654, G\u0142\u0119boko\u015b\u0107 120<\/li>\n<\/ul>","protected":false},"excerpt":{"rendered":"<p>&nbsp; LG CHEM RESU 6.5 LI-IO 6.5 kWh Akumulator LG Chem ESS Residential Energy Storage System Kompatybilny z Sunny Island 3.0M, Sunny Island 4.4M, Sunny Island 6.0 H, SolaX, [...]<\/p>","protected":false},"featured_media":1091,"template":"","meta":{"_seopress_robots_primary_cat":"none","_seopress_titles_title":"LG CHEM RESU 6.5 LI-IO: Smart Energy Solution for Homes","_seopress_titles_desc":"Lower your electricity bill with peak management, enhance self-consumption of self-generated electricity, and enjoy a reliable power source with LG Chem RESU 6.5 ESS storage battery.","_seopress_robots_index":"","_kad_blocks_custom_css":"","_kad_blocks_head_custom_js":"","_kad_blocks_body_custom_js":"","_kad_blocks_footer_custom_js":""},"product_cat":[17],"product_tag":[],"class_list":{"0":"post-1090","1":"product","2":"type-product","3":"status-publish","4":"has-post-thumbnail","6":"product_cat-home-batteries","8":"first","9":"instock","10":"sale","11":"taxable","12":"shipping-taxable","13":"purchasable","14":"product-type-simple"},"taxonomy_info":{"product_cat":[{"value":17,"label":"Home batteries"}]},"featured_image_src_large":["https:\/\/ownpowr.com\/wp-content\/uploads\/2023\/07\/Resu6.5.jpeg",600,540,false],"author_info":[],"comment_info":"","_links":{"self":[{"href":"https:\/\/ownpowr.com\/pl\/wp-json\/wp\/v2\/product\/1090","targetHints":{"allow":["GET"]}}],"collection":[{"href":"https:\/\/ownpowr.com\/pl\/wp-json\/wp\/v2\/product"}],"about":[{"href":"https:\/\/ownpowr.com\/pl\/wp-json\/wp\/v2\/types\/product"}],"wp:featuredmedia":[{"embeddable":true,"href":"https:\/\/ownpowr.com\/pl\/wp-json\/wp\/v2\/media\/1091"}],"wp:attachment":[{"href":"https:\/\/ownpowr.com\/pl\/wp-json\/wp\/v2\/media?parent=1090"}],"wp:term":[{"taxonomy":"product_cat","embeddable":true,"href":"https:\/\/ownpowr.com\/pl\/wp-json\/wp\/v2\/product_cat?post=1090"},{"taxonomy":"product_tag","embeddable":true,"href":"https:\/\/ownpowr.com\/pl\/wp-json\/wp\/v2\/product_tag?post=1090"}],"curies":[{"name":"wp","href":"https:\/\/api.w.org\/{rel}","templated":true}]}}